{"id":49,"date":"2025-10-31T15:02:59","date_gmt":"2025-10-31T14:02:59","guid":{"rendered":"https:\/\/www.javouhey-brest.fr\/college-javouhey\/?page_id=49"},"modified":"2026-05-05T10:34:06","modified_gmt":"2026-05-05T08:34:06","slug":"infos-pratiques","status":"publish","type":"page","link":"https:\/\/www.javouhey-brest.fr\/college-javouhey\/infos-pratiques\/","title":{"rendered":"Infos pratiques"},"content":{"rendered":"\n<div class=\"wp-block-group is-layout-constrained wp-block-group-is-layout-constrained\">\n<p class=\"has-text-align-center\"><sup>Horaires<\/sup><\/p>\n\n\n\n<h2 class=\"wp-block-heading has-text-align-center\"><strong><strong>Horaires de classe<\/strong><\/strong><\/h2>\n\n\n\n<figure class=\"wp-block-table aligncenter gutenberg__maxwidth500\"><table class=\"has-fixed-layout\"><tbody><tr><td class=\"has-text-align-center\" data-align=\"center\"><strong><strong>Lundi, Mardi, Jeudi, Vendredi<\/strong><\/strong><\/td><td class=\"has-text-align-center\" data-align=\"center\">8h10-12h05 \/ 13h20-17h05<\/td><\/tr><tr><td class=\"has-text-align-center\" data-align=\"center\"><strong><strong>Mercredi<\/strong><\/strong><\/td><td class=\"has-text-align-center\" data-align=\"center\">8h10-12h05<\/td><\/tr><\/tbody><\/table><\/figure>\n<\/div>\n\n\n\n<div class=\"wp-block-group is-layout-constrained wp-block-group-is-layout-constrained\">\n<p class=\"has-text-align-center\"><sup>Ressources<\/sup><\/p>\n\n\n\n<h2 class=\"wp-block-heading has-text-align-center\"><strong><strong>Nos documents \u00e0 t\u00e9l\u00e9charger<\/strong><\/strong><\/h2>\n\n\n\n<p><\/p>\n\n\n\n<div class=\"wp-block-buttons is-content-justification-center is-layout-flex wp-container-core-buttons-is-layout-16018d1d wp-block-buttons-is-layout-flex\">\n<div class=\"wp-block-button\"><a class=\"wp-block-button__link wp-element-button\" href=\"https:\/\/www.javouhey-brest.fr\/college-javouhey\/wp-content\/uploads\/sites\/5\/2026\/04\/AS_college_javouhey.pdf\" target=\"_blank\" rel=\"noreferrer noopener\">Association sportive<\/a><\/div>\n\n\n\n<div class=\"wp-block-button\"><a class=\"wp-block-button__link wp-element-button\" href=\"https:\/\/www.javouhey-brest.fr\/college-javouhey\/wp-content\/uploads\/sites\/5\/2026\/04\/Contrat_de_scolarisation_et_annexes.pdf\" target=\"_blank\" rel=\"noreferrer noopener\">Contrat de scolarisation<\/a><\/div>\n\n\n\n<div class=\"wp-block-button\"><a class=\"wp-block-button__link wp-element-button\" href=\"https:\/\/www.javouhey-brest.fr\/college-javouhey\/wp-content\/uploads\/sites\/5\/2026\/04\/Reglement_charte_info_droit_image_coll_JAV_2024-25-Copie.pdf\" target=\"_blank\" rel=\"noreferrer noopener\">R\u00e8glement informatique \/ charte droit \u00e0 l&rsquo;image<\/a><\/div>\n\n\n\n<div class=\"wp-block-button\"><a class=\"wp-block-button__link wp-element-button\" href=\"https:\/\/www.javouhey-brest.fr\/ecole-notre-dame-kerbonne\/wp-content\/uploads\/sites\/2\/2025\/11\/2024_Lettre_parents_confort_globale-1-1.pdf\">Mutuelle Saint-Christophe<\/a><\/div>\n\n\n\n<div class=\"wp-block-button\"><a class=\"wp-block-button__link wp-element-button\" href=\"https:\/\/www.javouhey-brest.fr\/college-javouhey\/wp-content\/uploads\/sites\/5\/2026\/04\/Fournitures_2025_2026_college_javouhey.pdf\" target=\"_blank\" rel=\"noreferrer noopener\">Fournitures 2025-2026<\/a><\/div>\n\n\n\n<div class=\"wp-block-button\"><a class=\"wp-block-button__link wp-element-button\" href=\"https:\/\/www.javouhey-brest.fr\/college-javouhey\/wp-content\/uploads\/sites\/5\/2026\/04\/Circulaire_de_rentree_college_javouhey.pdf\" target=\"_blank\" rel=\"noreferrer noopener\">Circulaire de rentr\u00e9e<\/a><\/div>\n\n\n\n<div class=\"wp-block-button\"><a class=\"wp-block-button__link wp-element-button\" href=\"https:\/\/www.javouhey-brest.fr\/college-javouhey\/wp-content\/uploads\/sites\/5\/2026\/04\/Circulaire_de_rentree_college_javouhey.pdf\" target=\"_blank\" rel=\"noreferrer noopener\">R\u00e8glement financier<\/a><\/div>\n<\/div>\n<\/div>\n\n\n\n<div class=\"wp-block-columns has-white-200-background-color has-background is-layout-flex wp-container-core-columns-is-layout-9d6595d7 wp-block-columns-is-layout-flex\">\n<div class=\"wp-block-column is-layout-flow wp-block-column-is-layout-flow\">\n<p class=\"has-text-align-left\"><sup>Tarifs<\/sup><\/p>\n\n\n\n<h2 class=\"wp-block-heading has-text-align-left\"><strong><strong>Co\u00fbt de la scolarit\u00e9<\/strong><\/strong><\/h2>\n\n\n\n<figure class=\"wp-block-table alignleft\"><table class=\"has-fixed-layout\"><tbody><tr><td class=\"has-text-align-center\" data-align=\"center\"><strong>Tarif boursier<\/strong><\/td><td class=\"has-text-align-center\" data-align=\"center\"><strong>Tarif de base<\/strong><\/td><td class=\"has-text-align-center\" data-align=\"center\"><strong><strong>Tarif volontaire<\/strong><\/strong><\/td><\/tr><tr><td class=\"has-text-align-center\" data-align=\"center\">67 \u20ac<\/td><td class=\"has-text-align-center\" data-align=\"center\">69 \u20ac<\/td><td class=\"has-text-align-center\" data-align=\"center\">72,40 \u20ac<\/td><\/tr><\/tbody><\/table><\/figure>\n\n\n\n<p>Ce tarif couvre la contribution scolaire, les cotisations diverses et tous autres frais \u00e0 l\u2019exception de ceux occasionn\u00e9s par un \u00e9ventuel voyage scolaire. Une r\u00e9duction de 50% de la contribution des familles est accord\u00e9e \u00e0 partir du 3\u00e8me enfant scolaris\u00e9 dans le groupe scolaire.<\/p>\n\n\n\n<p>\u00c0 partir de cette ann\u00e9e, nous faisons la proposition d\u2019un tarif volontaire de 72.40\u20ac par mois (724\u20ac\/an). Le tarif de base pr\u00e9vaut jusqu\u2019\u00e0 r\u00e9ception de la notification d\u2019attribution des bourses.<\/p>\n\n\n\n<p>Le paiement s\u2019effectue prioritairement par pr\u00e9l\u00e8vement mensuel sur 10 mois. Il peut \u00e9galement s\u2019effectuer par ch\u00e8que (selon le calendrier indiqu\u00e9<br>sur la facture de d\u00e9but d\u2019ann\u00e9e).<\/p>\n\n\n\n<p>Les familles qui rencontrent des difficult\u00e9s particuli\u00e8res doivent prendre contact avec le directeur d\u00e8s la rentr\u00e9e. Cette d\u00e9marche \u00e9vite d\u2019\u00e9ventuelles lettres de rappel et la remise du dossier \u00e0 un service de contentieux.<\/p>\n\n\n\n<h3 class=\"wp-block-heading\">Options sportives<\/h3>\n\n\n\n<ul class=\"wp-block-list\">\n<li>Escalade : <strong>140 \u20ac<\/strong><\/li>\n\n\n\n<li>Tennis de table : <strong>60 \u20ac<\/strong><\/li>\n<\/ul>\n\n\n\n<h2 class=\"wp-block-heading\">Assurance<\/h2>\n\n\n\n<p>L\u2019\u00e9tablissement a souscrit une assurance collective aupr\u00e8s de la Mutuelle Saint Christophe. De ce fait, l\u2019\u00e9l\u00e8ve b\u00e9n\u00e9ficie automatiquement 24h\/24 d\u2019une assurance \u00ab&nbsp;individuelle-accidents&nbsp;\u00bb s\u2019il est victime d\u2019un accident sans responsable identifi\u00e9, ainsi que d\u2019une assistance en cours de voyage scolaire.<\/p>\n\n\n\n<p>Cette assurance n\u2019est pas nominale. Elle ne remplace pas l\u2019assurance responsabilit\u00e9 civile obligatoire par le chef de famille.<\/p>\n\n\n\n<p>Elle ne couvre pas les dommages caus\u00e9s \u00e0 autrui.<\/p>\n\n\n\n<p><\/p>\n\n\n\n<h2 class=\"wp-block-heading\">Contacts<\/h2>\n\n\n\n<figure class=\"wp-block-table\"><table class=\"has-fixed-layout\"><tbody><tr><td class=\"has-text-align-center\" data-align=\"center\">Direction<\/td><td>M. Boulic<\/td><td>Chef d\u2019\u00e9tablissement<\/td><td>Sur rendez-vous<\/td><\/tr><tr><td class=\"has-text-align-center\" data-align=\"center\"><strong>Vie scolaire<\/strong><\/td><td>Mme. Stephan<\/td><td>Accueil des \u00e9l\u00e8ves (absences, retards\u2026)<\/td><td>08h10-12h05 \/ 13h20-17h05<\/td><\/tr><tr><td class=\"has-text-align-center\" data-align=\"center\"><strong>Secr\u00e9tariat<\/strong><\/td><td>Mme. Bry<\/td><td>Renseignements divers, inscriptions\u2026<\/td><td>08h00-12h15 \/ 13h00-17h00<\/td><\/tr><tr><td class=\"has-text-align-center\" data-align=\"center\"><strong>Niveaux 6\u00e8me et 5\u00e8me<\/strong><\/td><td>Mme. Conq<\/td><td>Responsable niveaux 6\u00e8me et 5\u00e8me<\/td><td>Sur rendez-vous<\/td><\/tr><tr><td class=\"has-text-align-center\" data-align=\"center\"><strong>Niveaux 4\u00e8me et 3\u00e8me<\/strong><\/td><td>Mme. Jourden<\/td><td>Responsable niveaux 4\u00e8me et 3\u00e8me<\/td><td>Sur rendez-vous<\/td><\/tr><\/tbody><\/table><\/figure>\n<\/div>\n\n\n\n<div class=\"wp-block-column is-vertically-aligned-top has-white-100-color has-college-background-color has-text-color has-background has-link-color wp-elements-f9e9c5e10952fd90d20fc9600835732c is-layout-flow wp-block-column-is-layout-flow\">\n<h3 class=\"wp-block-heading\"><strong>Restauration<\/strong><\/h3>\n\n\n\n<div class=\"wp-block-columns is-layout-flex wp-container-core-columns-is-layout-9d6595d7 wp-block-columns-is-layout-flex\">\n<div class=\"wp-block-column is-layout-flow wp-block-column-is-layout-flow\" style=\"flex-basis:96.7%\">\n<div class=\"wp-block-buttons is-horizontal is-content-justification-center is-nowrap is-layout-flex wp-container-core-buttons-is-layout-fc65f29c wp-block-buttons-is-layout-flex\">\n<div class=\"wp-block-button has-custom-width wp-block-button__width-100\"><a class=\"wp-block-button__link wp-element-button\" href=\"https:\/\/www.javouhey-brest.fr\/ecole-notre-dame-kerbonne\/wp-content\/uploads\/sites\/2\/2025\/11\/48.xls\">Voir le menu de la semaine<\/a><\/div>\n<\/div>\n<\/div>\n\n\n\n<div class=\"wp-block-column is-layout-flow wp-block-column-is-layout-flow\" style=\"flex-basis:100%\">\n<div class=\"wp-block-buttons is-content-justification-center is-layout-flex wp-container-core-buttons-is-layout-16018d1d wp-block-buttons-is-layout-flex\">\n<div class=\"wp-block-button has-custom-width wp-block-button__width-100\"><a class=\"wp-block-button__link wp-element-button\" href=\"https:\/\/www.javouhey-brest.fr\/ecole-notre-dame-kerbonne\/wp-content\/uploads\/sites\/2\/2025\/11\/48.xls\">Tableau des allerg\u00e8nes<\/a><\/div>\n<\/div>\n<\/div>\n<\/div>\n\n\n\n<p>FORFAIT DEMI -PENSION (4 JOURS)<br>Le montant mensuel s\u2019\u00e9l\u00e8ve \u00e0 90\u20ac. La demi-pension sera factur\u00e9e en d\u00e9but d\u2019ann\u00e9e, en m\u00eame temps que la contribution.<\/p>\n\n\n\n<p><strong>PAIEMENT<\/strong><br>Le paiement s\u2019effectue prioritairement par pr\u00e9l\u00e8vement mensuel sur 9 mois (d\u2019octobre \u00e0 juin). Il peut \u00e9galement s\u2019effectuer par ch\u00e8que (selon le<br>calendrier indiqu\u00e9 sur la facture de d\u00e9but d\u2019ann\u00e9e).<\/p>\n\n\n\n<p><strong>R\u00c9GIME<\/strong><br>Tout changement de r\u00e9gime en cours d\u2019ann\u00e9e, doit faire l\u2019objet d\u2019une demande \u00e9crite (aupr\u00e8s de la vie scolaire) avant les vacances de No\u00ebl et d\u2019avril.<\/p>\n\n\n\n<p><strong>ABSENCES<\/strong><br>\u00c0 partir de 5 jours d\u2019absence cons\u00e9cutifs, pour raisons m\u00e9dicales (certificat m\u00e9dical \u00e0 transmettre obligatoirement \u00e0 la comptabilit\u00e9), une d\u00e9duction des repas peut-\u00eatre effectu\u00e9e.&nbsp;Il n\u2019y aura pas de r\u00e9duction en cas d\u2019exclusion temporaire.<\/p>\n\n\n\n<p><strong>FACTURATION<\/strong><br>Pour les \u00e9l\u00e8ves mangeant occasionnellement au self, 1 \u00e0 3 jours par semaine : le r\u00e8glement devra se faire en amont sur \u00c9cole Directe.<br><strong>Prix repas unitaire externe : 6.40\u20ac<\/strong><\/p>\n\n\n\n<p>Les \u00e9l\u00e8ves recevront leur carte de self \u00e0 la rentr\u00e9e (les \u00e9l\u00e8ves d\u00e9j\u00e0 scolaris\u00e9s dans l\u2019\u00e9tablissement conservent la carte de l\u2019ann\u00e9e pr\u00e9c\u00e9dente).<br><strong>En cas de perte de carte, 10\u20ac seront demand\u00e9s \u00e0 l\u2019\u00e9l\u00e8ve.<\/strong><\/p>\n<\/div>\n<\/div>\n\n\n\n<p><\/p>\n","protected":false},"excerpt":{"rendered":"<p>Horaires Horaires de classe Lundi, Mardi, Jeudi, Vendredi 8h10-12h05 \/ 13h20-17h05 Mercredi 8h10-12h05 Ressources Nos documents \u00e0 t\u00e9l\u00e9charger Tarifs Co\u00fbt de la scolarit\u00e9 Tarif boursier Tarif de base Tarif volontaire 67 \u20ac 69 \u20ac 72,40 \u20ac Ce tarif couvre la contribution scolaire, les cotisations diverses et tous autres frais \u00e0 l\u2019exception de ceux occasionn\u00e9s par [&hellip;]<\/p>\n","protected":false},"author":1,"featured_media":0,"parent":0,"menu_order":9,"comment_status":"closed","ping_status":"closed","template":"","meta":{"_acf_changed":false,"footnotes":""},"class_list":["post-49","page","type-page","status-publish","hentry"],"acf":[],"_links":{"self":[{"href":"https:\/\/www.javouhey-brest.fr\/college-javouhey\/wp-json\/wp\/v2\/pages\/49","targetHints":{"allow":["GET"]}}],"collection":[{"href":"https:\/\/www.javouhey-brest.fr\/college-javouhey\/wp-json\/wp\/v2\/pages"}],"about":[{"href":"https:\/\/www.javouhey-brest.fr\/college-javouhey\/wp-json\/wp\/v2\/types\/page"}],"author":[{"embeddable":true,"href":"https:\/\/www.javouhey-brest.fr\/college-javouhey\/wp-json\/wp\/v2\/users\/1"}],"replies":[{"embeddable":true,"href":"https:\/\/www.javouhey-brest.fr\/college-javouhey\/wp-json\/wp\/v2\/comments?post=49"}],"version-history":[{"count":7,"href":"https:\/\/www.javouhey-brest.fr\/college-javouhey\/wp-json\/wp\/v2\/pages\/49\/revisions"}],"predecessor-version":[{"id":26326,"href":"https:\/\/www.javouhey-brest.fr\/college-javouhey\/wp-json\/wp\/v2\/pages\/49\/revisions\/26326"}],"wp:attachment":[{"href":"https:\/\/www.javouhey-brest.fr\/college-javouhey\/wp-json\/wp\/v2\/media?parent=49"}],"curies":[{"name":"wp","href":"https:\/\/api.w.org\/{rel}","templated":true}]}}