{"id":65,"date":"2025-10-31T15:05:52","date_gmt":"2025-10-31T14:05:52","guid":{"rendered":"https:\/\/www.javouhey-brest.fr\/college-javouhey\/?page_id=65"},"modified":"2026-05-05T10:33:22","modified_gmt":"2026-05-05T08:33:22","slug":"nous-contacter","status":"publish","type":"page","link":"https:\/\/www.javouhey-brest.fr\/college-javouhey\/nous-contacter\/","title":{"rendered":"Nous contacter"},"content":{"rendered":"\n<p>L&rsquo;\u00e9quipe du Coll\u00e8ge Anne-Marie Javouhey est \u00e0 votre \u00e9coute. N&rsquo;h\u00e9sitez pas \u00e0 nous contacter pour toute question ou demande d&rsquo;information.<\/p>\n\n\n\n<h3 class=\"wp-block-heading\">Coordonn\u00e9es<\/h3>\n\n\n\n<figure class=\"wp-block-table\"><table class=\"has-fixed-layout\"><tbody><tr><td><strong>Accueil \/ Vie scolaire<\/strong><\/td><td>\ud83d\udcde 02 98 45 08 02<\/td><\/tr><tr><td><strong>Secr\u00e9tariat<\/strong><\/td><td>\ud83d\udcde 02 98 45 17 70<\/td><\/tr><tr><td><strong>Email<\/strong><\/td><td><a href=\"mailto:accueil@groupeamj.net\">accueil@groupeamj.net<\/a><\/td><\/tr><\/tbody><\/table><\/figure>\n\n\n\n<h3 class=\"wp-block-heading\">Vos interlocuteurs<\/h3>\n\n\n\n<ul class=\"wp-block-list\">\n<li><strong>Mme Stephan<\/strong> \u2014 Accueil \/ Site coll\u00e8ge<\/li>\n\n\n\n<li><strong>Mme Bry<\/strong> \u2014 Secr\u00e9tariat<\/li>\n<\/ul>\n\n\n\n<div class=\"wp-block-contact-form-7-contact-form-selector\">\n<div class=\"wpcf7 no-js\" id=\"wpcf7-f95-o1\" lang=\"fr-FR\" dir=\"ltr\" data-wpcf7-id=\"95\">\n<div class=\"screen-reader-response\"><p role=\"status\" aria-live=\"polite\" aria-atomic=\"true\"><\/p> <ul><\/ul><\/div>\n<form action=\"\/college-javouhey\/wp-json\/wp\/v2\/pages\/65#wpcf7-f95-o1\" method=\"post\" class=\"wpcf7-form init\" aria-label=\"Formulaire de contact\" novalidate=\"novalidate\" data-status=\"init\">\n<fieldset class=\"hidden-fields-container\"><input type=\"hidden\" name=\"_wpcf7\" value=\"95\" \/><input type=\"hidden\" name=\"_wpcf7_version\" value=\"6.1.5\" \/><input type=\"hidden\" name=\"_wpcf7_locale\" value=\"fr_FR\" \/><input type=\"hidden\" name=\"_wpcf7_unit_tag\" value=\"wpcf7-f95-o1\" \/><input type=\"hidden\" name=\"_wpcf7_container_post\" value=\"0\" \/><input type=\"hidden\" name=\"_wpcf7_posted_data_hash\" value=\"\" \/><input type=\"hidden\" name=\"_wpcf7_recaptcha_response\" value=\"\" \/>\n<\/fieldset>\n<p><span class=\"wpcf7-form-control-wrap\" data-name=\"nomprenom\"><input size=\"40\" maxlength=\"400\" class=\"wpcf7-form-control wpcf7-text wpcf7-validates-as-required\" aria-required=\"true\" aria-invalid=\"false\" placeholder=\"Pr\u00e9nom &amp; Nom\" value=\"\" type=\"text\" name=\"nomprenom\" \/><\/span><br \/>\n<span class=\"wpcf7-form-control-wrap\" data-name=\"email\"><input size=\"40\" maxlength=\"400\" class=\"wpcf7-form-control wpcf7-email wpcf7-validates-as-required wpcf7-text wpcf7-validates-as-email\" aria-required=\"true\" aria-invalid=\"false\" placeholder=\"Email\" value=\"\" type=\"email\" name=\"email\" \/><\/span><br \/>\n<span class=\"wpcf7-form-control-wrap\" data-name=\"objet\"><input size=\"40\" maxlength=\"400\" class=\"wpcf7-form-control wpcf7-text wpcf7-validates-as-required\" aria-required=\"true\" aria-invalid=\"false\" placeholder=\"Objet\" value=\"\" type=\"text\" name=\"objet\" \/><\/span><br \/>\n<span class=\"wpcf7-form-control-wrap\" data-name=\"message\"><textarea cols=\"40\" rows=\"10\" maxlength=\"2000\" class=\"wpcf7-form-control wpcf7-textarea\" aria-invalid=\"false\" placeholder=\"Message\" name=\"message\"><\/textarea><\/span>\n<\/p>\n<p><button type=\"submit\" class=\"button button--blue-200\"><br \/>\nEnvoyer ce message<br \/>\n<\/button>\n<\/p><div class=\"wpcf7-response-output\" aria-hidden=\"true\"><\/div>\n<\/form>\n<\/div>\n<\/div>\n","protected":false},"excerpt":{"rendered":"<p>L&rsquo;\u00e9quipe du Coll\u00e8ge Anne-Marie Javouhey est \u00e0 votre \u00e9coute. N&rsquo;h\u00e9sitez pas \u00e0 nous contacter pour toute question ou demande d&rsquo;information. Coordonn\u00e9es Accueil \/ Vie scolaire \ud83d\udcde 02 98 45 08 02 Secr\u00e9tariat \ud83d\udcde 02 98 45 17 70 Email accueil@groupeamj.net Vos interlocuteurs<\/p>\n","protected":false},"author":1,"featured_media":0,"parent":0,"menu_order":2,"comment_status":"closed","ping_status":"closed","template":"pages\/contact.php","meta":{"_acf_changed":false,"footnotes":""},"class_list":["post-65","page","type-page","status-publish","hentry"],"acf":[],"_links":{"self":[{"href":"https:\/\/www.javouhey-brest.fr\/college-javouhey\/wp-json\/wp\/v2\/pages\/65","targetHints":{"allow":["GET"]}}],"collection":[{"href":"https:\/\/www.javouhey-brest.fr\/college-javouhey\/wp-json\/wp\/v2\/pages"}],"about":[{"href":"https:\/\/www.javouhey-brest.fr\/college-javouhey\/wp-json\/wp\/v2\/types\/page"}],"author":[{"embeddable":true,"href":"https:\/\/www.javouhey-brest.fr\/college-javouhey\/wp-json\/wp\/v2\/users\/1"}],"replies":[{"embeddable":true,"href":"https:\/\/www.javouhey-brest.fr\/college-javouhey\/wp-json\/wp\/v2\/comments?post=65"}],"version-history":[{"count":10,"href":"https:\/\/www.javouhey-brest.fr\/college-javouhey\/wp-json\/wp\/v2\/pages\/65\/revisions"}],"predecessor-version":[{"id":26325,"href":"https:\/\/www.javouhey-brest.fr\/college-javouhey\/wp-json\/wp\/v2\/pages\/65\/revisions\/26325"}],"wp:attachment":[{"href":"https:\/\/www.javouhey-brest.fr\/college-javouhey\/wp-json\/wp\/v2\/media?parent=65"}],"curies":[{"name":"wp","href":"https:\/\/api.w.org\/{rel}","templated":true}]}}