{"id":12,"date":"2025-10-31T14:46:40","date_gmt":"2025-10-31T13:46:40","guid":{"rendered":"https:\/\/www.javouhey-brest.fr\/college-notre-dame-kerbonne\/?page_id=12"},"modified":"2026-04-06T11:36:57","modified_gmt":"2026-04-06T09:36:57","slug":"presentation","status":"publish","type":"page","link":"https:\/\/www.javouhey-brest.fr\/college-notre-dame-kerbonne\/accueil\/presentation\/","title":{"rendered":"Pr\u00e9sentation"},"content":{"rendered":"<h2>Pr\u00e9sentation du Coll\u00e8ge Notre Dame de Kerbonne<\/h2>\n<p>Notre \u00e9tablissement est un lieu d&rsquo;apprentissage dynamique, accueillant et ax\u00e9 sur la r\u00e9ussite et l&rsquo;\u00e9panouissement de chaque \u00e9l\u00e8ve. Le succ\u00e8s de l&rsquo;\u00e9l\u00e8ve repose sur une collaboration solide entre l&rsquo;\u00e9quipe \u00e9ducative et les familles.<\/p>\n<h3>Situation &amp; cadre<\/h3>\n<p>Coll\u00e8ge situ\u00e9 \u00e0 Brest, dans un environnement calme et s\u00e9curis\u00e9 (quartier Kerbonne, faisant partie du Groupe Scolaire Javouhey Rive-Droite). Un coll\u00e8ge \u00e0 taille humaine, accueillant environ 177 \u00e9l\u00e8ves, ce qui permet un suivi individualis\u00e9 et une ambiance conviviale. Des locaux enti\u00e8rement r\u00e9nov\u00e9s et des \u00e9quipements modernes.<\/p>\n<h3>Nos valeurs<\/h3>\n<p>Notre projet d&rsquo;\u00e9tablissement est ax\u00e9 sur la <strong>bienveillance<\/strong>, le <strong>respect<\/strong>, la <strong>citoyennet\u00e9<\/strong> et l&rsquo;acquisition des fondamentaux pour l&rsquo;\u00e9panouissement de chaque jeune. Nous mettons l&rsquo;accent sur l&rsquo;excellence et l&rsquo;engagement afin de soutenir la r\u00e9ussite de chacun.<\/p>\n<h3>Nos sp\u00e9cialit\u00e9s<\/h3>\n<ul>\n<li><strong>\u00c9ducation Artistique et Culturelle (EAC)<\/strong> \u2014 Semaine artistique en 6\u00e8me : danse, th\u00e9\u00e2tre, arts plastiques, musique<\/li>\n<li><strong>Section Linguistique Am\u00e9ricaine<\/strong> \u2014 Enseignement en immersion par des natifs, 4h\/semaine d\u00e8s la 6\u00e8me<\/li>\n<li><strong>Culture Sportive<\/strong> \u2014 Sections badminton, basket (unique en Bretagne), voile (unique \u00e0 Brest)<\/li>\n<li><strong>Pastorale<\/strong> \u2014 Accompagnement spirituel, club pastoral, temps forts No\u00ebl et P\u00e2ques<\/li>\n<\/ul>\n","protected":false},"excerpt":{"rendered":"<p>Pr\u00e9sentation du Coll\u00e8ge Notre Dame de Kerbonne Notre \u00e9tablissement est un lieu d&rsquo;apprentissage dynamique, accueillant et ax\u00e9 sur la r\u00e9ussite et l&rsquo;\u00e9panouissement de chaque \u00e9l\u00e8ve. Le succ\u00e8s de l&rsquo;\u00e9l\u00e8ve repose sur une collaboration solide entre l&rsquo;\u00e9quipe \u00e9ducative et les familles. Situation &amp; cadre Coll\u00e8ge situ\u00e9 \u00e0 Brest, dans un environnement calme et s\u00e9curis\u00e9 (quartier Kerbonne, [&hellip;]<\/p>\n","protected":false},"author":1,"featured_media":0,"parent":9,"menu_order":6,"comment_status":"closed","ping_status":"closed","template":"","meta":{"_acf_changed":false,"footnotes":""},"class_list":["post-12","page","type-page","status-publish","hentry"],"acf":[],"_links":{"self":[{"href":"https:\/\/www.javouhey-brest.fr\/college-notre-dame-kerbonne\/wp-json\/wp\/v2\/pages\/12","targetHints":{"allow":["GET"]}}],"collection":[{"href":"https:\/\/www.javouhey-brest.fr\/college-notre-dame-kerbonne\/wp-json\/wp\/v2\/pages"}],"about":[{"href":"https:\/\/www.javouhey-brest.fr\/college-notre-dame-kerbonne\/wp-json\/wp\/v2\/types\/page"}],"author":[{"embeddable":true,"href":"https:\/\/www.javouhey-brest.fr\/college-notre-dame-kerbonne\/wp-json\/wp\/v2\/users\/1"}],"replies":[{"embeddable":true,"href":"https:\/\/www.javouhey-brest.fr\/college-notre-dame-kerbonne\/wp-json\/wp\/v2\/comments?post=12"}],"version-history":[{"count":2,"href":"https:\/\/www.javouhey-brest.fr\/college-notre-dame-kerbonne\/wp-json\/wp\/v2\/pages\/12\/revisions"}],"predecessor-version":[{"id":115,"href":"https:\/\/www.javouhey-brest.fr\/college-notre-dame-kerbonne\/wp-json\/wp\/v2\/pages\/12\/revisions\/115"}],"up":[{"embeddable":true,"href":"https:\/\/www.javouhey-brest.fr\/college-notre-dame-kerbonne\/wp-json\/wp\/v2\/pages\/9"}],"wp:attachment":[{"href":"https:\/\/www.javouhey-brest.fr\/college-notre-dame-kerbonne\/wp-json\/wp\/v2\/media?parent=12"}],"curies":[{"name":"wp","href":"https:\/\/api.w.org\/{rel}","templated":true}]}}