{"id":14,"date":"2025-10-31T14:46:49","date_gmt":"2025-10-31T13:46:49","guid":{"rendered":"https:\/\/www.javouhey-brest.fr\/college-notre-dame-kerbonne\/?page_id=14"},"modified":"2026-05-11T16:18:58","modified_gmt":"2026-05-11T14:18:58","slug":"projet-pedagogique","status":"publish","type":"page","link":"https:\/\/www.javouhey-brest.fr\/college-notre-dame-kerbonne\/accueil\/projet-pedagogique\/","title":{"rendered":"Projet p\u00e9dagogique"},"content":{"rendered":"\n<p>Le projet p\u00e9dagogique du Coll\u00e8ge Notre Dame de Kerbonne vise \u00e0 former des \u00e9l\u00e8ves curieux, autonomes et engag\u00e9s, capables de se construire un esprit critique et de s&rsquo;ouvrir sur le monde.<\/p>\n\n\n\n<h3 class=\"wp-block-heading\">Un apprentissage actif et cr\u00e9atif<\/h3>\n\n\n\n<p>Nous favorisons l&rsquo;<strong>apprentissage actif<\/strong>, la cr\u00e9ativit\u00e9 et l&rsquo;ouverture culturelle. Des temps forts structurent l&rsquo;ann\u00e9e : projets de pr\u00e9vention, \u00e9ducation aux m\u00e9dias et \u00e0 l&rsquo;image, forum des m\u00e9tiers au format \u00ab job dating \u00bb avec des professionnels.<\/p>\n\n\n\n<h3 class=\"wp-block-heading\">Des projets concrets<\/h3>\n\n\n\n<ul class=\"wp-block-list\">\n<li>Forum des m\u00e9tiers (format \u00ab job dating \u00bb)<\/li>\n\n\n\n<li>Projets de pr\u00e9vention et d&rsquo;\u00e9ducation aux m\u00e9dias<\/li>\n\n\n\n<li>Conseil Graines d&rsquo;Artistes : projets innovants autour des arts et de la culture<\/li>\n\n\n\n<li>D\u00e9l\u00e9gu\u00e9s et \u00e9co-d\u00e9l\u00e9gu\u00e9s : responsabilisation des \u00e9l\u00e8ves<\/li>\n<\/ul>\n\n\n\n<h3 class=\"wp-block-heading\">Un coll\u00e8ge \u00e0 taille humaine<\/h3>\n\n\n\n<p>177 \u00e9l\u00e8ves, des locaux enti\u00e8rement r\u00e9nov\u00e9s, des \u00e9quipements modernes \u2014 un cadre propice \u00e0 la r\u00e9ussite et \u00e0 l&rsquo;\u00e9panouissement de chaque jeune.<\/p>\n\n\n\n<h3 class=\"wp-block-heading\">Une solide ma\u00eetrise des fondamentaux<\/h3>\n\n\n\n<p>Tout en valorisant la cr\u00e9ativit\u00e9 et l&rsquo;ouverture, nous veillons \u00e0 doter les \u00e9l\u00e8ves d&rsquo;une solide ma\u00eetrise de la langue fran\u00e7aise, des math\u00e9matiques et de l&rsquo;anglais, bases indispensables pour leur parcours futur.<\/p>\n","protected":false},"excerpt":{"rendered":"<p>Le projet p\u00e9dagogique du Coll\u00e8ge Notre Dame de Kerbonne vise \u00e0 former des \u00e9l\u00e8ves curieux, autonomes et engag\u00e9s, capables de se construire un esprit critique et de s&rsquo;ouvrir sur le monde. Un apprentissage actif et cr\u00e9atif Nous favorisons l&rsquo;apprentissage actif, la cr\u00e9ativit\u00e9 et l&rsquo;ouverture culturelle. Des temps forts structurent l&rsquo;ann\u00e9e : projets de pr\u00e9vention, \u00e9ducation [&hellip;]<\/p>\n","protected":false},"author":1,"featured_media":26267,"parent":9,"menu_order":7,"comment_status":"closed","ping_status":"closed","template":"","meta":{"_acf_changed":false,"footnotes":""},"class_list":["post-14","page","type-page","status-publish","has-post-thumbnail","hentry"],"acf":[],"_links":{"self":[{"href":"https:\/\/www.javouhey-brest.fr\/college-notre-dame-kerbonne\/wp-json\/wp\/v2\/pages\/14","targetHints":{"allow":["GET"]}}],"collection":[{"href":"https:\/\/www.javouhey-brest.fr\/college-notre-dame-kerbonne\/wp-json\/wp\/v2\/pages"}],"about":[{"href":"https:\/\/www.javouhey-brest.fr\/college-notre-dame-kerbonne\/wp-json\/wp\/v2\/types\/page"}],"author":[{"embeddable":true,"href":"https:\/\/www.javouhey-brest.fr\/college-notre-dame-kerbonne\/wp-json\/wp\/v2\/users\/1"}],"replies":[{"embeddable":true,"href":"https:\/\/www.javouhey-brest.fr\/college-notre-dame-kerbonne\/wp-json\/wp\/v2\/comments?post=14"}],"version-history":[{"count":5,"href":"https:\/\/www.javouhey-brest.fr\/college-notre-dame-kerbonne\/wp-json\/wp\/v2\/pages\/14\/revisions"}],"predecessor-version":[{"id":26272,"href":"https:\/\/www.javouhey-brest.fr\/college-notre-dame-kerbonne\/wp-json\/wp\/v2\/pages\/14\/revisions\/26272"}],"up":[{"embeddable":true,"href":"https:\/\/www.javouhey-brest.fr\/college-notre-dame-kerbonne\/wp-json\/wp\/v2\/pages\/9"}],"wp:featuredmedia":[{"embeddable":true,"href":"https:\/\/www.javouhey-brest.fr\/college-notre-dame-kerbonne\/wp-json\/wp\/v2\/media\/26267"}],"wp:attachment":[{"href":"https:\/\/www.javouhey-brest.fr\/college-notre-dame-kerbonne\/wp-json\/wp\/v2\/media?parent=14"}],"curies":[{"name":"wp","href":"https:\/\/api.w.org\/{rel}","templated":true}]}}