{"id":64,"date":"2025-10-31T14:54:59","date_gmt":"2025-10-31T13:54:59","guid":{"rendered":"https:\/\/www.javouhey-brest.fr\/college-notre-dame-kerbonne\/?page_id=64"},"modified":"2026-05-03T21:33:35","modified_gmt":"2026-05-03T19:33:35","slug":"nous-contacter","status":"publish","type":"page","link":"https:\/\/www.javouhey-brest.fr\/college-notre-dame-kerbonne\/nous-contacter\/","title":{"rendered":"Nous contacter"},"content":{"rendered":"\n<p>L&rsquo;\u00e9quipe du Coll\u00e8ge Notre Dame de Kerbonne est \u00e0 votre disposition pour r\u00e9pondre \u00e0 toutes vos questions.<\/p>\n\n\n\n<h3 class=\"wp-block-heading\">Accueil \/ Secr\u00e9tariat<\/h3>\n\n\n\n<p>\ud83d\udcde&nbsp;<strong>02 98 45 17 28<\/strong><br>\u2709\ufe0f&nbsp;<a href=\"mailto:accueil.kerbonne@groupeamj.net\">accueil.kerbonne@groupeamj.net<\/a><\/p>\n\n\n\n<div class=\"wp-block-contact-form-7-contact-form-selector\">\n<div class=\"wpcf7 no-js\" id=\"wpcf7-f94-o1\" lang=\"fr-FR\" dir=\"ltr\" data-wpcf7-id=\"94\">\n<div class=\"screen-reader-response\"><p role=\"status\" aria-live=\"polite\" aria-atomic=\"true\"><\/p> <ul><\/ul><\/div>\n<form action=\"\/college-notre-dame-kerbonne\/wp-json\/wp\/v2\/pages\/64#wpcf7-f94-o1\" method=\"post\" class=\"wpcf7-form init\" aria-label=\"Formulaire de contact\" novalidate=\"novalidate\" data-status=\"init\">\n<fieldset class=\"hidden-fields-container\"><input type=\"hidden\" name=\"_wpcf7\" value=\"94\" \/><input type=\"hidden\" name=\"_wpcf7_version\" value=\"6.1.5\" \/><input type=\"hidden\" name=\"_wpcf7_locale\" value=\"fr_FR\" \/><input type=\"hidden\" name=\"_wpcf7_unit_tag\" value=\"wpcf7-f94-o1\" \/><input type=\"hidden\" name=\"_wpcf7_container_post\" value=\"0\" \/><input type=\"hidden\" name=\"_wpcf7_posted_data_hash\" value=\"\" \/><input type=\"hidden\" name=\"_wpcf7_recaptcha_response\" value=\"\" \/>\n<\/fieldset>\n<p><span class=\"wpcf7-form-control-wrap\" data-name=\"nomprenom\"><input size=\"40\" maxlength=\"400\" class=\"wpcf7-form-control wpcf7-text wpcf7-validates-as-required\" aria-required=\"true\" aria-invalid=\"false\" placeholder=\"Pr\u00e9nom &amp; Nom\" value=\"\" type=\"text\" name=\"nomprenom\" \/><\/span><br \/>\n<span class=\"wpcf7-form-control-wrap\" data-name=\"email\"><input size=\"40\" maxlength=\"400\" class=\"wpcf7-form-control wpcf7-email wpcf7-validates-as-required wpcf7-text wpcf7-validates-as-email\" aria-required=\"true\" aria-invalid=\"false\" placeholder=\"Email\" value=\"\" type=\"email\" name=\"email\" \/><\/span><br \/>\n<span class=\"wpcf7-form-control-wrap\" data-name=\"objet\"><input size=\"40\" maxlength=\"400\" class=\"wpcf7-form-control wpcf7-text wpcf7-validates-as-required\" aria-required=\"true\" aria-invalid=\"false\" placeholder=\"Objet\" value=\"\" type=\"text\" name=\"objet\" \/><\/span><br \/>\n<span class=\"wpcf7-form-control-wrap\" data-name=\"message\"><textarea cols=\"40\" rows=\"10\" maxlength=\"2000\" class=\"wpcf7-form-control wpcf7-textarea\" aria-invalid=\"false\" placeholder=\"Message\" name=\"message\"><\/textarea><\/span>\n<\/p>\n<p><button type=\"submit\" class=\"button button--blue-200\"><br \/>\nEnvoyer ce message<br \/>\n<\/button>\n<\/p><div class=\"wpcf7-response-output\" aria-hidden=\"true\"><\/div>\n<\/form>\n<\/div>\n<\/div>\n","protected":false},"excerpt":{"rendered":"<p>L&rsquo;\u00e9quipe du Coll\u00e8ge Notre Dame de Kerbonne est \u00e0 votre disposition pour r\u00e9pondre \u00e0 toutes vos questions. Accueil \/ Secr\u00e9tariat \ud83d\udcde&nbsp;02 98 45 17 28\u2709\ufe0f&nbsp;accueil.kerbonne@groupeamj.net<\/p>\n","protected":false},"author":1,"featured_media":0,"parent":0,"menu_order":2,"comment_status":"closed","ping_status":"closed","template":"pages\/contact.php","meta":{"_acf_changed":false,"footnotes":""},"class_list":["post-64","page","type-page","status-publish","hentry"],"acf":[],"_links":{"self":[{"href":"https:\/\/www.javouhey-brest.fr\/college-notre-dame-kerbonne\/wp-json\/wp\/v2\/pages\/64","targetHints":{"allow":["GET"]}}],"collection":[{"href":"https:\/\/www.javouhey-brest.fr\/college-notre-dame-kerbonne\/wp-json\/wp\/v2\/pages"}],"about":[{"href":"https:\/\/www.javouhey-brest.fr\/college-notre-dame-kerbonne\/wp-json\/wp\/v2\/types\/page"}],"author":[{"embeddable":true,"href":"https:\/\/www.javouhey-brest.fr\/college-notre-dame-kerbonne\/wp-json\/wp\/v2\/users\/1"}],"replies":[{"embeddable":true,"href":"https:\/\/www.javouhey-brest.fr\/college-notre-dame-kerbonne\/wp-json\/wp\/v2\/comments?post=64"}],"version-history":[{"count":7,"href":"https:\/\/www.javouhey-brest.fr\/college-notre-dame-kerbonne\/wp-json\/wp\/v2\/pages\/64\/revisions"}],"predecessor-version":[{"id":26236,"href":"https:\/\/www.javouhey-brest.fr\/college-notre-dame-kerbonne\/wp-json\/wp\/v2\/pages\/64\/revisions\/26236"}],"wp:attachment":[{"href":"https:\/\/www.javouhey-brest.fr\/college-notre-dame-kerbonne\/wp-json\/wp\/v2\/media?parent=64"}],"curies":[{"name":"wp","href":"https:\/\/api.w.org\/{rel}","templated":true}]}}