{"id":15,"date":"2025-10-31T14:35:46","date_gmt":"2025-10-31T13:35:46","guid":{"rendered":"https:\/\/www.javouhey-brest.fr\/ecole-javouhey\/?page_id=15"},"modified":"2026-04-27T15:24:54","modified_gmt":"2026-04-27T13:24:54","slug":"projet-educatif","status":"publish","type":"page","link":"https:\/\/www.javouhey-brest.fr\/ecole-javouhey\/accueil\/projet-educatif\/","title":{"rendered":"Projet \u00e9ducatif"},"content":{"rendered":"\n<p class=\"has-text-align-center\">Le projet \u00e9ducatif de l&rsquo;\u00c9cole Javouhey s&rsquo;articule autour de trois piliers fondamentaux : <br><strong>l&rsquo;excellence acad\u00e9mique<\/strong>, <strong>l&rsquo;\u00e9panouissement de la personne<\/strong> et <strong>l&rsquo;ouverture aux autres<\/strong>.<\/p>\n\n\n\n<div class=\"wp-block-group is-layout-grid wp-container-core-group-is-layout-baef362d wp-block-group-is-layout-grid\">\n<div class=\"wp-block-group has-white-100-color has-blue-200-background-color has-text-color has-background has-link-color wp-elements-1f4145338507da8994e32db0e97cfcb2 is-layout-constrained wp-block-group-is-layout-constrained\">\n<h2 class=\"wp-block-heading\">Former des \u00e9l\u00e8ves curieux et autonomes<\/h2>\n\n\n\n<p>Nous encourageons chaque enfant \u00e0 d\u00e9velopper sa curiosit\u00e9 intellectuelle, son esprit critique et son go\u00fbt de l&rsquo;effort. L&rsquo;autonomie et la responsabilit\u00e9 sont des valeurs cultiv\u00e9es d\u00e8s le plus jeune \u00e2ge.<\/p>\n<\/div>\n\n\n\n<div class=\"wp-block-group has-white-200-background-color has-background wp-container-content-5e2576f9 is-layout-constrained wp-block-group-is-layout-constrained\">\n<h2 class=\"wp-block-heading\">Accompagner chaque enfant dans sa singularit\u00e9<\/h2>\n\n\n\n<p>Chaque \u00e9l\u00e8ve est unique. Notre \u00e9quipe p\u00e9dagogique veille \u00e0 respecter le rythme d&rsquo;apprentissage de chacun et \u00e0 proposer des dispositifs d&rsquo;aide adapt\u00e9s aux besoins individuels.<\/p>\n<\/div>\n\n\n\n<div class=\"wp-block-group has-blue-100-color has-white-200-background-color has-text-color has-background has-link-color wp-elements-f48e03ef57fae25a18587086bdd934d0 wp-container-content-5e2576f9 is-layout-constrained wp-block-group-is-layout-constrained\">\n<h2 class=\"wp-block-heading\">\u00c9duquer \u00e0 la citoyennet\u00e9 et \u00e0 la solidarit\u00e9<\/h2>\n\n\n\n<p>L&rsquo;\u00c9cole Javouhey pr\u00e9pare ses \u00e9l\u00e8ves \u00e0 devenir des citoyens responsables, capables de vivre ensemble dans le respect de la diff\u00e9rence et de contribuer positivement \u00e0 la soci\u00e9t\u00e9.<\/p>\n<\/div>\n\n\n\n<div class=\"wp-block-group has-white-100-color has-blue-100-background-color has-text-color has-background has-link-color wp-elements-7b0f59178cd3c636a0dc0f9cfcf03f04 is-layout-constrained wp-block-group-is-layout-constrained\">\n<h2 class=\"wp-block-heading\">Un lien fort avec les familles<\/h2>\n\n\n\n<p>La r\u00e9ussite de chaque enfant repose sur un partenariat de confiance entre l&rsquo;\u00e9cole et les familles. Des \u00e9changes r\u00e9guliers, des rencontres et une communication transparente sont au c\u0153ur de notre d\u00e9marche.<\/p>\n<\/div>\n<\/div>\n\n\n\n<p><\/p>\n","protected":false},"excerpt":{"rendered":"<p>Le projet \u00e9ducatif de l&rsquo;\u00c9cole Javouhey s&rsquo;articule autour de trois piliers fondamentaux : l&rsquo;excellence acad\u00e9mique, l&rsquo;\u00e9panouissement de la personne et l&rsquo;ouverture aux autres. Former des \u00e9l\u00e8ves curieux et autonomes Nous encourageons chaque enfant \u00e0 d\u00e9velopper sa curiosit\u00e9 intellectuelle, son esprit critique et son go\u00fbt de l&rsquo;effort. L&rsquo;autonomie et la responsabilit\u00e9 sont des valeurs cultiv\u00e9es d\u00e8s [&hellip;]<\/p>\n","protected":false},"author":1,"featured_media":0,"parent":8,"menu_order":5,"comment_status":"closed","ping_status":"closed","template":"","meta":{"_acf_changed":false,"footnotes":""},"class_list":["post-15","page","type-page","status-publish","hentry"],"acf":[],"_links":{"self":[{"href":"https:\/\/www.javouhey-brest.fr\/ecole-javouhey\/wp-json\/wp\/v2\/pages\/15","targetHints":{"allow":["GET"]}}],"collection":[{"href":"https:\/\/www.javouhey-brest.fr\/ecole-javouhey\/wp-json\/wp\/v2\/pages"}],"about":[{"href":"https:\/\/www.javouhey-brest.fr\/ecole-javouhey\/wp-json\/wp\/v2\/types\/page"}],"author":[{"embeddable":true,"href":"https:\/\/www.javouhey-brest.fr\/ecole-javouhey\/wp-json\/wp\/v2\/users\/1"}],"replies":[{"embeddable":true,"href":"https:\/\/www.javouhey-brest.fr\/ecole-javouhey\/wp-json\/wp\/v2\/comments?post=15"}],"version-history":[{"count":3,"href":"https:\/\/www.javouhey-brest.fr\/ecole-javouhey\/wp-json\/wp\/v2\/pages\/15\/revisions"}],"predecessor-version":[{"id":26305,"href":"https:\/\/www.javouhey-brest.fr\/ecole-javouhey\/wp-json\/wp\/v2\/pages\/15\/revisions\/26305"}],"up":[{"embeddable":true,"href":"https:\/\/www.javouhey-brest.fr\/ecole-javouhey\/wp-json\/wp\/v2\/pages\/8"}],"wp:attachment":[{"href":"https:\/\/www.javouhey-brest.fr\/ecole-javouhey\/wp-json\/wp\/v2\/media?parent=15"}],"curies":[{"name":"wp","href":"https:\/\/api.w.org\/{rel}","templated":true}]}}