{"id":164,"date":"2025-10-31T14:25:23","date_gmt":"2025-10-31T13:25:23","guid":{"rendered":"https:\/\/www.javouhey-brest.fr\/ecole-notre-dame-kerbonne\/?page_id=164"},"modified":"2026-04-12T11:34:27","modified_gmt":"2026-04-12T09:34:27","slug":"projet-educatif","status":"publish","type":"page","link":"https:\/\/www.javouhey-brest.fr\/ecole-notre-dame-kerbonne\/accueil\/projet-educatif\/","title":{"rendered":"Projet \u00e9ducatif"},"content":{"rendered":"\n<div class=\"wp-block-media-text has-media-on-the-right is-stacked-on-mobile is-image-fill-element has-white-200-background-color has-background\"><div class=\"wp-block-media-text__content\">\n<div class=\"wp-block-group is-layout-constrained wp-block-group-is-layout-constrained\">\n<p class=\"has-blue-100-color has-text-color has-link-color wp-elements-c2a79a396d0a25eec5dea40d1ac16710\">Se donner un projet \u00e9ducatif, c\u2019est adopter une \u00ab attitude commune \u00bb \u00e0 toute la communaut\u00e9. Il suppose un accord profond quant au but poursuivi et un consensus quant aux moyens \u00e0 mettre en \u0153uvre pour assurer la formation globale de l\u2019enfant et l\u2019aider \u00e0 d\u00e9velopper sa personnalit\u00e9.<\/p>\n\n\n\n<p class=\"has-blue-100-color has-text-color has-link-color wp-elements-c764592023ad2f1aee6618b1015855b4\"><strong>Le projet \u00e9ducatif de l\u2019\u00e9cole Notre Dame de Kerbonne s\u2019appuie sur quatre piliers<\/strong> :<\/p>\n\n\n\n<ul class=\"wp-block-list has-blue-100-color has-text-color has-link-color wp-elements-7ec085b67434f973a60c9f39a04f8900\">\n<li>Le chef d\u2019\u00e9tablissement et l\u2019\u00e9quipe p\u00e9dagogique.<\/li>\n\n\n\n<li>La tutelle des s\u0153urs de Cluny<\/li>\n\n\n\n<li>L\u2019O.G.E.C<\/li>\n\n\n\n<li>L\u2019A.P.E.L<\/li>\n<\/ul>\n<\/div>\n<\/div><figure class=\"wp-block-media-text__media\"><img loading=\"lazy\" decoding=\"async\" width=\"755\" height=\"1024\" src=\"https:\/\/www.javouhey-brest.fr\/ecole-notre-dame-kerbonne\/wp-content\/uploads\/sites\/2\/2025\/10\/Mask-group-2-755x1024.jpg\" alt=\"\" class=\"wp-image-115 size-full\" style=\"object-position:50% 50%\" srcset=\"https:\/\/www.javouhey-brest.fr\/ecole-notre-dame-kerbonne\/wp-content\/uploads\/sites\/2\/2025\/10\/Mask-group-2-755x1024.jpg 755w, https:\/\/www.javouhey-brest.fr\/ecole-notre-dame-kerbonne\/wp-content\/uploads\/sites\/2\/2025\/10\/Mask-group-2-221x300.jpg 221w, https:\/\/www.javouhey-brest.fr\/ecole-notre-dame-kerbonne\/wp-content\/uploads\/sites\/2\/2025\/10\/Mask-group-2.jpg 758w\" sizes=\"auto, (max-width: 755px) 100vw, 755px\" \/><\/figure><\/div>\n\n\n\n<div class=\"wp-block-media-text is-stacked-on-mobile is-image-fill-element\" style=\"grid-template-columns:40% auto\"><figure class=\"wp-block-media-text__media\"><img loading=\"lazy\" decoding=\"async\" width=\"1024\" height=\"683\" src=\"https:\/\/www.javouhey-brest.fr\/ecole-notre-dame-kerbonne\/wp-content\/uploads\/sites\/2\/2025\/11\/ecole-javouhey-1024x683.png\" alt=\"\" class=\"wp-image-223 size-full\" style=\"object-position:50% 50%\" srcset=\"https:\/\/www.javouhey-brest.fr\/ecole-notre-dame-kerbonne\/wp-content\/uploads\/sites\/2\/2025\/11\/ecole-javouhey-1024x683.png 1024w, https:\/\/www.javouhey-brest.fr\/ecole-notre-dame-kerbonne\/wp-content\/uploads\/sites\/2\/2025\/11\/ecole-javouhey-300x200.png 300w, https:\/\/www.javouhey-brest.fr\/ecole-notre-dame-kerbonne\/wp-content\/uploads\/sites\/2\/2025\/11\/ecole-javouhey-768x512.png 768w, https:\/\/www.javouhey-brest.fr\/ecole-notre-dame-kerbonne\/wp-content\/uploads\/sites\/2\/2025\/11\/ecole-javouhey-1536x1024.png 1536w, https:\/\/www.javouhey-brest.fr\/ecole-notre-dame-kerbonne\/wp-content\/uploads\/sites\/2\/2025\/11\/ecole-javouhey.png 1620w\" sizes=\"auto, (max-width: 1024px) 100vw, 1024px\" \/><\/figure><div class=\"wp-block-media-text__content\">\n<h2 class=\"wp-block-heading\">Nos valeurs<\/h2>\n\n\n\n<p>Voici les valeurs fortes sur lesquelles nous voulons fonder notre communaut\u00e9 \u00e9ducative :<\/p>\n\n\n\n<ul class=\"wp-block-list\">\n<li><strong>L\u2019\u00e9cole Notre Dame de Kerbonne est ouverte sur la vie ext\u00e9rieure.<\/strong>&nbsp;Elle ne doit pas \u00eatre un milieu ferm\u00e9 mais favoriser l\u2019ouverture de l\u2019enfant sur le monde. Pour cela elle s\u2019engage \u00e0 mettre en \u0153uvre une p\u00e9dagogie adapt\u00e9e.<\/li>\n\n\n\n<li><strong>L\u2019\u00e9cole Notre Dame de Kerbonne est ouverte \u00e0 tous dans la tol\u00e9rance et le respect.<\/strong>&nbsp;Chaque enfant doit se sentir accueilli et reconnu. Tout enfant a le droit d\u2019\u00eatre \u00e9cout\u00e9 et encourag\u00e9.<\/li>\n\n\n\n<li><strong>Pour r\u00e9ussir sa mission \u00e9ducative, l\u2019\u00e9cole ne peut se replier sur elle-m\u00eame. Les enfants, les enseignants, le personnel, forment une communaut\u00e9.<\/strong>&nbsp;Celle-ci se veut en collaboration \u00e9troite avec les parents et leurs repr\u00e9sentants \u00e9lus \u00e0 L\u2019APEL, (parents correspondants) avec qui sont organis\u00e9s des rencontres, des \u00e9changes et diff\u00e9rentes animations tout au long de l\u2019ann\u00e9e, ainsi qu\u2019avec les nombreux b\u00e9n\u00e9voles qui \u0153uvrent au quotidien \u00e0 l\u2019\u00e9cole.<\/li>\n\n\n\n<li><strong>L\u2019\u00e9cole est un lieu d\u2019apprentissage.<\/strong>&nbsp;Notre \u00e9cole veut aider chacun : \u00e0 r\u00e9fl\u00e9chir, choisir, d\u00e9cider ; \u00e0 aller au bout de ses choix.<\/li>\n\n\n\n<li><strong>Grandir dans la libert\u00e9 et la responsabilit\u00e9 demande la reconnaissance d\u2019une autorit\u00e9 et l\u2019acceptation d\u2019une certaine discipline<\/strong>.<\/li>\n\n\n\n<li><strong>Notre \u00e9cole est un \u00e9tablissement catholique ouvert \u00e0 tous.<\/strong>&nbsp;Par d\u00e9cision du dioc\u00e8se les \u00e9coles catholiques du Finist\u00e8re se trouvent dans 2 situations : \u00e9veil religieux ou cat\u00e9ch\u00e8se (pr\u00e9paration aux sacrements). Nous sommes dans la premi\u00e8re situation et ne pr\u00e9parons donc pas aux sacrements. Des \u00e9changes r\u00e9guliers ont lieu cependant avec l\u2019\u00e9quipe des cat\u00e9chistes de la Paroisse. Tout au long de l\u2019ann\u00e9e, de courts temps de pri\u00e8re, de partage, des actions d\u2019ouverture sur les autres et sur le monde, des actions humanitaires ainsi que des propositions compl\u00e9mentaires (ateliers pri\u00e8res) cr\u00e9ent un climat religieux. Nos c\u00e9l\u00e9brations de rentr\u00e9e, de No\u00ebl, de l\u2019Epiphanie, de P\u00e2ques ou de fin d\u2019ann\u00e9e scolaire, sont les temps forts de l\u2019ann\u00e9e liturgique auxquels les parents sont invit\u00e9s.<\/li>\n<\/ul>\n<\/div><\/div>\n","protected":false},"excerpt":{"rendered":"","protected":false},"author":1,"featured_media":307,"parent":47,"menu_order":4,"comment_status":"closed","ping_status":"closed","template":"","meta":{"_acf_changed":false,"footnotes":""},"class_list":["post-164","page","type-page","status-publish","has-post-thumbnail","hentry"],"acf":[],"_links":{"self":[{"href":"https:\/\/www.javouhey-brest.fr\/ecole-notre-dame-kerbonne\/wp-json\/wp\/v2\/pages\/164","targetHints":{"allow":["GET"]}}],"collection":[{"href":"https:\/\/www.javouhey-brest.fr\/ecole-notre-dame-kerbonne\/wp-json\/wp\/v2\/pages"}],"about":[{"href":"https:\/\/www.javouhey-brest.fr\/ecole-notre-dame-kerbonne\/wp-json\/wp\/v2\/types\/page"}],"author":[{"embeddable":true,"href":"https:\/\/www.javouhey-brest.fr\/ecole-notre-dame-kerbonne\/wp-json\/wp\/v2\/users\/1"}],"replies":[{"embeddable":true,"href":"https:\/\/www.javouhey-brest.fr\/ecole-notre-dame-kerbonne\/wp-json\/wp\/v2\/comments?post=164"}],"version-history":[{"count":22,"href":"https:\/\/www.javouhey-brest.fr\/ecole-notre-dame-kerbonne\/wp-json\/wp\/v2\/pages\/164\/revisions"}],"predecessor-version":[{"id":455,"href":"https:\/\/www.javouhey-brest.fr\/ecole-notre-dame-kerbonne\/wp-json\/wp\/v2\/pages\/164\/revisions\/455"}],"up":[{"embeddable":true,"href":"https:\/\/www.javouhey-brest.fr\/ecole-notre-dame-kerbonne\/wp-json\/wp\/v2\/pages\/47"}],"wp:featuredmedia":[{"embeddable":true,"href":"https:\/\/www.javouhey-brest.fr\/ecole-notre-dame-kerbonne\/wp-json\/wp\/v2\/media\/307"}],"wp:attachment":[{"href":"https:\/\/www.javouhey-brest.fr\/ecole-notre-dame-kerbonne\/wp-json\/wp\/v2\/media?parent=164"}],"curies":[{"name":"wp","href":"https:\/\/api.w.org\/{rel}","templated":true}]}}