{"id":181,"date":"2025-10-31T14:28:43","date_gmt":"2025-10-31T13:28:43","guid":{"rendered":"https:\/\/www.javouhey-brest.fr\/ecole-notre-dame-kerbonne\/?page_id=181"},"modified":"2026-05-05T17:49:04","modified_gmt":"2026-05-05T15:49:04","slug":"information-pratiques","status":"publish","type":"page","link":"https:\/\/www.javouhey-brest.fr\/ecole-notre-dame-kerbonne\/information-pratiques\/","title":{"rendered":"Infos pratiques"},"content":{"rendered":"\n<div class=\"wp-block-group is-layout-constrained wp-block-group-is-layout-constrained\">\n<p class=\"has-text-align-center\"><sup>Horaires<\/sup><\/p>\n\n\n\n<h2 class=\"wp-block-heading has-text-align-center\"><strong><strong>Horaires de classe<\/strong><\/strong><\/h2>\n\n\n\n<figure class=\"wp-block-table aligncenter gutenberg__maxwidth500\"><table class=\"has-fixed-layout\"><tbody><tr><td class=\"has-text-align-center\" data-align=\"center\"><\/td><td class=\"has-text-align-center\" data-align=\"center\"><strong><strong>Lundi, Mardi, Jeudi, Vendredi<\/strong><\/strong><\/td><\/tr><tr><td class=\"has-text-align-center\" data-align=\"center\">Maternelles<\/td><td class=\"has-text-align-center\" data-align=\"center\">8h45-11h45 \/ 13h15-16h30<\/td><\/tr><tr><td class=\"has-text-align-center\" data-align=\"center\">Primaires<\/td><td class=\"has-text-align-center\" data-align=\"center\">8h45-11h45 \/ 13h15-16h30<\/td><\/tr><\/tbody><\/table><\/figure>\n<\/div>\n\n\n\n<div class=\"wp-block-media-text has-media-on-the-right is-stacked-on-mobile has-white-200-background-color has-background\"><div class=\"wp-block-media-text__content\">\n<h2 class=\"wp-block-heading\">La garderie et l\u2019\u00e9tude<\/h2>\n\n\n\n<p>Le tarif appliqu\u00e9 sera de 0.80\u20ac par tranche de 15 minutes, bar\u00e8me d\u00e9compt\u00e9 au \u00bc d\u2019heure commenc\u00e9. La facturation mensuelle sera limit\u00e9e<br>\u00e0 hauteur de 33\u20ac pour la garderie du matin et 33\u20ac pour celle du soir.<\/p>\n\n\n\n<p>Nous rappelons le syst\u00e8me de gestion des services de garderie et \u00e9tude d\u00e9sormais en vigueur (pointage informatis\u00e9). Comme pour la cantine chaque \u00e9l\u00e8ve dispose d\u2019un compte qui lui est propre. Vous devrez dans un premier temps alimenter le compte de votre enfant : soit en ligne (mode \u00e0 privil\u00e9gier), soit directement aupr\u00e8s d\u2019Emmanuelle Perron \u00e0 l\u2019accueil du coll\u00e8ge..<\/p>\n\n\n\n<p>Vous devez alimenter en amont le porte monnaie de votre enfant en ligne sur \u00c9cole Directe.<\/p>\n\n\n\n<p>Nous vous pr\u00e9cisons que les ch\u00e8ques CESU sont accept\u00e9s pour le r\u00e8glement des frais d\u2019\u00e9tude et de garderie. Il n\u2019y aura pas de rendu de monnaie, ni de remboursement sur les ch\u00e8ques CESU.<\/p>\n\n\n\n<ul class=\"wp-block-list\">\n<li>Maternelle<\/li>\n<\/ul>\n\n\n\n<figure class=\"wp-block-table\"><table class=\"has-fixed-layout\"><tbody><tr><td>Matin (garderie)<\/td><td>7h30-8h45<\/td><\/tr><tr><td>Soir (garderie)<\/td><td>16h45-19h<\/td><\/tr><\/tbody><\/table><\/figure>\n\n\n\n<ul class=\"wp-block-list\">\n<li>Primaire<\/li>\n<\/ul>\n\n\n\n<figure class=\"wp-block-table\"><table class=\"has-fixed-layout\"><tbody><tr><td>Matin (garderie)<\/td><td>7h30 \u2013 8h30<\/td><\/tr><tr><td>Soir (\u00e9tude)<\/td><td>16h45 \u2013 19h<\/td><\/tr><\/tbody><\/table><\/figure>\n\n\n\n<ul class=\"wp-block-list\">\n<li>\u00c0 la garderie du soir, le go\u00fbter est offert.<\/li>\n\n\n\n<li><strong>\u00c0 noter :<\/strong>&nbsp;un syst\u00e8me de badge est mis en place en primaire n\u2019autorisant que les enfants munis d\u2019un badge vert \u00e0 quitter l\u2019\u00e9cole apr\u00e8s la classe (\u00e0 midi et le soir). En maternelle l\u2019accueil le matin et le soir se fait dans les classes.<\/li>\n<\/ul>\n<\/div><figure class=\"wp-block-media-text__media\"><img loading=\"lazy\" decoding=\"async\" width=\"768\" height=\"1024\" src=\"https:\/\/www.javouhey-brest.fr\/ecole-notre-dame-kerbonne\/wp-content\/uploads\/sites\/2\/2026\/03\/20250919_153916-768x1024.jpg\" alt=\"\" class=\"wp-image-329 size-full\" srcset=\"https:\/\/www.javouhey-brest.fr\/ecole-notre-dame-kerbonne\/wp-content\/uploads\/sites\/2\/2026\/03\/20250919_153916-768x1024.jpg 768w, https:\/\/www.javouhey-brest.fr\/ecole-notre-dame-kerbonne\/wp-content\/uploads\/sites\/2\/2026\/03\/20250919_153916-225x300.jpg 225w, https:\/\/www.javouhey-brest.fr\/ecole-notre-dame-kerbonne\/wp-content\/uploads\/sites\/2\/2026\/03\/20250919_153916-1152x1536.jpg 1152w, https:\/\/www.javouhey-brest.fr\/ecole-notre-dame-kerbonne\/wp-content\/uploads\/sites\/2\/2026\/03\/20250919_153916-1536x2048.jpg 1536w, https:\/\/www.javouhey-brest.fr\/ecole-notre-dame-kerbonne\/wp-content\/uploads\/sites\/2\/2026\/03\/20250919_153916-scaled.jpg 1920w\" sizes=\"auto, (max-width: 768px) 100vw, 768px\" \/><\/figure><\/div>\n\n\n\n<div class=\"wp-block-group is-layout-constrained wp-block-group-is-layout-constrained\">\n<p class=\"has-text-align-center\"><sup>Ressources<\/sup><\/p>\n\n\n\n<h2 class=\"wp-block-heading has-text-align-center\"><strong><strong>Nos documents \u00e0 t\u00e9l\u00e9charger<\/strong><\/strong><\/h2>\n\n\n\n<div class=\"wp-block-buttons is-content-justification-center is-layout-flex wp-container-core-buttons-is-layout-16018d1d wp-block-buttons-is-layout-flex\">\n<div class=\"wp-block-button\"><a class=\"wp-block-button__link wp-element-button\" href=\"https:\/\/www.javouhey-brest.fr\/ecole-notre-dame-kerbonne\/wp-content\/uploads\/sites\/2\/2025\/11\/Reglement_financier_ecole_mandat_de_prelevement.pdf\">R\u00e8glement financier \u00e9cole<\/a><\/div>\n\n\n\n<div class=\"wp-block-button\"><a class=\"wp-block-button__link wp-element-button\" href=\"https:\/\/www.javouhey-brest.fr\/ecole-notre-dame-kerbonne\/wp-content\/uploads\/sites\/2\/2025\/11\/Fiche-Ecole-NDK.pdf\">Plaquette<\/a><\/div>\n\n\n\n<div class=\"wp-block-button\"><a class=\"wp-block-button__link wp-element-button\" href=\"https:\/\/www.javouhey-brest.fr\/ecole-notre-dame-kerbonne\/wp-content\/uploads\/sites\/2\/2025\/11\/Lutte_contre_le_harcelement.pdf\">Proc\u00e9dure \u2013 Harc\u00e8lement simplifi\u00e9e<\/a><\/div>\n\n\n\n<div class=\"wp-block-button\"><a class=\"wp-block-button__link wp-element-button\" href=\"https:\/\/www.javouhey-brest.fr\/ecole-notre-dame-kerbonne\/wp-content\/uploads\/sites\/2\/2025\/11\/2024_Lettre_parents_confort_globale-1-1.pdf\">Mutuelle Saint-Christophe<\/a><\/div>\n\n\n\n<div class=\"wp-block-button\"><a class=\"wp-block-button__link wp-element-button\" href=\"https:\/\/www.javouhey-brest.fr\/ecole-notre-dame-kerbonne\/wp-content\/uploads\/sites\/2\/2025\/11\/Contrat_de_scolarisation_et_annexes.pdf\">Contrat de scolarisation 2025-2026<\/a><\/div>\n\n\n\n<div class=\"wp-block-button\"><a class=\"wp-block-button__link wp-element-button\" href=\"https:\/\/www.javouhey-brest.fr\/ecole-notre-dame-kerbonne\/wp-content\/uploads\/sites\/2\/2025\/11\/Fourniture_2025_2026_NDK.pdf\">Fournitures 2025-2026<\/a><\/div>\n\n\n\n<div class=\"wp-block-button\"><a class=\"wp-block-button__link wp-element-button\" href=\"https:\/\/www.javouhey-brest.fr\/ecole-notre-dame-kerbonne\/wp-content\/uploads\/sites\/2\/2025\/11\/Circulaire_de_rentree_ecole_NDK_-primaire_2025_2026.pdf\">Circulaire Primaire 2025-2026<\/a><\/div>\n\n\n\n<div class=\"wp-block-button\"><a class=\"wp-block-button__link wp-element-button\" href=\"https:\/\/www.javouhey-brest.fr\/ecole-notre-dame-kerbonne\/wp-content\/uploads\/sites\/2\/2025\/11\/Circulaire_de_rentree_ecole_NDK_-maternelle_2025_2026.pdf\">Circulaire Maternelle 2025-2026<\/a><\/div>\n<\/div>\n<\/div>\n\n\n\n<div class=\"wp-block-columns has-white-200-background-color has-background is-layout-flex wp-container-core-columns-is-layout-9d6595d7 wp-block-columns-is-layout-flex\">\n<div class=\"wp-block-column is-layout-flow wp-block-column-is-layout-flow\">\n<p class=\"has-text-align-left\"><sup>Tarifs<\/sup><\/p>\n\n\n\n<h2 class=\"wp-block-heading has-text-align-left\"><strong><strong>Co\u00fbt de la scolarit\u00e9<\/strong><\/strong><\/h2>\n\n\n\n<figure class=\"wp-block-table alignleft\"><table class=\"has-fixed-layout\"><tbody><tr><td class=\"has-text-align-center\" data-align=\"center\"><strong>Tarif de base<\/strong><\/td><td class=\"has-text-align-center\" data-align=\"center\"><strong><strong>Tarif volontaire<\/strong><\/strong><\/td><\/tr><tr><td class=\"has-text-align-center\" data-align=\"center\">38 \u20ac<\/td><td class=\"has-text-align-center\" data-align=\"center\">40 \u20ac<\/td><\/tr><\/tbody><\/table><\/figure>\n\n\n\n<p>\u00c0 partir de cette ann\u00e9e, nous faisons la proposition d\u2019un tarif volontaire de 40\u20ac\/mois (400\u20ac annuel).<\/p>\n\n\n\n<p>Ce tarif s\u2019entend tous frais compris, payable en 10 mensualit\u00e9s ou 3 trimestres<\/p>\n\n\n\n<p>Cette contribution couvre : la r\u00e9tribution scolaire, les cotisations diverses (aupr\u00e8s de la D.D.E.C et de divers organismes de l\u2019enseignement catholique), les frais divers (photocopies, etc\u2026), les sorties p\u00e9dagogiques, les animations, l\u2019adh\u00e9sion en \u00ab individuelle-accident \u00bb \u00e0 la Mutuelle Saint-Christophe, la fourniture des manuels scolaires (un ch\u00e8que de caution vous sera demand\u00e9).<\/p>\n\n\n\n<p>(\u00c0 l\u2019exception des s\u00e9jours de plusieurs jours pour lesquels une participation suppl\u00e9mentaire est demand\u00e9e)<\/p>\n\n\n\n<p>Une r\u00e9duction de 50% de la contribution des familles est accord\u00e9e \u00e0 partir du troisi\u00e8me enfant scolaris\u00e9 dans notre groupe scolaire.<\/p>\n\n\n\n<h2 class=\"wp-block-heading\">Assurance<\/h2>\n\n\n\n<p>L\u2019\u00e9tablissement a souscrit une assurance collective aupr\u00e8s de la Mutuelle Saint Christophe. De ce fait, l\u2019\u00e9l\u00e8ve b\u00e9n\u00e9ficie automatiquement 24h\/24 d\u2019une assurance \u00ab&nbsp;individuelle-accidents&nbsp;\u00bb s\u2019il est victime d\u2019un accident sans responsable identifi\u00e9, ainsi que d\u2019une assistance en cours de voyage scolaire.<\/p>\n\n\n\n<p>Cette assurance n\u2019est pas nominale. Elle ne remplace pas l\u2019assurance responsabilit\u00e9 civile obligatoire par le chef de famille.<\/p>\n\n\n\n<p>Elle ne couvre pas les dommages caus\u00e9s \u00e0 autrui.<\/p>\n\n\n\n<h2 class=\"wp-block-heading\">Ann\u00e9e scolaire 2025-2026<\/h2>\n\n\n\n<figure class=\"wp-block-table\"><table class=\"has-fixed-layout\"><tbody><tr><td colspan=\"2\"><strong>Equipe administrative<\/strong><\/td><\/tr><tr><td><strong>Directeur d\u2019\u00e9tablissement<\/strong><\/td><td>M. Ronan Galliou<\/td><\/tr><tr><td><strong>Accueil, secr\u00e9tariat<\/strong><\/td><td>Mme Emmanuelle Perron<\/td><\/tr><tr><td colspan=\"2\"><strong>Equipe \u00e9ducative<\/strong><\/td><\/tr><tr><td><strong>TPS-PS-A<\/strong><\/td><td>Mme Karine Boissel<br>ASEM : Mme Nelly Rideau<\/td><\/tr><tr><td><strong>TPS-PS-B<\/strong><\/td><td>Mme Elisabeth Duval<br>ASEM : Mme Florence Delaveau<\/td><\/tr><tr><td><strong>MS<\/strong><\/td><td>Mme B\u00e9atrice Aldrin et Mme Marilyne Friedmann<br>ASEM : Mme Christine Larour<\/td><\/tr><tr><td><strong>MS-GS<\/strong><\/td><td>Mme Isabelle Jegou et Mme Melvine Le Guen<br>ASEM : Mme Nad\u00e8ge Couchy<\/td><\/tr><tr><td><strong>GS<\/strong><\/td><td>Mme Marie Le Berre<br>ASEM : Mme Nad\u00e8ge Couchy<\/td><\/tr><tr><td><strong>CPA<\/strong><\/td><td>Mme Patricia Floch<\/td><\/tr><tr><td><strong>CPB<\/strong><\/td><td>Mme C\u00e9lia Beauvais<\/td><\/tr><tr><td><strong>CE1 A<\/strong><\/td><td>Mme Isabelle Saliou<\/td><\/tr><tr><td><strong>CE1 B<\/strong><\/td><td>Mme Patricia Capitaine et M. Maxime Kerguillec<\/td><\/tr><tr><td><strong>CE2<\/strong><\/td><td>Mme Nathalie Durant et Mme Marilyne Friedmann<\/td><\/tr><tr><td><strong>CE2-CM1<\/strong><\/td><td>Mme Constance GAS<\/td><\/tr><tr><td><strong>CM1-CM2<\/strong><\/td><td>Mme V\u00e9ronique Rou\u00e9<\/td><\/tr><tr><td><strong>CM2<\/strong><\/td><td>Mme Christine Le Gleau<\/td><\/tr><\/tbody><\/table><\/figure>\n\n\n\n<p><\/p>\n<\/div>\n\n\n\n<div class=\"wp-block-column is-vertically-aligned-top has-white-100-color has-ecole-background-color has-text-color has-background has-link-color wp-elements-87f0863136698932b191e82c22c1f634 is-layout-flow wp-block-column-is-layout-flow\">\n<h3 class=\"wp-block-heading\"><strong>Restauration<\/strong><\/h3>\n\n\n\n<div class=\"wp-block-buttons is-horizontal is-content-justification-center is-nowrap is-layout-flex wp-container-core-buttons-is-layout-fc65f29c wp-block-buttons-is-layout-flex\">\n<div class=\"wp-block-button has-custom-width wp-block-button__width-100\"><a class=\"wp-block-button__link wp-element-button\" href=\"https:\/\/www.javouhey-brest.fr\/ecole-notre-dame-kerbonne\/wp-content\/uploads\/sites\/2\/2026\/04\/MENU-DE-LA-SEMAINE-.png\">Voir le menu de la semaine<\/a><\/div>\n\n\n\n<div class=\"wp-block-button has-custom-width wp-block-button__width-100\"><a class=\"wp-block-button__link wp-element-button\" href=\"https:\/\/www.javouhey-brest.fr\/ecole-notre-dame-kerbonne\/wp-content\/uploads\/sites\/2\/2026\/04\/ALLERGENE-182026.docx\">Tableau des allerg\u00e8nes<\/a><\/div>\n<\/div>\n\n\n\n<div style=\"height:var(--wp--preset--spacing--small)\" aria-hidden=\"true\" class=\"wp-block-spacer\"><\/div>\n\n\n\n<p>\u00c0 NOTER : \u00e0 compter de septembre 2025, le syst\u00e8me de facturation a \u00e9t\u00e9 modifi\u00e9.<\/p>\n\n\n\n<p>Un syst\u00e8me de forfait demi-pension sera mis en place pour ceux qui fr\u00e9quentent la cantine 4 fois par semaine.<\/p>\n\n\n\n<p>Le montant mensuel sera alors de 64\u20ac (576\u20ac annuel, calcul effectu\u00e9 sur la base de 137 jours de classe) sur 9 mois d\u2019octobre \u00e0 juin.<\/p>\n\n\n\n<p>Des r\u00e9gularisations seront r\u00e9alis\u00e9es pour maladie, avec certificat m\u00e9dical, \u00e0 partir de 3 jours d\u2019absences cons\u00e9cutifs.<\/p>\n\n\n\n<p>Pour les familles qui ne font pas le choix du pr\u00e9l\u00e8vement automatique, il y a deux cas de figure :<\/p>\n\n\n\n<ul class=\"wp-block-list\">\n<li>&nbsp;Formule au forfait (4 jours) : le r\u00e8glement devra s\u2019effectuer par ch\u00e8que selon le calendrier indiqu\u00e9 sur la facture en d\u00e9but d\u2019ann\u00e9e.<\/li>\n\n\n\n<li> Formule en occasionnel ou un, deux ou trois repas par semaine : le r\u00e8glement devra se faire en amont via \u00c9cole directe.<\/li>\n<\/ul>\n\n\n\n<p><strong>Le prix du repas unitaire occasionnel ou sur un, deux ou trois jours par semaine sera de 4,50 \u20ac.<\/strong><\/p>\n\n\n\n<p>Une cantine en maternelle (les enfants sont servis \u00e0 table dans une salle qui leur est r\u00e9serv\u00e9e).<\/p>\n\n\n\n<p>Un self en primaire<\/p>\n<\/div>\n<\/div>\n\n\n\n<p><\/p>\n","protected":false},"excerpt":{"rendered":"<p>Horaires Horaires de classe Lundi, Mardi, Jeudi, Vendredi Maternelles 8h45-11h45 \/ 13h15-16h30 Primaires 8h45-11h45 \/ 13h15-16h30 Ressources Nos documents \u00e0 t\u00e9l\u00e9charger Tarifs Co\u00fbt de la scolarit\u00e9 Tarif de base Tarif volontaire 38 \u20ac 40 \u20ac \u00c0 partir de cette ann\u00e9e, nous faisons la proposition d\u2019un tarif volontaire de 40\u20ac\/mois (400\u20ac annuel). Ce tarif s\u2019entend tous [&hellip;]<\/p>\n","protected":false},"author":1,"featured_media":435,"parent":0,"menu_order":10,"comment_status":"closed","ping_status":"closed","template":"","meta":{"_acf_changed":false,"footnotes":""},"class_list":["post-181","page","type-page","status-publish","has-post-thumbnail","hentry"],"acf":[],"_links":{"self":[{"href":"https:\/\/www.javouhey-brest.fr\/ecole-notre-dame-kerbonne\/wp-json\/wp\/v2\/pages\/181","targetHints":{"allow":["GET"]}}],"collection":[{"href":"https:\/\/www.javouhey-brest.fr\/ecole-notre-dame-kerbonne\/wp-json\/wp\/v2\/pages"}],"about":[{"href":"https:\/\/www.javouhey-brest.fr\/ecole-notre-dame-kerbonne\/wp-json\/wp\/v2\/types\/page"}],"author":[{"embeddable":true,"href":"https:\/\/www.javouhey-brest.fr\/ecole-notre-dame-kerbonne\/wp-json\/wp\/v2\/users\/1"}],"replies":[{"embeddable":true,"href":"https:\/\/www.javouhey-brest.fr\/ecole-notre-dame-kerbonne\/wp-json\/wp\/v2\/comments?post=181"}],"version-history":[{"count":24,"href":"https:\/\/www.javouhey-brest.fr\/ecole-notre-dame-kerbonne\/wp-json\/wp\/v2\/pages\/181\/revisions"}],"predecessor-version":[{"id":27173,"href":"https:\/\/www.javouhey-brest.fr\/ecole-notre-dame-kerbonne\/wp-json\/wp\/v2\/pages\/181\/revisions\/27173"}],"wp:featuredmedia":[{"embeddable":true,"href":"https:\/\/www.javouhey-brest.fr\/ecole-notre-dame-kerbonne\/wp-json\/wp\/v2\/media\/435"}],"wp:attachment":[{"href":"https:\/\/www.javouhey-brest.fr\/ecole-notre-dame-kerbonne\/wp-json\/wp\/v2\/media?parent=181"}],"curies":[{"name":"wp","href":"https:\/\/api.w.org\/{rel}","templated":true}]}}