{"id":100,"date":"2025-10-31T15:11:16","date_gmt":"2025-10-31T14:11:16","guid":{"rendered":"https:\/\/www.javouhey-brest.fr\/lycee-javouhey\/?page_id=100"},"modified":"2026-04-05T17:04:14","modified_gmt":"2026-04-05T15:04:14","slug":"resultats-reussite","status":"publish","type":"page","link":"https:\/\/www.javouhey-brest.fr\/lycee-javouhey\/accueil\/resultats-reussite\/","title":{"rendered":"R\u00e9sultats &amp; r\u00e9ussite"},"content":{"rendered":"\n<p><\/p>\n\n\n\n<div class=\"wp-block-columns is-layout-flex wp-container-core-columns-is-layout-9d6595d7 wp-block-columns-is-layout-flex\">\n<div class=\"wp-block-column has-white-100-color has-ecole-background-color has-text-color has-background has-link-color wp-elements-bbf7b3a4c7c9715c8b15e5ff41830a0f is-layout-flow wp-block-column-is-layout-flow\">\n<h3 class=\"wp-block-heading\">Taux de r\u00e9ussite<\/h3>\n\n\n\n<p>Le Lyc\u00e9e Professionnel Javouhey est fier des r\u00e9sultats de ses \u00e9l\u00e8ves, t\u00e9moignage de l&rsquo;engagement quotidien de toute la communaut\u00e9 \u00e9ducative. Nos taux de r\u00e9ussite aux examens refl\u00e8tent la qualit\u00e9 de l&rsquo;accompagnement propos\u00e9 et la motivation de nos \u00e9l\u00e8ves.<\/p>\n<\/div>\n\n\n\n<div class=\"wp-block-column has-white-200-background-color has-background is-layout-flow wp-block-column-is-layout-flow\">\n<h3 class=\"wp-block-heading\">R\u00e9sultats aux examens<\/h3>\n\n\n\n<ul class=\"wp-block-list\">\n<li><strong>DNB (3\u00e8me Pr\u00e9pa-M\u00e9tiers) :<\/strong> r\u00e9sultats disponibles en fin d&rsquo;ann\u00e9e<\/li>\n\n\n\n<li><strong>Baccalaur\u00e9at Professionnel :<\/strong> taux de r\u00e9ussite et mentions disponibles en fin d&rsquo;ann\u00e9e scolaire<\/li>\n\n\n\n<li><strong>Baccalaur\u00e9at STMG :<\/strong> r\u00e9sultats communiqu\u00e9s apr\u00e8s les \u00e9preuves<\/li>\n<\/ul>\n<\/div>\n<\/div>\n\n\n\n<p>Les r\u00e9sultats d\u00e9taill\u00e9s par fili\u00e8re et par ann\u00e9e sont disponibles aupr\u00e8s du secr\u00e9tariat de l&rsquo;\u00e9tablissement.<\/p>\n","protected":false},"excerpt":{"rendered":"<p>Taux de r\u00e9ussite Le Lyc\u00e9e Professionnel Javouhey est fier des r\u00e9sultats de ses \u00e9l\u00e8ves, t\u00e9moignage de l&rsquo;engagement quotidien de toute la communaut\u00e9 \u00e9ducative. Nos taux de r\u00e9ussite aux examens refl\u00e8tent la qualit\u00e9 de l&rsquo;accompagnement propos\u00e9 et la motivation de nos \u00e9l\u00e8ves. R\u00e9sultats aux examens Les r\u00e9sultats d\u00e9taill\u00e9s par fili\u00e8re et par ann\u00e9e sont disponibles aupr\u00e8s [&hellip;]<\/p>\n","protected":false},"author":1,"featured_media":228,"parent":8,"menu_order":5,"comment_status":"closed","ping_status":"closed","template":"","meta":{"_acf_changed":false,"footnotes":""},"class_list":["post-100","page","type-page","status-publish","has-post-thumbnail","hentry"],"acf":[],"_links":{"self":[{"href":"https:\/\/www.javouhey-brest.fr\/lycee-javouhey\/wp-json\/wp\/v2\/pages\/100","targetHints":{"allow":["GET"]}}],"collection":[{"href":"https:\/\/www.javouhey-brest.fr\/lycee-javouhey\/wp-json\/wp\/v2\/pages"}],"about":[{"href":"https:\/\/www.javouhey-brest.fr\/lycee-javouhey\/wp-json\/wp\/v2\/types\/page"}],"author":[{"embeddable":true,"href":"https:\/\/www.javouhey-brest.fr\/lycee-javouhey\/wp-json\/wp\/v2\/users\/1"}],"replies":[{"embeddable":true,"href":"https:\/\/www.javouhey-brest.fr\/lycee-javouhey\/wp-json\/wp\/v2\/comments?post=100"}],"version-history":[{"count":6,"href":"https:\/\/www.javouhey-brest.fr\/lycee-javouhey\/wp-json\/wp\/v2\/pages\/100\/revisions"}],"predecessor-version":[{"id":233,"href":"https:\/\/www.javouhey-brest.fr\/lycee-javouhey\/wp-json\/wp\/v2\/pages\/100\/revisions\/233"}],"up":[{"embeddable":true,"href":"https:\/\/www.javouhey-brest.fr\/lycee-javouhey\/wp-json\/wp\/v2\/pages\/8"}],"wp:featuredmedia":[{"embeddable":true,"href":"https:\/\/www.javouhey-brest.fr\/lycee-javouhey\/wp-json\/wp\/v2\/media\/228"}],"wp:attachment":[{"href":"https:\/\/www.javouhey-brest.fr\/lycee-javouhey\/wp-json\/wp\/v2\/media?parent=100"}],"curies":[{"name":"wp","href":"https:\/\/api.w.org\/{rel}","templated":true}]}}