{"id":19,"date":"2025-10-24T09:29:51","date_gmt":"2025-10-24T07:29:51","guid":{"rendered":"https:\/\/www.javouhey-brest.fr\/lycee-javouhey\/?page_id=19"},"modified":"2026-05-04T06:28:47","modified_gmt":"2026-05-04T04:28:47","slug":"filiere-generale","status":"publish","type":"page","link":"https:\/\/www.javouhey-brest.fr\/lycee-javouhey\/formations\/filiere-generale\/","title":{"rendered":"Voie G\u00e9n\u00e9rale Premi\u00e8re et Terminale"},"content":{"rendered":"\n<p>La voie g\u00e9n\u00e9rale pr\u00e9pare les \u00e9l\u00e8ves au Baccalaur\u00e9at G\u00e9n\u00e9ral. Chaque \u00e9l\u00e8ve construit son parcours en choisissant ses enseignements de sp\u00e9cialit\u00e9 en fonction de ses app\u00e9tences et de son projet d&rsquo;orientation.<\/p>\n\n\n\n<div class=\"wp-block-columns has-white-200-background-color has-background is-layout-flex wp-container-core-columns-is-layout-9d6595d7 wp-block-columns-is-layout-flex\">\n<div class=\"wp-block-column is-layout-flow wp-block-column-is-layout-flow\">\n<p class=\"has-text-align-left\"><\/p>\n\n\n\n<h2 class=\"wp-block-heading has-text-align-left\">Enseignements du tronc commun :<\/h2>\n\n\n\n<figure class=\"wp-block-table\"><table class=\"has-fixed-layout\"><tbody><tr><td>&nbsp;<\/td><td>1\u00e8re<\/td><td>Term<\/td><\/tr><tr><td>Fran\u00e7ais \/Philosophie<\/td><td>4h00<\/td><td>4h00<\/td><\/tr><tr><td>Histoire-G\u00e9ographie<\/td><td>3h00<\/td><td>3h00<\/td><\/tr><tr><td>Enseignement Moral et Civique<\/td><td>0h30<\/td><td>0h30<\/td><\/tr><tr><td>LV A \u2013 Anglais (ou espagnol bilangue) et LVB \u2013 Allemand ou Espanol<\/td><td>4h30<\/td><td>4h00<\/td><\/tr><tr><td>EPS<\/td><td>2h00<\/td><td>2h00<\/td><\/tr><tr><td>Enseignement Scientifique<\/td><td>2h00<\/td><td>2h00<\/td><\/tr><\/tbody><\/table><\/figure>\n\n\n\n<h2 class=\"wp-block-heading\">Enseignements optionnels<\/h2>\n\n\n\n<figure class=\"wp-block-table\"><table class=\"has-fixed-layout\"><tbody><tr><td>Des enseignements g\u00e9n\u00e9raux optionnels peuvent se poursuivre en 1\u00e8re et Terminale<\/td><td>Langues et cultures de l\u2019Antiquit\u00e9 (latin ouvert \u00e0 tous)Arts PlastiquesTh\u00e9\u00e2tre<\/td><td class=\"has-text-align-center\" data-align=\"center\"><strong>1h30<\/strong><\/td><\/tr><tr><td>Enseignements possibles en terminale<\/td><td>Math\u00e9matiques expertes ou Math\u00e9matiques compl\u00e9mentaires<\/td><td class=\"has-text-align-center\" data-align=\"center\"><strong>3h<\/strong><\/td><\/tr><\/tbody><\/table><\/figure>\n\n\n\n<h2 class=\"wp-block-heading\">Nos enseignements de sp\u00e9cialit\u00e9s<\/h2>\n\n\n\n<p>3 sp\u00e9cialit\u00e9s en premi\u00e8re (3x4h)<\/p>\n\n\n\n<p>2 sp\u00e9cialit\u00e9s en terminale (2x6h)<\/p>\n\n\n\n<h3 class=\"wp-block-heading\">Sp\u00e9cialit\u00e9s fondamentales :<\/h3>\n\n\n\n<ul class=\"wp-block-list\">\n<li>Histoire G\u00e9ographie, G\u00e9opolitique et Sciences Politiques<\/li>\n\n\n\n<li>Humanit\u00e9s, Litt\u00e9rature et Philosophie<\/li>\n\n\n\n<li>Langues, Litt\u00e9ratures et Cultures \u00c9trang\u00e8res et R\u00e9gionales (sp\u00e9cialit\u00e9 Anglais)<\/li>\n\n\n\n<li>Math\u00e9matiques<\/li>\n\n\n\n<li>Physique \u2013 Chimie<\/li>\n\n\n\n<li>Sciences de la Vie et de la Terre<\/li>\n\n\n\n<li>Sciences \u00c9conomiques et Sociales<\/li>\n<\/ul>\n\n\n\n<h3 class=\"wp-block-heading\">Enseignements rares&nbsp; :<\/h3>\n\n\n\n<ul class=\"wp-block-list\">\n<li>Sciences de l\u2019Ing\u00e9nieur<\/li>\n\n\n\n<li>Num\u00e9rique et Sciences Informatiques<\/li>\n<\/ul>\n<\/div>\n\n\n\n<div class=\"wp-block-column is-vertically-aligned-top has-white-100-color has-lycee-background-color has-text-color has-background has-link-color wp-elements-25c0e1840570469addee7deef116a489 is-layout-flow wp-block-column-is-layout-flow\">\n<h2 class=\"wp-block-heading\">Des enseignements sp\u00e9cifiques&nbsp;au lyc\u00e9e Javouhey :<\/h2>\n\n\n\n<ul class=\"wp-block-list\">\n<li>La section europ\u00e9enne anglais : DNL \u2013 Sciences en Anglais<\/li>\n\n\n\n<li>La pr\u00e9paration au \u00ab First Certificate in English \u00bb<\/li>\n\n\n\n<li>La section \u00e0 ouverture europ\u00e9enne hispanique<\/li>\n\n\n\n<li>La pr\u00e9paration au \u00abDiploma de Espa\u00f1ol como Lengua Extranjera\u00bb (DELE)<\/li>\n\n\n\n<li>Stage de perfectionnement<\/li>\n\n\n\n<li>L\u2019option chinois<\/li>\n\n\n\n<li>Des ateliers artistiques : Danse, Th\u00e9\u00e2tre, Arts Plastiques et Musique<\/li>\n\n\n\n<li>Pr\u00e9pa aux \u00e9tudes de sant\u00e9<\/li>\n\n\n\n<li>Le module biochimie<\/li>\n\n\n\n<li>Le Brevet d\u2019Initiation A\u00e9ronautique (BIA)<\/li>\n<\/ul>\n<\/div>\n<\/div>\n","protected":false},"excerpt":{"rendered":"<p>La voie g\u00e9n\u00e9rale pr\u00e9pare les \u00e9l\u00e8ves au Baccalaur\u00e9at G\u00e9n\u00e9ral. Chaque \u00e9l\u00e8ve construit son parcours en choisissant ses enseignements de sp\u00e9cialit\u00e9 en fonction de ses app\u00e9tences et de son projet d&rsquo;orientation. Enseignements du tronc commun : &nbsp; 1\u00e8re Term Fran\u00e7ais \/Philosophie 4h00 4h00 Histoire-G\u00e9ographie 3h00 3h00 Enseignement Moral et Civique 0h30 0h30 LV A \u2013 Anglais [&hellip;]<\/p>\n","protected":false},"author":1,"featured_media":0,"parent":17,"menu_order":10,"comment_status":"closed","ping_status":"closed","template":"","meta":{"_acf_changed":false,"footnotes":""},"class_list":["post-19","page","type-page","status-publish","hentry"],"acf":[],"_links":{"self":[{"href":"https:\/\/www.javouhey-brest.fr\/lycee-javouhey\/wp-json\/wp\/v2\/pages\/19","targetHints":{"allow":["GET"]}}],"collection":[{"href":"https:\/\/www.javouhey-brest.fr\/lycee-javouhey\/wp-json\/wp\/v2\/pages"}],"about":[{"href":"https:\/\/www.javouhey-brest.fr\/lycee-javouhey\/wp-json\/wp\/v2\/types\/page"}],"author":[{"embeddable":true,"href":"https:\/\/www.javouhey-brest.fr\/lycee-javouhey\/wp-json\/wp\/v2\/users\/1"}],"replies":[{"embeddable":true,"href":"https:\/\/www.javouhey-brest.fr\/lycee-javouhey\/wp-json\/wp\/v2\/comments?post=19"}],"version-history":[{"count":7,"href":"https:\/\/www.javouhey-brest.fr\/lycee-javouhey\/wp-json\/wp\/v2\/pages\/19\/revisions"}],"predecessor-version":[{"id":26430,"href":"https:\/\/www.javouhey-brest.fr\/lycee-javouhey\/wp-json\/wp\/v2\/pages\/19\/revisions\/26430"}],"up":[{"embeddable":true,"href":"https:\/\/www.javouhey-brest.fr\/lycee-javouhey\/wp-json\/wp\/v2\/pages\/17"}],"wp:attachment":[{"href":"https:\/\/www.javouhey-brest.fr\/lycee-javouhey\/wp-json\/wp\/v2\/media?parent=19"}],"curies":[{"name":"wp","href":"https:\/\/api.w.org\/{rel}","templated":true}]}}