{"id":22,"date":"2025-10-24T09:30:15","date_gmt":"2025-10-24T07:30:15","guid":{"rendered":"https:\/\/www.javouhey-brest.fr\/lycee-javouhey\/?page_id=22"},"modified":"2026-05-04T06:43:43","modified_gmt":"2026-05-04T04:43:43","slug":"stmg","status":"publish","type":"page","link":"https:\/\/www.javouhey-brest.fr\/lycee-javouhey\/formations\/stmg\/","title":{"rendered":"STMG (Sciences et Technologies du Management et de la Gestion)"},"content":{"rendered":"\n<p>Le Bac STMG couvre l&rsquo;ensemble des activit\u00e9s tertiaires. Il a pour objet l&rsquo;\u00e9tude de l&rsquo;entreprise, de son environnement \u00e9conomico-juridique et des techniques au service de sa gestion et de sa communication. Il implique l&rsquo;utilisation des outils informatiques. Le programme associe culture g\u00e9n\u00e9rale et culture d&rsquo;entreprise.<\/p>\n\n\n\n<div class=\"wp-block-columns has-white-200-background-color has-background is-layout-flex wp-container-core-columns-is-layout-9d6595d7 wp-block-columns-is-layout-flex\">\n<div class=\"wp-block-column is-layout-flow wp-block-column-is-layout-flow\">\n<p class=\"has-text-align-left\"><\/p>\n\n\n\n<h2 class=\"wp-block-heading has-text-align-left\">Enseignements du tronc commun :<\/h2>\n\n\n\n<figure class=\"wp-block-table\"><table class=\"has-fixed-layout\"><thead><tr><th>Mati\u00e8re<\/th><th>1\u00e8re<\/th><th>Terminale<\/th><\/tr><\/thead><tbody><tr><td>Fran\u00e7ais \/ Philosophie<\/td><td>3h<\/td><td>2h<\/td><\/tr><tr><td>Histoire-G\u00e9ographie<\/td><td>1h30<\/td><td>1h30<\/td><\/tr><tr><td>LV1 Anglais + LV2 Espagnol ou Allemand<\/td><td>4h<\/td><td>4h<\/td><\/tr><tr><td>Math\u00e9matiques<\/td><td>3h<\/td><td>3h<\/td><\/tr><tr><td>EPS<\/td><td>2h<\/td><td>2h<\/td><\/tr><tr><td>Enseignement Moral et Civique<\/td><td>0h30<\/td><td>0h30<\/td><\/tr><\/tbody><\/table><\/figure>\n\n\n\n<h3 class=\"wp-block-heading\">Sp\u00e9cialit\u00e9s<\/h3>\n\n\n\n<p><strong>Premi\u00e8re :<\/strong> Sciences de Gestion et Num\u00e9rique \u2013 Management \u2013 Droit et \u00c9conomie<\/p>\n\n\n\n<p><strong>Terminale :<\/strong> Management, Sciences de Gestion et Num\u00e9rique (Gestion et Finance \/ Mercatique \/ RH et Communication) + Management, Droit et \u00c9conomie<\/p>\n\n\n\n<p><\/p>\n<\/div>\n\n\n\n<div class=\"wp-block-column is-vertically-aligned-top has-white-100-color has-lycee-background-color has-text-color has-background has-link-color wp-elements-4c7d0784945a2e025bc32811c9231434 is-layout-flow wp-block-column-is-layout-flow\">\n<h2 class=\"wp-block-heading\">Des enseignements sp\u00e9cifiques&nbsp;au lyc\u00e9e Javouhey :<\/h2>\n\n\n\n<ul class=\"wp-block-list\">\n<li>La pr\u00e9paration au DELE \u00abDiploma de Espa\u00f1ol como Lengua Extranjera\u00bb, C\u2019est un dipl\u00f4me officiel qui atteste de diff\u00e9rents niveaux de comp\u00e9tence et de ma\u00eetrise de la langue espagnole.<\/li>\n\n\n\n<li>Les ateliers artistiques ouverts \u00e0 tous : Arts plastiques, Th\u00e9\u00e2tre, Danse et Musique<\/li>\n\n\n\n<li>Une association sportive dynamique : Danse, futsal, crossfit, badminton, et de la boxe fran\u00e7aise !<\/li>\n<\/ul>\n\n\n\n<h2 class=\"wp-block-heading\">Stage<\/h2>\n\n\n\n<p>L\u2019ensemble des \u00e9l\u00e8ves de terminale STMG r\u00e9alise un stage d\u2019une semaine en entreprise, l\u2019occasion pour eux d\u2019affiner leur choix d\u2019orientation<\/p>\n<\/div>\n<\/div>\n\n\n\n<p><\/p>\n","protected":false},"excerpt":{"rendered":"<p>Le Bac STMG couvre l&rsquo;ensemble des activit\u00e9s tertiaires. Il a pour objet l&rsquo;\u00e9tude de l&rsquo;entreprise, de son environnement \u00e9conomico-juridique et des techniques au service de sa gestion et de sa communication. Il implique l&rsquo;utilisation des outils informatiques. Le programme associe culture g\u00e9n\u00e9rale et culture d&rsquo;entreprise. Enseignements du tronc commun : Mati\u00e8re 1\u00e8re Terminale Fran\u00e7ais \/ [&hellip;]<\/p>\n","protected":false},"author":1,"featured_media":0,"parent":17,"menu_order":15,"comment_status":"closed","ping_status":"closed","template":"","meta":{"_acf_changed":false,"footnotes":""},"class_list":["post-22","page","type-page","status-publish","hentry"],"acf":[],"_links":{"self":[{"href":"https:\/\/www.javouhey-brest.fr\/lycee-javouhey\/wp-json\/wp\/v2\/pages\/22","targetHints":{"allow":["GET"]}}],"collection":[{"href":"https:\/\/www.javouhey-brest.fr\/lycee-javouhey\/wp-json\/wp\/v2\/pages"}],"about":[{"href":"https:\/\/www.javouhey-brest.fr\/lycee-javouhey\/wp-json\/wp\/v2\/types\/page"}],"author":[{"embeddable":true,"href":"https:\/\/www.javouhey-brest.fr\/lycee-javouhey\/wp-json\/wp\/v2\/users\/1"}],"replies":[{"embeddable":true,"href":"https:\/\/www.javouhey-brest.fr\/lycee-javouhey\/wp-json\/wp\/v2\/comments?post=22"}],"version-history":[{"count":7,"href":"https:\/\/www.javouhey-brest.fr\/lycee-javouhey\/wp-json\/wp\/v2\/pages\/22\/revisions"}],"predecessor-version":[{"id":26435,"href":"https:\/\/www.javouhey-brest.fr\/lycee-javouhey\/wp-json\/wp\/v2\/pages\/22\/revisions\/26435"}],"up":[{"embeddable":true,"href":"https:\/\/www.javouhey-brest.fr\/lycee-javouhey\/wp-json\/wp\/v2\/pages\/17"}],"wp:attachment":[{"href":"https:\/\/www.javouhey-brest.fr\/lycee-javouhey\/wp-json\/wp\/v2\/media?parent=22"}],"curies":[{"name":"wp","href":"https:\/\/api.w.org\/{rel}","templated":true}]}}