{"id":26431,"date":"2026-05-04T06:38:43","date_gmt":"2026-05-04T04:38:43","guid":{"rendered":"https:\/\/www.javouhey-brest.fr\/lycee-javouhey\/?page_id=26431"},"modified":"2026-05-04T06:38:44","modified_gmt":"2026-05-04T04:38:44","slug":"seconde-generale-et-technologique","status":"publish","type":"page","link":"https:\/\/www.javouhey-brest.fr\/lycee-javouhey\/formations\/seconde-generale-et-technologique\/","title":{"rendered":"Seconde G\u00e9n\u00e9rale et Technologique"},"content":{"rendered":"\n<p>La classe de Seconde g\u00e9n\u00e9rale et technologique \u00e9volue :<\/p>\n\n\n\n<ul class=\"wp-block-list\">\n<li>Un accompagnement personnalis\u00e9, une aide au choix de l\u2019orientation<\/li>\n\n\n\n<li>Des tests num\u00e9riques de positionnement en math\u00e9matiques et en fran\u00e7ais \u00e0 la rentr\u00e9e<\/li>\n<\/ul>\n\n\n\n<div class=\"wp-block-columns has-white-200-background-color has-background is-layout-flex wp-container-core-columns-is-layout-9d6595d7 wp-block-columns-is-layout-flex\">\n<div class=\"wp-block-column is-layout-flow wp-block-column-is-layout-flow\">\n<p class=\"has-text-align-left\"><\/p>\n\n\n\n<h2 class=\"wp-block-heading has-text-align-left\">Enseignements communs (26h30)\u00a0<\/h2>\n\n\n\n<figure class=\"wp-block-table\"><table class=\"has-fixed-layout\"><tbody><tr><td>Fran\u00e7ais<\/td><td>4h00<\/td><\/tr><tr><td>Math\u00e9matiques<\/td><td>4h00<\/td><\/tr><tr><td>Histoire-G\u00e9ographie<\/td><td>3h00<\/td><\/tr><tr><td>Physique-Chimie<\/td><td>3h00<\/td><\/tr><tr><td>Sciences de la Vie et de la Terre<\/td><td>1h30<\/td><\/tr><tr><td>Enseignement Moral et Civique<\/td><td>0h30<\/td><\/tr><tr><td>Langue vivante A<\/td><td>3h00<\/td><\/tr><tr><td>Langue vivante B<\/td><td>2h30<\/td><\/tr><tr><td>Education Physique et Sportive<\/td><td>2h00<\/td><\/tr><tr><td>Sciences Economiques et Sociales<\/td><td>1h30<\/td><\/tr><tr><td>Sciences Num\u00e9riques et Technologie<\/td><td>1h30<\/td><\/tr><\/tbody><\/table><\/figure>\n\n\n\n<h2 class=\"wp-block-heading\">Enseignements optionnels<\/h2>\n\n\n\n<figure class=\"wp-block-table\"><table class=\"has-fixed-layout\"><tbody><tr><td>Enseignements technologiques<br>(au choix parmi les deux propos\u00e9s)<\/td><td>Management et GestionSciences de Laboratoire<\/td><\/tr><tr><td>Enseignements g\u00e9n\u00e9raux<\/td><td>Latin (non d\u00e9butant)Art, domaines au choix : Arts Plastiques, Th\u00e9\u00e2tre<\/td><\/tr><\/tbody><\/table><\/figure>\n\n\n\n<div class=\"wp-block-buttons is-layout-flex wp-block-buttons-is-layout-flex\">\n<div class=\"wp-block-button\"><a class=\"wp-block-button__link wp-element-button\" href=\"https:\/\/nodalview.com\/s\/2cJA9Kn3P0zRtrE79lITlo\" target=\"_blank\" rel=\"noopener\">Vsite virtuelle<\/a><\/div>\n\n\n\n<div class=\"wp-block-button\"><a class=\"wp-block-button__link wp-element-button\" href=\"https:\/\/www.javouhey-brest.fr\/lycee-javouhey\/wp-content\/uploads\/sites\/6\/2026\/05\/ParcourSup.pdf\">Informations parcoursup<\/a><\/div>\n<\/div>\n<\/div>\n\n\n\n<div class=\"wp-block-column is-vertically-aligned-top has-white-100-color has-lycee-background-color has-text-color has-background has-link-color wp-elements-483a05cab179c6243f17eed894657f18 is-layout-flow wp-block-column-is-layout-flow\">\n<h3 class=\"wp-block-heading\">Un accompagnement personnalis\u00e9<\/h3>\n\n\n\n<ul class=\"wp-block-list\">\n<li>Des s\u00e9ances de soutien, de perfectionnement, d\u2019aide m\u00e9thodologique et de suivi d\u2019orientation chaque semaine. Le lyc\u00e9e propose un nombre d\u2019heures d\u2019accompagnement cons\u00e9quent chaque semaine !<\/li>\n\n\n\n<li>Entretiens individuels<\/li>\n<\/ul>\n\n\n\n<h3 class=\"wp-block-heading\">Sp\u00e9cificit\u00e9s du Lyc\u00e9e Javouhey<\/h3>\n\n\n\n<ul class=\"wp-block-list\">\n<li>Le mercredi apr\u00e8s-midi (pas de cours, sauf pour l\u2019option BIA)<\/li>\n\n\n\n<li>Du sport et des ateliers artistiques ouverts \u00e0 tous<\/li>\n\n\n\n<li>Des cours de 50 minutes<\/li>\n\n\n\n<li>Un accompagnement personnalis\u00e9 cons\u00e9quent et de qualit\u00e9<\/li>\n<\/ul>\n\n\n\n<h2 class=\"wp-block-heading\">Des enseignements sp\u00e9cifiques<\/h2>\n\n\n\n<ul class=\"wp-block-list\">\n<li>La section europ\u00e9enne anglais : DNL \u2013 Sciences en Anglais<\/li>\n\n\n\n<li>La pr\u00e9paration au \u00ab First Certificate in English \u00bb<\/li>\n\n\n\n<li>La section \u00e0 ouverture europ\u00e9enne hispanique<\/li>\n\n\n\n<li>La pr\u00e9paration au \u00abDiploma de Espa\u00f1ol como Lengua Extranjera\u00bb (DELE)<\/li>\n\n\n\n<li>La pr\u00e9paration au Brevet d\u2019Initiation A\u00e9ronautique (BIA)<\/li>\n\n\n\n<li>D\u00e9couverte de la langue et de la culture chinoise<\/li>\n<\/ul>\n<\/div>\n<\/div>\n","protected":false},"excerpt":{"rendered":"<p>La classe de Seconde g\u00e9n\u00e9rale et technologique \u00e9volue : Enseignements communs (26h30)\u00a0 Fran\u00e7ais 4h00 Math\u00e9matiques 4h00 Histoire-G\u00e9ographie 3h00 Physique-Chimie 3h00 Sciences de la Vie et de la Terre 1h30 Enseignement Moral et Civique 0h30 Langue vivante A 3h00 Langue vivante B 2h30 Education Physique et Sportive 2h00 Sciences Economiques et Sociales 1h30 Sciences Num\u00e9riques et [&hellip;]<\/p>\n","protected":false},"author":3,"featured_media":0,"parent":17,"menu_order":9,"comment_status":"closed","ping_status":"closed","template":"","meta":{"_acf_changed":false,"footnotes":""},"class_list":["post-26431","page","type-page","status-publish","hentry"],"acf":[],"_links":{"self":[{"href":"https:\/\/www.javouhey-brest.fr\/lycee-javouhey\/wp-json\/wp\/v2\/pages\/26431","targetHints":{"allow":["GET"]}}],"collection":[{"href":"https:\/\/www.javouhey-brest.fr\/lycee-javouhey\/wp-json\/wp\/v2\/pages"}],"about":[{"href":"https:\/\/www.javouhey-brest.fr\/lycee-javouhey\/wp-json\/wp\/v2\/types\/page"}],"author":[{"embeddable":true,"href":"https:\/\/www.javouhey-brest.fr\/lycee-javouhey\/wp-json\/wp\/v2\/users\/3"}],"replies":[{"embeddable":true,"href":"https:\/\/www.javouhey-brest.fr\/lycee-javouhey\/wp-json\/wp\/v2\/comments?post=26431"}],"version-history":[{"count":1,"href":"https:\/\/www.javouhey-brest.fr\/lycee-javouhey\/wp-json\/wp\/v2\/pages\/26431\/revisions"}],"predecessor-version":[{"id":26433,"href":"https:\/\/www.javouhey-brest.fr\/lycee-javouhey\/wp-json\/wp\/v2\/pages\/26431\/revisions\/26433"}],"up":[{"embeddable":true,"href":"https:\/\/www.javouhey-brest.fr\/lycee-javouhey\/wp-json\/wp\/v2\/pages\/17"}],"wp:attachment":[{"href":"https:\/\/www.javouhey-brest.fr\/lycee-javouhey\/wp-json\/wp\/v2\/media?parent=26431"}],"curies":[{"name":"wp","href":"https:\/\/api.w.org\/{rel}","templated":true}]}}