{"id":26436,"date":"2026-05-04T06:55:48","date_gmt":"2026-05-04T04:55:48","guid":{"rendered":"https:\/\/www.javouhey-brest.fr\/lycee-javouhey\/?page_id=26436"},"modified":"2026-05-11T07:03:25","modified_gmt":"2026-05-11T05:03:25","slug":"baccalaureat-professionnel-agora","status":"publish","type":"page","link":"https:\/\/www.javouhey-brest.fr\/lycee-javouhey\/formations\/baccalaureat-professionnel-agora\/","title":{"rendered":"Baccalaur\u00e9at professionnel Agora"},"content":{"rendered":"\n<ul class=\"wp-block-list\">\n<li>Tu es discret, curieux, \u00e0 l\u2019\u00e9coute<\/li>\n\n\n\n<li>Tu as le sens du relationnel, de la communication et de l\u2019organisation<\/li>\n\n\n\n<li>Tu as un attrait pour l\u2019utilisation des outils informatiques<\/li>\n\n\n\n<li>Tu as l\u2019envie d\u2019apprendre autrement<\/li>\n\n\n\n<li>Tu souhaites d\u00e9couvrir le monde professionnel<\/li>\n<\/ul>\n\n\n\n<p>\u2026 alors cette formation est faite pour toi !<\/p>\n\n\n\n<div class=\"wp-block-columns has-white-200-background-color has-background is-layout-flex wp-container-core-columns-is-layout-9d6595d7 wp-block-columns-is-layout-flex\">\n<div class=\"wp-block-column is-layout-flow wp-block-column-is-layout-flow\">\n<p class=\"has-text-align-left\">Au c\u0153ur des services support de l\u2019entreprise vous prendrez en charge le quotidien des activit\u00e9s administratives internes, externes et la gestion du personnel.<\/p>\n\n\n\n<figure class=\"wp-block-video\"><video height=\"1080\" style=\"aspect-ratio: 1920 \/ 1080;\" width=\"1920\" controls src=\"https:\/\/www.javouhey-brest.fr\/lycee-javouhey\/wp-content\/uploads\/sites\/6\/2026\/05\/Boite-rponses-AGORA-v2-.mp4.mp4\"><\/video><\/figure>\n\n\n\n<h2 class=\"wp-block-heading has-text-align-left\">Mission<\/h2>\n\n\n\n<p>La mission globale du titulaire du baccalaur\u00e9at professionnel Gestion-Administration consiste \u00e0 prendre en charge les activit\u00e9s relevant de la gestion administrative, principalement au sein d\u2019entreprises de petite et moyenne taille (artisanat, commerces, Tr\u00e8s Petites Entreprises, PME-PMI, ETI), de collectivit\u00e9s territoriales, d\u2019administrations ou encore d\u2019associations.<\/p>\n\n\n\n<p class=\"has-text-align-left\">L\u2019activit\u00e9 du titulaire du baccalaur\u00e9at Gestion-Administration se situe dans un contexte de mutation profonde des m\u00e9tiers administratifs, notamment en raison de l\u2019impact des restructurations, des nouvelles formes d\u2019organisation du travail, de la d\u00e9mat\u00e9rialisation des informations et des \u00e9volutions technologiques.<\/p>\n<\/div>\n\n\n\n<div class=\"wp-block-column is-vertically-aligned-top has-white-100-color has-lycee-background-color has-text-color has-background has-link-color wp-elements-21651e58cad95f381e510533f4729473 is-layout-flow wp-block-column-is-layout-flow\">\n<h2 class=\"wp-block-heading\">Stages<\/h2>\n\n\n\n<p>Les p\u00e9riodes de formation en entreprise d\u2019une dur\u00e9e de 20 semaines minimum sur 3 ans s\u2019effectuent dans tout type d\u2019organisation : artisans, associations, collectivit\u00e9s territoriales, commerces, entreprises, mairies, petites et moyennes entreprises.<\/p>\n\n\n\n<h3 class=\"wp-block-heading\">Les stages Erasmus +<\/h3>\n\n\n\n<div class=\"wp-block-buttons is-layout-flex wp-block-buttons-is-layout-flex\">\n<div class=\"wp-block-button\"><a class=\"wp-block-button__link wp-element-button\" href=\"https:\/\/www.javouhey-brest.fr\/lycee-javouhey\/wp-content\/uploads\/sites\/6\/2026\/05\/Plaquette_stage_francais.pdf\" target=\"_blank\" rel=\"noreferrer noopener\">Fran\u00e7ais<\/a><\/div>\n\n\n\n<div class=\"wp-block-button\"><a class=\"wp-block-button__link wp-element-button\" href=\"https:\/\/www.javouhey-brest.fr\/lycee-javouhey\/wp-content\/uploads\/sites\/6\/2026\/05\/Plaquette_stage_espagnol.pdf\" target=\"_blank\" rel=\"noreferrer noopener\">Espagnol<\/a><\/div>\n\n\n\n<div class=\"wp-block-button\"><a class=\"wp-block-button__link wp-element-button\" href=\"https:\/\/www.javouhey-brest.fr\/lycee-javouhey\/wp-content\/uploads\/sites\/6\/2026\/05\/Plaquette_stage_Allemand.pdf\" target=\"_blank\" rel=\"noreferrer noopener\">Allemand<\/a><\/div>\n<\/div>\n\n\n\n<div style=\"height:var(--wp--preset--spacing--medium)\" aria-hidden=\"true\" class=\"wp-block-spacer\"><\/div>\n\n\n\n<h2 class=\"wp-block-heading\">Poursuites d\u2019\u00e9tudes<\/h2>\n\n\n\n<p>Le titulaire du Baccalaur\u00e9at Assistance \u00e0 la Gestion des Organisation et de leurs Activit\u00e9s pourra poursuivre ses \u00e9tudes principalement en BTS ou s\u2019ins\u00e9rer dans la vie professionnelle&nbsp;:<\/p>\n\n\n\n<ul class=\"wp-block-list\">\n<li><a href=\"https:\/\/www.javouhey-brest.fr\/sup-javouhey\/formations\/\" target=\"_blank\" rel=\"noreferrer noopener\">Les formations du Sup\u2019Javouhey<\/a><\/li>\n\n\n\n<li>Mentions compl\u00e9mentaires<\/li>\n\n\n\n<li>FCIL Secr\u00e9tariat m\u00e9dical<\/li>\n\n\n\n<li>BTS Gestion de la PME<\/li>\n\n\n\n<li>BTS Support \u00e0 l\u2019action manag\u00e9riale<\/li>\n\n\n\n<li>BTS Comptabilit\u00e9 et Gestion des Organisations<\/li>\n\n\n\n<li>BTS Communication<\/li>\n\n\n\n<li>BTS Banque<\/li>\n\n\n\n<li>BTS Assurances<\/li>\n<\/ul>\n\n\n\n<p>Toute formation exigeant le baccalaur\u00e9at (DUT, \u00e9coles sp\u00e9cialis\u00e9es).<\/p>\n\n\n\n<h2 class=\"wp-block-heading\">Liens utiles :<\/h2>\n\n\n\n<ul class=\"wp-block-list\">\n<li><a href=\"http:\/\/www.onisep.fr\/Ressources\/Univers-Formation\/Formations\/Lycees\/Bac-pro-Assistance-a-la-gestion-des-organisations-et-de-leurs-activites-ex-bac-pro-gestion-administration\" target=\"_blank\" rel=\"noreferrer noopener\">Onisep<\/a><\/li>\n\n\n\n<li><a href=\"https:\/\/www.parcoursmetiers.tv\/video-formation\/348-avec-ton-bac-pro-ga-gere-comme-un-pro\" target=\"_blank\" rel=\"noreferrer noopener\">Parcours m\u00e9tiers<\/a><\/li>\n\n\n\n<li><a href=\"https:\/\/www.studyrama.com\/formations\/diplomes\/bac-pro\/les-bac-pro-en-fiches\/bac-pro-gestion-administration-20829\" target=\"_blank\" rel=\"noreferrer noopener\">Studyrama<\/a><\/li>\n<\/ul>\n<\/div>\n<\/div>\n\n\n\n<p><\/p>\n","protected":false},"excerpt":{"rendered":"<p>\u2026 alors cette formation est faite pour toi ! Au c\u0153ur des services support de l\u2019entreprise vous prendrez en charge le quotidien des activit\u00e9s administratives internes, externes et la gestion du personnel. Mission La mission globale du titulaire du baccalaur\u00e9at professionnel Gestion-Administration consiste \u00e0 prendre en charge les activit\u00e9s relevant de la gestion administrative, principalement [&hellip;]<\/p>\n","protected":false},"author":3,"featured_media":0,"parent":17,"menu_order":14,"comment_status":"closed","ping_status":"closed","template":"","meta":{"_acf_changed":false,"footnotes":""},"class_list":["post-26436","page","type-page","status-publish","hentry"],"acf":[],"_links":{"self":[{"href":"https:\/\/www.javouhey-brest.fr\/lycee-javouhey\/wp-json\/wp\/v2\/pages\/26436","targetHints":{"allow":["GET"]}}],"collection":[{"href":"https:\/\/www.javouhey-brest.fr\/lycee-javouhey\/wp-json\/wp\/v2\/pages"}],"about":[{"href":"https:\/\/www.javouhey-brest.fr\/lycee-javouhey\/wp-json\/wp\/v2\/types\/page"}],"author":[{"embeddable":true,"href":"https:\/\/www.javouhey-brest.fr\/lycee-javouhey\/wp-json\/wp\/v2\/users\/3"}],"replies":[{"embeddable":true,"href":"https:\/\/www.javouhey-brest.fr\/lycee-javouhey\/wp-json\/wp\/v2\/comments?post=26436"}],"version-history":[{"count":5,"href":"https:\/\/www.javouhey-brest.fr\/lycee-javouhey\/wp-json\/wp\/v2\/pages\/26436\/revisions"}],"predecessor-version":[{"id":26502,"href":"https:\/\/www.javouhey-brest.fr\/lycee-javouhey\/wp-json\/wp\/v2\/pages\/26436\/revisions\/26502"}],"up":[{"embeddable":true,"href":"https:\/\/www.javouhey-brest.fr\/lycee-javouhey\/wp-json\/wp\/v2\/pages\/17"}],"wp:attachment":[{"href":"https:\/\/www.javouhey-brest.fr\/lycee-javouhey\/wp-json\/wp\/v2\/media?parent=26436"}],"curies":[{"name":"wp","href":"https:\/\/api.w.org\/{rel}","templated":true}]}}