{"id":26451,"date":"2026-05-04T10:10:11","date_gmt":"2026-05-04T08:10:11","guid":{"rendered":"https:\/\/www.javouhey-brest.fr\/lycee-javouhey\/?page_id=26451"},"modified":"2026-05-11T09:46:02","modified_gmt":"2026-05-11T07:46:02","slug":"baccalaureat-professionnel-metiers-du-commerce-et-de-la-vente","status":"publish","type":"page","link":"https:\/\/www.javouhey-brest.fr\/lycee-javouhey\/formations\/baccalaureat-professionnel-metiers-du-commerce-et-de-la-vente\/","title":{"rendered":"Baccalaur\u00e9at professionnel M\u00e9tiers du Commerce et de la Vente"},"content":{"rendered":"\n<ul class=\"wp-block-list\">\n<li>Tu es dynamique, positif, ouvert d\u2019esprit<\/li>\n\n\n\n<li>Tu as le go\u00fbt du contact et de la communication, l\u2019esprit d\u2019initiative<\/li>\n\n\n\n<li>Tu as l\u2019envie d\u2019apprendre autrement<\/li>\n\n\n\n<li>Tu souhaites d\u00e9couvrir l\u2019univers commercial<\/li>\n<\/ul>\n\n\n\n<p>\u2026 alors cette formation est faite pour toi !<\/p>\n\n\n\n<div class=\"wp-block-columns has-white-200-background-color has-background is-layout-flex wp-container-core-columns-is-layout-9d6595d7 wp-block-columns-is-layout-flex\">\n<div class=\"wp-block-column is-layout-flow wp-block-column-is-layout-flow\">\n<p class=\"has-text-align-left\">Apr\u00e8s une classe de 2nde professionnelle \u00ab M\u00e9tiers de la Relation Client \u00bb qui vous a permis d\u2019affirmer progressivement votre choix de sp\u00e9cialit\u00e9, d\u2019acqu\u00e9rir les premi\u00e8res comp\u00e9tences professionnelles utiles et de vous professionnaliser, vous int\u00e9grez la classe de 1\u00e8re baccalaur\u00e9at M\u00e9tiers du Commerce et de la Vente<\/p>\n\n\n\n<figure class=\"wp-block-video\"><video height=\"1080\" style=\"aspect-ratio: 1920 \/ 1080;\" width=\"1920\" controls src=\"https:\/\/www.javouhey-brest.fr\/lycee-javouhey\/wp-content\/uploads\/sites\/6\/2026\/05\/Boite-rponses-AGORA-v2-.mp4.mp4\"><\/video><\/figure>\n\n\n\n<h2 class=\"wp-block-heading has-text-align-left\">Mission<\/h2>\n\n\n\n<p>Option A : Animation et gestion de l\u2019espace commercial<\/p>\n\n\n\n<ul class=\"wp-block-list\">\n<li>A la diff\u00e9rence du titulaire du baccalaur\u00e9at professionnel option B, le titulaire du baccalaur\u00e9at professionnel M\u00e9tiers du Commerce et de la Vente option A ne se d\u00e9place pas pour aller \u00e0 la rencontre du client. C\u2019est un employ\u00e9 commercial qui intervient dans tout type d\u2019unit\u00e9 commerciale, physique ou virtuelle, afin de mettre \u00e0 disposition de la client\u00e8le les produits correspondants \u00e0 sa demande.<\/li>\n<\/ul>\n\n\n\n<p>Option B : Prospection client\u00e8le et valorisation de l\u2019offre commerciale<\/p>\n\n\n\n<ul class=\"wp-block-list\">\n<li>Le titulaire du baccalaur\u00e9at professionnel M\u00e9tiers du Commerce et de la Vente option B travaille g\u00e9n\u00e9ralement comme attach\u00e9 commercial salari\u00e9 d\u2019une entreprise, avec le statut de VRP (Voyageur Repr\u00e9sentant Placier).<\/li>\n<\/ul>\n\n\n\n<figure class=\"wp-block-image\"><img decoding=\"async\" src=\"https:\/\/www.javouhey-brest.fr\/wp-content\/uploads\/2020\/09\/PHOTO-COMMERCE-2.jpg\" alt=\"PHOTO-COMMERCE-2\" class=\"wp-image-2315\" title=\"PHOTO-COMMERCE-2 - \"\/><\/figure>\n\n\n\n<p class=\"has-text-align-left\">Pour r\u00e9aliser ses objectifs, il prospecte les clients potentiels. Il alimente son fichier informatis\u00e9 en y ajoutant des informations concernant les prospects et les clients. Lors du d\u00e9marchage, il incite ses interlocuteurs \u00e0 acheter en utilisant un argumentaire fond\u00e9 sur la documentation dont il dispose. Il peut \u00eatre amen\u00e9 \u00e0 effectuer une d\u00e9monstration et \u00e0 n\u00e9gocier les conditions de la vente. Il prend ensuite la commande. Son r\u00f4le consiste \u00e9galement \u00e0 fid\u00e9liser sa client\u00e8le.<\/p>\n\n\n\n<p><\/p>\n<\/div>\n\n\n\n<div class=\"wp-block-column is-vertically-aligned-top has-white-100-color has-lycee-background-color has-text-color has-background has-link-color wp-elements-34112cc63ca0f06f125e19e42cd4e254 is-layout-flow wp-block-column-is-layout-flow\">\n<h2 class=\"wp-block-heading\">Stages<\/h2>\n\n\n\n<p><br>Les p\u00e9riodes de formation en entreprise d\u2019une dur\u00e9e de 22 semaines sur 3 ans s\u2019effectuent dans tout type d\u2019unit\u00e9 commerciale.<\/p>\n\n\n\n<p>Les lyc\u00e9ens ayant choisi l\u2019option B Vente peuvent \u00e9galement r\u00e9aliser leurs p\u00e9riodes de formation en entreprise : de services (vente de prestations telles que l\u2019entretien, la location, l\u2019assurance, l\u2019immobilier\u2026), de production (fabrication et commercialisation de biens de consommation courante, de petits \u00e9quipements) aupr\u00e8s d\u2019une client\u00e8le de particuliers ou d\u2019utilisateurs professionnels.<\/p>\n\n\n\n<h3 class=\"wp-block-heading\">Les stages Erasmus +<\/h3>\n\n\n\n<div class=\"wp-block-buttons is-layout-flex wp-block-buttons-is-layout-flex\">\n<div class=\"wp-block-button\"><a class=\"wp-block-button__link wp-element-button\" href=\"https:\/\/www.javouhey-brest.fr\/lycee-javouhey\/wp-content\/uploads\/sites\/6\/2026\/05\/Plaquette_stage_francais.pdf\" target=\"_blank\" rel=\"noreferrer noopener\">Fran\u00e7ais<\/a><\/div>\n\n\n\n<div class=\"wp-block-button\"><a class=\"wp-block-button__link wp-element-button\" href=\"https:\/\/www.javouhey-brest.fr\/lycee-javouhey\/wp-content\/uploads\/sites\/6\/2026\/05\/Plaquette_stage_espagnol.pdf\" target=\"_blank\" rel=\"noreferrer noopener\">Espagnol<\/a><\/div>\n\n\n\n<div class=\"wp-block-button\"><a class=\"wp-block-button__link wp-element-button\" href=\"https:\/\/www.javouhey-brest.fr\/lycee-javouhey\/wp-content\/uploads\/sites\/6\/2026\/05\/Plaquette_stage_Allemand.pdf\" target=\"_blank\" rel=\"noreferrer noopener\">Allemand<\/a><\/div>\n<\/div>\n\n\n\n<div style=\"height:var(--wp--preset--spacing--medium)\" aria-hidden=\"true\" class=\"wp-block-spacer\"><\/div>\n\n\n\n<h2 class=\"wp-block-heading\">Poursuites d\u2019\u00e9tudes<\/h2>\n\n\n\n<p>Le titulaire du Baccalaur\u00e9at M\u00e9tiers du Commerce et de la Vente pourra poursuivre ses \u00e9tudes principalement en BTS ou s\u2019ins\u00e9rer dans la vie professionnelle :<\/p>\n\n\n\n<p><strong>Option A<\/strong><\/p>\n\n\n\n<ul class=\"wp-block-list\">\n<li>MC Assistance, Conseil, Vente \u00e0 distance<\/li>\n\n\n\n<li>BTS Management Commercial Op\u00e9rationnel<\/li>\n\n\n\n<li>BTS N\u00e9gociation et Digitalisation de la Relation Client<\/li>\n\n\n\n<li>BTS Gestion de la PME<\/li>\n\n\n\n<li>Insertion professionnelle<\/li>\n<\/ul>\n\n\n\n<p><strong>Option B<\/strong><\/p>\n\n\n\n<ul class=\"wp-block-list\">\n<li>BTS Management Commercial Op\u00e9rationnel<\/li>\n\n\n\n<li>BTS N\u00e9gociation et Digitalisation de la Relation Client<\/li>\n\n\n\n<li>BTS Technico-commercial<\/li>\n\n\n\n<li>BTS Professions Immobili\u00e8res<\/li>\n\n\n\n<li>BTS Communication<\/li>\n\n\n\n<li>Insertion professionnelle<\/li>\n<\/ul>\n\n\n\n<h2 class=\"wp-block-heading\">Liens utiles :<\/h2>\n\n\n\n<ul class=\"wp-block-list\">\n<li><a href=\"http:\/\/www.onisep.fr\/Ressources\/Univers-Formation\/Formations\/Lycees\/Bac-pro-Metiers-du-commerce-et-de-la-vente-option-A-animation-et-gestion-de-l-espace-commercial-ex-bac-pro-commerce\" data-type=\"link\" data-id=\"http:\/\/www.onisep.fr\/Ressources\/Univers-Formation\/Formations\/Lycees\/Bac-pro-Metiers-du-commerce-et-de-la-vente-option-A-animation-et-gestion-de-l-espace-commercial-ex-bac-pro-commerce\" target=\"_blank\" rel=\"noreferrer noopener\">Option A <\/a><\/li>\n\n\n\n<li><a href=\"http:\/\/www.onisep.fr\/Ressources\/Univers-Formation\/Formations\/Lycees\/Bac-pro-Metiers-du-commerce-et-de-la-vente-option-B-prospection-clientele-et-valorisation-de-l-offre-commerciale-ex-bac-pro-vente\" target=\"_blank\" rel=\"noreferrer noopener\">Option B<\/a><\/li>\n<\/ul>\n<\/div>\n<\/div>\n\n\n\n<p><\/p>\n","protected":false},"excerpt":{"rendered":"<p>\u2026 alors cette formation est faite pour toi ! Apr\u00e8s une classe de 2nde professionnelle \u00ab M\u00e9tiers de la Relation Client \u00bb qui vous a permis d\u2019affirmer progressivement votre choix de sp\u00e9cialit\u00e9, d\u2019acqu\u00e9rir les premi\u00e8res comp\u00e9tences professionnelles utiles et de vous professionnaliser, vous int\u00e9grez la classe de 1\u00e8re baccalaur\u00e9at M\u00e9tiers du Commerce et de la [&hellip;]<\/p>\n","protected":false},"author":3,"featured_media":0,"parent":17,"menu_order":12,"comment_status":"closed","ping_status":"closed","template":"","meta":{"_acf_changed":false,"footnotes":""},"class_list":["post-26451","page","type-page","status-publish","hentry"],"acf":[],"_links":{"self":[{"href":"https:\/\/www.javouhey-brest.fr\/lycee-javouhey\/wp-json\/wp\/v2\/pages\/26451","targetHints":{"allow":["GET"]}}],"collection":[{"href":"https:\/\/www.javouhey-brest.fr\/lycee-javouhey\/wp-json\/wp\/v2\/pages"}],"about":[{"href":"https:\/\/www.javouhey-brest.fr\/lycee-javouhey\/wp-json\/wp\/v2\/types\/page"}],"author":[{"embeddable":true,"href":"https:\/\/www.javouhey-brest.fr\/lycee-javouhey\/wp-json\/wp\/v2\/users\/3"}],"replies":[{"embeddable":true,"href":"https:\/\/www.javouhey-brest.fr\/lycee-javouhey\/wp-json\/wp\/v2\/comments?post=26451"}],"version-history":[{"count":2,"href":"https:\/\/www.javouhey-brest.fr\/lycee-javouhey\/wp-json\/wp\/v2\/pages\/26451\/revisions"}],"predecessor-version":[{"id":26504,"href":"https:\/\/www.javouhey-brest.fr\/lycee-javouhey\/wp-json\/wp\/v2\/pages\/26451\/revisions\/26504"}],"up":[{"embeddable":true,"href":"https:\/\/www.javouhey-brest.fr\/lycee-javouhey\/wp-json\/wp\/v2\/pages\/17"}],"wp:attachment":[{"href":"https:\/\/www.javouhey-brest.fr\/lycee-javouhey\/wp-json\/wp\/v2\/media?parent=26451"}],"curies":[{"name":"wp","href":"https:\/\/api.w.org\/{rel}","templated":true}]}}