{"id":26521,"date":"2026-05-11T12:31:35","date_gmt":"2026-05-11T10:31:35","guid":{"rendered":"https:\/\/www.javouhey-brest.fr\/lycee-javouhey\/?page_id=26521"},"modified":"2026-05-11T12:31:36","modified_gmt":"2026-05-11T10:31:36","slug":"stages","status":"publish","type":"page","link":"https:\/\/www.javouhey-brest.fr\/lycee-javouhey\/stages\/","title":{"rendered":"Stages"},"content":{"rendered":"\n<p class=\"has-text-align-center\">Les stages occupent une place centrale dans nos formations. Ils permettent \u00e0 nos \u00e9tudiants de mettre en pratique leurs connaissances,<br>de d\u00e9couvrir le monde professionnel et de construire leur r\u00e9seau.<\/p>\n\n\n\n<div class=\"wp-block-group is-layout-grid wp-container-core-group-is-layout-baef362d wp-block-group-is-layout-grid\">\n<div class=\"wp-block-group has-white-100-color has-luminous-vivid-orange-background-color has-text-color has-background has-link-color wp-elements-cf07246d702bced5e5e3cfe86191233c is-layout-constrained wp-block-group-is-layout-constrained\">\n<h2 class=\"wp-block-heading\">D\u00e9p\u00f4t d&rsquo;offres d&#8217;emploi et de stage<\/h2>\n\n\n\n<div class=\"wp-block-buttons is-layout-flex wp-block-buttons-is-layout-flex\">\n<div class=\"wp-block-button\"><a class=\"wp-block-button__link wp-element-button\" href=\"https:\/\/docs.google.com\/forms\/d\/e\/1FAIpQLSeWjLN8qghVU0ac3h6znLCKSB09xpIOM_WL-l1_nwCnFjVhZw\/viewform?usp=sf_link\" target=\"_blank\" rel=\"noreferrer noopener\">Je d\u00e9pose une offre<\/a><\/div>\n<\/div>\n<\/div>\n\n\n\n<div class=\"wp-block-group has-white-200-background-color has-background wp-container-content-5e2576f9 is-layout-constrained wp-block-group-is-layout-constrained\">\n<h2 class=\"wp-block-heading\">Les dates de stages des lyc\u00e9ens<\/h2>\n\n\n\n<div class=\"wp-block-buttons is-layout-flex wp-block-buttons-is-layout-flex\">\n<div class=\"wp-block-button\"><a class=\"wp-block-button__link wp-element-button\" href=\"https:\/\/www.javouhey-brest.fr\/lycee-javouhey\/wp-content\/uploads\/sites\/6\/2026\/05\/Dates_de_stage_2025_2026_LP.pdf\" target=\"_blank\" rel=\"noreferrer noopener\">Dates de stages 2025\/2026  lyc\u00e9e profesionnel<\/a><\/div>\n<\/div>\n<\/div>\n<\/div>\n","protected":false},"excerpt":{"rendered":"<p>Les stages occupent une place centrale dans nos formations. Ils permettent \u00e0 nos \u00e9tudiants de mettre en pratique leurs connaissances,de d\u00e9couvrir le monde professionnel et de construire leur r\u00e9seau. D\u00e9p\u00f4t d&rsquo;offres d&#8217;emploi et de stage Les dates de stages des lyc\u00e9ens<\/p>\n","protected":false},"author":3,"featured_media":0,"parent":0,"menu_order":1,"comment_status":"closed","ping_status":"closed","template":"","meta":{"_acf_changed":false,"footnotes":""},"class_list":["post-26521","page","type-page","status-publish","hentry"],"acf":[],"_links":{"self":[{"href":"https:\/\/www.javouhey-brest.fr\/lycee-javouhey\/wp-json\/wp\/v2\/pages\/26521","targetHints":{"allow":["GET"]}}],"collection":[{"href":"https:\/\/www.javouhey-brest.fr\/lycee-javouhey\/wp-json\/wp\/v2\/pages"}],"about":[{"href":"https:\/\/www.javouhey-brest.fr\/lycee-javouhey\/wp-json\/wp\/v2\/types\/page"}],"author":[{"embeddable":true,"href":"https:\/\/www.javouhey-brest.fr\/lycee-javouhey\/wp-json\/wp\/v2\/users\/3"}],"replies":[{"embeddable":true,"href":"https:\/\/www.javouhey-brest.fr\/lycee-javouhey\/wp-json\/wp\/v2\/comments?post=26521"}],"version-history":[{"count":1,"href":"https:\/\/www.javouhey-brest.fr\/lycee-javouhey\/wp-json\/wp\/v2\/pages\/26521\/revisions"}],"predecessor-version":[{"id":26523,"href":"https:\/\/www.javouhey-brest.fr\/lycee-javouhey\/wp-json\/wp\/v2\/pages\/26521\/revisions\/26523"}],"wp:attachment":[{"href":"https:\/\/www.javouhey-brest.fr\/lycee-javouhey\/wp-json\/wp\/v2\/media?parent=26521"}],"curies":[{"name":"wp","href":"https:\/\/api.w.org\/{rel}","templated":true}]}}