{"id":65,"date":"2025-10-24T09:43:00","date_gmt":"2025-10-24T07:43:00","guid":{"rendered":"https:\/\/www.javouhey-brest.fr\/lycee-javouhey\/?page_id=65"},"modified":"2026-05-06T11:30:16","modified_gmt":"2026-05-06T09:30:16","slug":"infos-pratiques","status":"publish","type":"page","link":"https:\/\/www.javouhey-brest.fr\/lycee-javouhey\/infos-pratiques\/","title":{"rendered":"Infos pratiques"},"content":{"rendered":"\n<div class=\"wp-block-group is-layout-constrained wp-block-group-is-layout-constrained\">\n<p class=\"has-text-align-center\"><sup>Horaires<\/sup><\/p>\n\n\n\n<h2 class=\"wp-block-heading has-text-align-center\"><strong><strong>Horaires de classe<\/strong><\/strong><\/h2>\n\n\n\n<p class=\"has-text-align-center\">Les semaines de cours vont du lundi au vendredi.<\/p>\n\n\n\n<p class=\"has-text-align-center\">D\u00e9but des cours : 8h10 ou 9h05 \/ Fin de cours : 15h55 ou 16h45<\/p>\n<\/div>\n\n\n\n<div class=\"wp-block-group is-layout-constrained wp-block-group-is-layout-constrained\">\n<p class=\"has-text-align-center\"><sup>Ressources<\/sup><\/p>\n\n\n\n<h2 class=\"wp-block-heading has-text-align-center\"><strong><strong>Nos documents \u00e0 t\u00e9l\u00e9charger<\/strong><\/strong><\/h2>\n\n\n\n<p><\/p>\n\n\n\n<div class=\"wp-block-buttons is-content-justification-center is-layout-flex wp-container-core-buttons-is-layout-16018d1d wp-block-buttons-is-layout-flex\">\n<div class=\"wp-block-button\"><a class=\"wp-block-button__link wp-element-button\" href=\"https:\/\/www.javouhey-brest.fr\/lycee-javouhey\/wp-content\/uploads\/sites\/6\/2026\/04\/Reglement_LGTP.pdf\" target=\"_blank\" rel=\"noreferrer noopener\">R\u00e8glement<\/a><\/div>\n\n\n\n<div class=\"wp-block-button\"><a class=\"wp-block-button__link wp-element-button\" href=\"https:\/\/www.javouhey-brest.fr\/lycee-javouhey\/wp-content\/uploads\/sites\/6\/2026\/04\/ParcourSup.pdf\" target=\"_blank\" rel=\"noreferrer noopener\">Information Parcoursup<\/a><\/div>\n\n\n\n<div class=\"wp-block-button\"><a class=\"wp-block-button__link wp-element-button\" href=\"https:\/\/www.javouhey-brest.fr\/lycee-javouhey\/wp-content\/uploads\/sites\/6\/2026\/04\/2024_Lettre_parents_confort_globale-1.pdf\" target=\"_blank\" rel=\"noreferrer noopener\">Mutuelle Saint-Christophe<\/a><\/div>\n\n\n\n<div class=\"wp-block-button\"><a class=\"wp-block-button__link wp-element-button\" href=\"https:\/\/www.javouhey-brest.fr\/lycee-javouhey\/wp-content\/uploads\/sites\/6\/2026\/04\/AS_lycees.pdf\" target=\"_blank\" rel=\"noreferrer noopener\">Association sportive<\/a><\/div>\n\n\n\n<div class=\"wp-block-button\"><a class=\"wp-block-button__link wp-element-button\" href=\"https:\/\/www.javouhey-brest.fr\/lycee-javouhey\/wp-content\/uploads\/sites\/6\/2026\/04\/Circulaire_de_rentree_LGTP_2025_2026.pdf\" target=\"_blank\" rel=\"noreferrer noopener\">Circulaire de rentr\u00e9e<\/a><\/div>\n\n\n\n<div class=\"wp-block-button\"><a class=\"wp-block-button__link wp-element-button\" href=\"https:\/\/www.javouhey-brest.fr\/lycee-javouhey\/wp-content\/uploads\/sites\/6\/2026\/04\/Reglement_financier_mandat-de-prelevement.pdf\" target=\"_blank\" rel=\"noreferrer noopener\">R\u00e8glement financier<\/a><\/div>\n<\/div>\n<\/div>\n\n\n\n<div class=\"wp-block-columns has-white-200-background-color has-background is-layout-flex wp-container-core-columns-is-layout-9d6595d7 wp-block-columns-is-layout-flex\">\n<div class=\"wp-block-column is-layout-flow wp-block-column-is-layout-flow\">\n<p class=\"has-text-align-left\"><sup>Tarifs<\/sup><\/p>\n\n\n\n<h2 class=\"wp-block-heading has-text-align-left\"><strong><strong>Co\u00fbt de la scolarit\u00e9<\/strong><\/strong><\/h2>\n\n\n\n<figure class=\"wp-block-table alignleft\"><table class=\"has-fixed-layout\"><tbody><tr><td class=\"has-text-align-center\" data-align=\"center\"><strong>Tarif boursier<\/strong><\/td><td class=\"has-text-align-center\" data-align=\"center\"><strong>Tarif de base<\/strong><\/td><td class=\"has-text-align-center\" data-align=\"center\"><strong><strong>Tarif volontaire<\/strong><\/strong><\/td><\/tr><tr><td class=\"has-text-align-center\" data-align=\"center\">79 \u20ac<\/td><td class=\"has-text-align-center\" data-align=\"center\">81 \u20ac<\/td><td class=\"has-text-align-center\" data-align=\"center\">85,30 \u20ac<\/td><\/tr><\/tbody><\/table><\/figure>\n\n\n\n<p>Ce tarif couvre la contribution scolaire, les cotisations diverses et tous autres frais \u00e0 l\u2019exception de ceux occasionn\u00e9s par un \u00e9ventuel voyage scolaire. Une r\u00e9duction de 50% de la contribution des familles est accord\u00e9e \u00e0 partir du 3\u00e8me enfant scolaris\u00e9 dans le groupe scolaire.<\/p>\n\n\n\n<p>Le paiement s\u2019effectue prioritairement par pr\u00e9l\u00e8vement mensuel sur 10 mois. Il peut \u00e9galement s\u2019effectuer par ch\u00e8que (selon le calendrier indiqu\u00e9<br>sur la facture de d\u00e9but d\u2019ann\u00e9e).<\/p>\n\n\n\n<p>Les familles qui rencontrent des difficult\u00e9s particuli\u00e8res doivent prendre contact avec le directeur d\u00e8s la rentr\u00e9e. Cette d\u00e9marche \u00e9vite d\u2019\u00e9ventuelles lettres de rappel et la remise du dossier \u00e0 un service de contentieux.<\/p>\n\n\n\n<h3 class=\"wp-block-heading\">Bourses Nationales du second degr\u00e9<\/h3>\n\n\n\n<p>Nos \u00e9l\u00e8ves lyc\u00e9ens peuvent b\u00e9n\u00e9ficier des bourses nationales du second degr\u00e9 dans les m\u00eames conditions que dans l\u2019enseignement public.<br>Dans le courant du second trimestre, une fiche d\u2019auto-\u00e9valuation est remise aux familles afin de d\u00e9terminer si elles peuvent y pr\u00e9tendre. Si oui un dossier de demande de bourse est disponible aupr\u00e8s du service scolarit\u00e9 du Lyc\u00e9e.<\/p>\n\n\n\n<h2 class=\"wp-block-heading\">Assurance<\/h2>\n\n\n\n<p>L\u2019\u00e9tablissement a souscrit une assurance collective aupr\u00e8s de la Mutuelle Saint Christophe. De ce fait, l\u2019\u00e9l\u00e8ve b\u00e9n\u00e9ficie automatiquement 24h\/24 d\u2019une assurance \u00ab&nbsp;individuelle-accidents&nbsp;\u00bb s\u2019il est victime d\u2019un accident sans responsable identifi\u00e9, ainsi que d\u2019une assistance en cours de voyage scolaire.<\/p>\n\n\n\n<p>Cette assurance n\u2019est pas nominale. Elle ne remplace pas l\u2019assurance responsabilit\u00e9 civile obligatoire par le chef de famille.<\/p>\n\n\n\n<p>Elle ne couvre pas les dommages caus\u00e9s \u00e0 autrui.<\/p>\n\n\n\n<p><\/p>\n\n\n\n<h2 class=\"wp-block-heading\">Permanence et \u00e9tude surveill\u00e9e<\/h2>\n\n\n\n<p>PERMANENCE<br>Une salle de permanence, \u00e9quip\u00e9e de postes informatiques, est \u00e0 la disposition des \u00e9l\u00e8ves d\u00e8s 7h30 et en fin d\u2019apr\u00e8s-midi apr\u00e8s les cours.<br>Lors de l\u2019absence d\u2019un professeur, une permanence est assur\u00e9e.<\/p>\n\n\n\n<p>ETUDE SURVEILL\u00c9E<br>L\u2019\u00e9tude surveill\u00e9e est ouverte de 16h \u00e0 18h aux \u00e9l\u00e8ves de troisi\u00e8me et seconde, d\u00e9sireux de profiter de ce temps de travail privil\u00e9gi\u00e9. L\u2019\u00e9l\u00e8ve peut s\u2019inscrire pour 1, 2 ou 3 soirs par semaine. Les inscriptions auront lieu en d\u00e9but d\u2019ann\u00e9e scolaire.<\/p>\n<\/div>\n\n\n\n<div class=\"wp-block-column is-vertically-aligned-top has-white-100-color has-lycee-background-color has-text-color has-background has-link-color wp-elements-ab8adceadab46376d0212ffb7ab9ce42 is-layout-flow wp-block-column-is-layout-flow\">\n<h3 class=\"wp-block-heading\"><strong>Restauration<\/strong><\/h3>\n\n\n\n<p>Les lyc\u00e9ens ont le choix entre une restauration au self ou \u00e0 la caf\u00e9t\u00e9ria. La caf\u00e9t\u00e9ria est ouverte de 11h30 \u00e0 13h30 sur la pause m\u00e9ridienne.<\/p>\n\n\n\n<p>L\u2019inscription pr\u00e9alable n\u2019est pas requise. Il est possible de prendre un menu complet ou de faire un choix parmi les prestations propos\u00e9es.<\/p>\n\n\n\n<p><strong>TARIFS SELF<br><\/strong>Menu complet : 5.90\u20ac<br>Entr\u00e9e-plat ou plat-dessert : 5\u20ac<\/p>\n\n\n\n<p><strong>TARIFS CAF\u00c9T\u00c9RIA<br><\/strong>Sandwich Recouvrance (mayonnaise, poulet, crudit\u00e9s) : 3.25\u20ac<br>Formule sandwich + boisson : 3.80\u20ac<\/p>\n\n\n\n<p>Tous nos produits sont pr\u00e9par\u00e9s par nos \u00e9quipes de restauration en interne. La caf\u00e9t\u00e9ria propose par ailleurs une gamme de viennoiseries, les mardis et vendredis matins.<\/p>\n\n\n\n<p><strong>PAIEMENT<br><\/strong>Le paiement se fait au moyen d\u2019une carte de restauration. Les \u00e9l\u00e8ves recevront leur carte \u00e0 la rentr\u00e9e (les \u00e9l\u00e8ves d\u00e9j\u00e0 scolaris\u00e9s dans l\u2019\u00e9tablissement conservent la carte de l\u2019ann\u00e9e pr\u00e9c\u00e9dente).<br>En cas de perte de carte, 10\u20ac seront demand\u00e9s \u00e0 l\u2019\u00e9l\u00e8ve.<\/p>\n\n\n\n<div class=\"wp-block-buttons is-layout-flex wp-block-buttons-is-layout-flex\">\n<div class=\"wp-block-button\"><a class=\"wp-block-button__link wp-element-button\" href=\"https:\/\/www.javouhey-brest.fr\/lycee-javouhey\/wp-content\/uploads\/sites\/6\/2026\/05\/Double-menu-25.webp\" target=\"_blank\" rel=\"noreferrer noopener\">Menu de la semaine<\/a><\/div>\n\n\n\n<div class=\"wp-block-button\"><a class=\"wp-block-button__link wp-element-button\" href=\"https:\/\/www.javouhey-brest.fr\/lycee-javouhey\/wp-content\/uploads\/sites\/6\/2026\/05\/ALLERGENE192026.docx\" target=\"_blank\" rel=\"noreferrer noopener\">tableau des allerg\u00e8nes<\/a><\/div>\n<\/div>\n<\/div>\n<\/div>\n\n\n\n<p><\/p>\n","protected":false},"excerpt":{"rendered":"<p>Horaires Horaires de classe Les semaines de cours vont du lundi au vendredi. D\u00e9but des cours : 8h10 ou 9h05 \/ Fin de cours : 15h55 ou 16h45 Ressources Nos documents \u00e0 t\u00e9l\u00e9charger Tarifs Co\u00fbt de la scolarit\u00e9 Tarif boursier Tarif de base Tarif volontaire 79 \u20ac 81 \u20ac 85,30 \u20ac Ce tarif couvre la [&hellip;]<\/p>\n","protected":false},"author":1,"featured_media":0,"parent":0,"menu_order":17,"comment_status":"closed","ping_status":"closed","template":"","meta":{"_acf_changed":false,"footnotes":""},"class_list":["post-65","page","type-page","status-publish","hentry"],"acf":[],"_links":{"self":[{"href":"https:\/\/www.javouhey-brest.fr\/lycee-javouhey\/wp-json\/wp\/v2\/pages\/65","targetHints":{"allow":["GET"]}}],"collection":[{"href":"https:\/\/www.javouhey-brest.fr\/lycee-javouhey\/wp-json\/wp\/v2\/pages"}],"about":[{"href":"https:\/\/www.javouhey-brest.fr\/lycee-javouhey\/wp-json\/wp\/v2\/types\/page"}],"author":[{"embeddable":true,"href":"https:\/\/www.javouhey-brest.fr\/lycee-javouhey\/wp-json\/wp\/v2\/users\/1"}],"replies":[{"embeddable":true,"href":"https:\/\/www.javouhey-brest.fr\/lycee-javouhey\/wp-json\/wp\/v2\/comments?post=65"}],"version-history":[{"count":9,"href":"https:\/\/www.javouhey-brest.fr\/lycee-javouhey\/wp-json\/wp\/v2\/pages\/65\/revisions"}],"predecessor-version":[{"id":26501,"href":"https:\/\/www.javouhey-brest.fr\/lycee-javouhey\/wp-json\/wp\/v2\/pages\/65\/revisions\/26501"}],"wp:attachment":[{"href":"https:\/\/www.javouhey-brest.fr\/lycee-javouhey\/wp-json\/wp\/v2\/media?parent=65"}],"curies":[{"name":"wp","href":"https:\/\/api.w.org\/{rel}","templated":true}]}}