{"id":96,"date":"2025-10-31T15:10:43","date_gmt":"2025-10-31T14:10:43","guid":{"rendered":"https:\/\/www.javouhey-brest.fr\/lycee-javouhey\/?page_id=96"},"modified":"2026-04-06T10:56:57","modified_gmt":"2026-04-06T08:56:57","slug":"projet-educatif","status":"publish","type":"page","link":"https:\/\/www.javouhey-brest.fr\/lycee-javouhey\/accueil\/projet-educatif\/","title":{"rendered":"Projet \u00e9ducatif"},"content":{"rendered":"\n<h2 class=\"wp-block-heading\">GRANDIR, VIVRE, R\u00c9USSIR<\/h2>\n\n\n\n<p>Le projet \u00e9ducatif du Lyc\u00e9e Javouhey s&rsquo;articule autour de trois valeurs fondamentales, formant un cercle vertueux au c\u0153ur de notre d\u00e9marche p\u00e9dagogique.<\/p>\n\n\n\n<h3 class=\"wp-block-heading\">GRANDIR<\/h3>\n\n\n\n<p>Acqu\u00e9rir des comp\u00e9tences solides, d\u00e9velopper son autonomie et son estime de soi. Nous accompagnons chaque \u00e9l\u00e8ve dans la construction de sa personnalit\u00e9 et de sa confiance, pour qu&rsquo;il devienne un acteur \u00e9clair\u00e9 de son propre parcours.<\/p>\n\n\n\n<h3 class=\"wp-block-heading\">VIVRE<\/h3>\n\n\n\n<p>Vivre ensemble dans un cadre bienveillant, solidaire et citoyen. Les activit\u00e9s artistiques, culturelles et sportives contribuent \u00e0 l&rsquo;\u00e9panouissement de chaque \u00e9l\u00e8ve et \u00e0 la coh\u00e9sion de la communaut\u00e9 \u00e9ducative. Nous formons des jeunes ouverts aux autres et au monde.<\/p>\n\n\n\n<h3 class=\"wp-block-heading\">R\u00c9USSIR<\/h3>\n\n\n\n<p>Mettre en \u0153uvre tous les moyens pour permettre \u00e0 chaque \u00e9l\u00e8ve de r\u00e9ussir, quel que soit son point de d\u00e9part. Notre engagement est de fournir un accompagnement humain, r\u00e9aliste et bienveillant, en lien constant avec les r\u00e9alit\u00e9s professionnelles de demain.<\/p>\n\n\n\n<p>Le lyc\u00e9e s&rsquo;engage \u00e0 \u00eatre un lieu o\u00f9 l&rsquo;on s&rsquo;instruit, on grandit, on r\u00e9ussit, tout en d\u00e9veloppant l&rsquo;ouverture aux autres et au monde.<\/p>\n","protected":false},"excerpt":{"rendered":"<p>GRANDIR, VIVRE, R\u00c9USSIR Le projet \u00e9ducatif du Lyc\u00e9e Javouhey s&rsquo;articule autour de trois valeurs fondamentales, formant un cercle vertueux au c\u0153ur de notre d\u00e9marche p\u00e9dagogique. GRANDIR Acqu\u00e9rir des comp\u00e9tences solides, d\u00e9velopper son autonomie et son estime de soi. Nous accompagnons chaque \u00e9l\u00e8ve dans la construction de sa personnalit\u00e9 et de sa confiance, pour qu&rsquo;il devienne [&hellip;]<\/p>\n","protected":false},"author":1,"featured_media":226,"parent":8,"menu_order":6,"comment_status":"closed","ping_status":"closed","template":"","meta":{"_acf_changed":false,"footnotes":""},"class_list":["post-96","page","type-page","status-publish","has-post-thumbnail","hentry"],"acf":[],"_links":{"self":[{"href":"https:\/\/www.javouhey-brest.fr\/lycee-javouhey\/wp-json\/wp\/v2\/pages\/96","targetHints":{"allow":["GET"]}}],"collection":[{"href":"https:\/\/www.javouhey-brest.fr\/lycee-javouhey\/wp-json\/wp\/v2\/pages"}],"about":[{"href":"https:\/\/www.javouhey-brest.fr\/lycee-javouhey\/wp-json\/wp\/v2\/types\/page"}],"author":[{"embeddable":true,"href":"https:\/\/www.javouhey-brest.fr\/lycee-javouhey\/wp-json\/wp\/v2\/users\/1"}],"replies":[{"embeddable":true,"href":"https:\/\/www.javouhey-brest.fr\/lycee-javouhey\/wp-json\/wp\/v2\/comments?post=96"}],"version-history":[{"count":7,"href":"https:\/\/www.javouhey-brest.fr\/lycee-javouhey\/wp-json\/wp\/v2\/pages\/96\/revisions"}],"predecessor-version":[{"id":245,"href":"https:\/\/www.javouhey-brest.fr\/lycee-javouhey\/wp-json\/wp\/v2\/pages\/96\/revisions\/245"}],"up":[{"embeddable":true,"href":"https:\/\/www.javouhey-brest.fr\/lycee-javouhey\/wp-json\/wp\/v2\/pages\/8"}],"wp:featuredmedia":[{"embeddable":true,"href":"https:\/\/www.javouhey-brest.fr\/lycee-javouhey\/wp-json\/wp\/v2\/media\/226"}],"wp:attachment":[{"href":"https:\/\/www.javouhey-brest.fr\/lycee-javouhey\/wp-json\/wp\/v2\/media?parent=96"}],"curies":[{"name":"wp","href":"https:\/\/api.w.org\/{rel}","templated":true}]}}