{"id":18,"date":"2025-10-24T10:12:05","date_gmt":"2025-10-24T08:12:05","guid":{"rendered":"https:\/\/www.javouhey-brest.fr\/sup-javouhey\/?page_id=18"},"modified":"2026-05-11T13:52:39","modified_gmt":"2026-05-11T11:52:39","slug":"formations","status":"publish","type":"page","link":"https:\/\/www.javouhey-brest.fr\/sup-javouhey\/formations\/","title":{"rendered":"Formations"},"content":{"rendered":"\n<p>Le Sup&rsquo;Javouhey propose une large gamme de formations sup\u00e9rieures pour construire votre parcours professionnel. Que vous souhaitiez vous orienter vers la communication, la comptabilit\u00e9, la gestion ou le management, nous disposons de la formation adapt\u00e9e \u00e0 votre projet.<\/p>\n\n\n\n<h2 class=\"wp-block-heading\">Nos formations<\/h2>\n\n\n\n<ul class=\"wp-block-list\">\n<li><strong><a href=\"https:\/\/www.javouhey-brest.fr\/sup-javouhey\/formations\/bts-communication\/\">BTS Communication<\/a><\/strong>, Ma\u00eetrisez les bases de la communication, du marketing digital et de l&rsquo;\u00e9v\u00e8nementiel.<\/li>\n\n\n\n<li><strong><a href=\"https:\/\/www.javouhey-brest.fr\/sup-javouhey\/formations\/bts-comptabilite-gestion\/\">BTS Comptabilit\u00e9 et Gestion (CG)<\/a><\/strong>, D\u00e9veloppez des comp\u00e9tences approfondies en comptabilit\u00e9 et gestion d&rsquo;entreprise.<\/li>\n\n\n\n<li><strong><a href=\"https:\/\/www.javouhey-brest.fr\/sup-javouhey\/formations\/bts-gestion-de-la-pme\/\">BTS Gestion de la PME (GPME)<\/a><\/strong>, Devenez le bras droit du dirigeant avec une forte polyvalence administrative et commerciale.<\/li>\n\n\n\n<li><strong><a href=\"https:\/\/www.javouhey-brest.fr\/sup-javouhey\/formations\/bts-support-a-laction-manageriale\/\">BTS Support \u00e0 l&rsquo;Action Manag\u00e9riale (SAM)<\/a><\/strong>, D\u00e9veloppez votre expertise en gestion de l&rsquo;information et coordination manag\u00e9riale.<\/li>\n\n\n\n<li><strong><a href=\"https:\/\/www.javouhey-brest.fr\/sup-javouhey\/formations\/dcg-diplome-de-comptabilite-et-gestion\/\">DCG<\/a><\/strong>, Dipl\u00f4me d&rsquo;\u00c9tat niveau Licence, passeport vers l&rsquo;expertise-comptable et les m\u00e9tiers de la finance.<\/li>\n\n\n\n<li><strong><a href=\"https:\/\/www.javouhey-brest.fr\/sup-javouhey\/formations\/bachelor-charge-de-marketing-et-communication\/\">Bachelor CMC<\/a><\/strong>, Charg\u00e9 de Marketing et Communication, pour piloter les strat\u00e9gies marketing en autonomie.<\/li>\n\n\n\n<li><strong><a href=\"https:\/\/www.javouhey-brest.fr\/sup-javouhey\/formations\/bachelor-responsable-de-projet-marketing-communication\/\">Bachelor Responsable de Projet Marketing Communication<\/a><\/strong><\/li>\n\n\n\n<li><strong><a href=\"https:\/\/www.javouhey-brest.fr\/sup-javouhey\/formations\/bachelor-responsable-de-mission-en-structure-dexpertise-comptable\/\">Bachelor Responsable de Mission en structure d&rsquo;Expertise Comptable<\/a><\/strong><\/li>\n\n\n\n<li><strong><a href=\"https:\/\/www.javouhey-brest.fr\/sup-javouhey\/formations\/mastere-manager-des-strategies-marketing-communication\/\">Mast\u00e8re Manager des Strat\u00e9gies Marketing &amp; Communication<\/a><\/strong><\/li>\n<\/ul>\n\n\n\n<p>Toutes nos formations sont accessibles en formation initiale ou en alternance. N&rsquo;h\u00e9sitez pas \u00e0 <a href=\"https:\/\/www.javouhey-brest.fr\/sup-javouhey\/nous-contacter\/\" data-type=\"page\" data-id=\"275\">nous contacter<\/a> pour en savoir plus sur nos modalit\u00e9s d&rsquo;admission.<\/p>\n\n\n\n<div class=\"wp-block-buttons is-layout-flex wp-block-buttons-is-layout-flex\">\n<div class=\"wp-block-button\"><a class=\"wp-block-button__link wp-element-button\" href=\"https:\/\/www.javouhey-brest.fr\/sup-javouhey\/wp-content\/uploads\/sites\/7\/2026\/05\/Plaquette_Sup_format_page.pdf\" target=\"_blank\" rel=\"noreferrer noopener\">T\u00e9l\u00e9charger notre plaquette<\/a><\/div>\n<\/div>\n","protected":false},"excerpt":{"rendered":"<p>Le Sup&rsquo;Javouhey propose une large gamme de formations sup\u00e9rieures pour construire votre parcours professionnel. Que vous souhaitiez vous orienter vers la communication, la comptabilit\u00e9, la gestion ou le management, nous disposons de la formation adapt\u00e9e \u00e0 votre projet. Nos formations Toutes nos formations sont accessibles en formation initiale ou en alternance. N&rsquo;h\u00e9sitez pas \u00e0 nous [&hellip;]<\/p>\n","protected":false},"author":1,"featured_media":0,"parent":0,"menu_order":6,"comment_status":"closed","ping_status":"closed","template":"","meta":{"_acf_changed":false,"footnotes":""},"class_list":["post-18","page","type-page","status-publish","hentry"],"acf":[],"_links":{"self":[{"href":"https:\/\/www.javouhey-brest.fr\/sup-javouhey\/wp-json\/wp\/v2\/pages\/18","targetHints":{"allow":["GET"]}}],"collection":[{"href":"https:\/\/www.javouhey-brest.fr\/sup-javouhey\/wp-json\/wp\/v2\/pages"}],"about":[{"href":"https:\/\/www.javouhey-brest.fr\/sup-javouhey\/wp-json\/wp\/v2\/types\/page"}],"author":[{"embeddable":true,"href":"https:\/\/www.javouhey-brest.fr\/sup-javouhey\/wp-json\/wp\/v2\/users\/1"}],"replies":[{"embeddable":true,"href":"https:\/\/www.javouhey-brest.fr\/sup-javouhey\/wp-json\/wp\/v2\/comments?post=18"}],"version-history":[{"count":4,"href":"https:\/\/www.javouhey-brest.fr\/sup-javouhey\/wp-json\/wp\/v2\/pages\/18\/revisions"}],"predecessor-version":[{"id":26835,"href":"https:\/\/www.javouhey-brest.fr\/sup-javouhey\/wp-json\/wp\/v2\/pages\/18\/revisions\/26835"}],"wp:attachment":[{"href":"https:\/\/www.javouhey-brest.fr\/sup-javouhey\/wp-json\/wp\/v2\/media?parent=18"}],"curies":[{"name":"wp","href":"https:\/\/api.w.org\/{rel}","templated":true}]}}