{"id":248,"date":"2025-10-31T15:20:06","date_gmt":"2025-10-31T14:20:06","guid":{"rendered":"https:\/\/www.javouhey-brest.fr\/sup-javouhey\/?page_id=248"},"modified":"2026-05-04T11:15:49","modified_gmt":"2026-05-04T09:15:49","slug":"international","status":"publish","type":"page","link":"https:\/\/www.javouhey-brest.fr\/sup-javouhey\/international\/","title":{"rendered":"International"},"content":{"rendered":"\n<div class=\"wp-block-media-text is-stacked-on-mobile has-white-100-color has-blue-100-background-color has-text-color has-background has-link-color wp-elements-ba94376bfe0cf9c6cfd92729e0387720\"><figure class=\"wp-block-media-text__media\"><img loading=\"lazy\" decoding=\"async\" width=\"1024\" height=\"648\" src=\"https:\/\/www.javouhey-brest.fr\/sup-javouhey\/wp-content\/uploads\/sites\/7\/2026\/03\/20251009_165454-1024x648.jpg\" alt=\"\" class=\"wp-image-505 size-full\" srcset=\"https:\/\/www.javouhey-brest.fr\/sup-javouhey\/wp-content\/uploads\/sites\/7\/2026\/03\/20251009_165454-1024x648.jpg 1024w, https:\/\/www.javouhey-brest.fr\/sup-javouhey\/wp-content\/uploads\/sites\/7\/2026\/03\/20251009_165454-300x190.jpg 300w, https:\/\/www.javouhey-brest.fr\/sup-javouhey\/wp-content\/uploads\/sites\/7\/2026\/03\/20251009_165454-768x486.jpg 768w, https:\/\/www.javouhey-brest.fr\/sup-javouhey\/wp-content\/uploads\/sites\/7\/2026\/03\/20251009_165454-1536x972.jpg 1536w, https:\/\/www.javouhey-brest.fr\/sup-javouhey\/wp-content\/uploads\/sites\/7\/2026\/03\/20251009_165454-2048x1296.jpg 2048w\" sizes=\"auto, (max-width: 1024px) 100vw, 1024px\" \/><\/figure><div class=\"wp-block-media-text__content\">\n<h2 class=\"wp-block-heading\">Erasmus +<\/h2>\n\n\n\n<p>Le Sup&rsquo; Javouhey a d\u00e9velopp\u00e9 un r\u00e9seau de partenariats avec des \u00e9tablissements d&rsquo;enseignement sup\u00e9rieur en Europe et \u00e0 l&rsquo;international. Ces partenariats permettent des \u00e9changes d&rsquo;\u00e9tudiants et d&rsquo;enseignants, des projets collaboratifs et des opportunit\u00e9s de mobilit\u00e9.<\/p>\n\n\n\n<p>Dans le cadre du programme Erasmus+, nous travaillons activement au d\u00e9veloppement de nouveaux partenariats pour offrir \u00e0 nos \u00e9tudiants un \u00e9ventail de destinations toujours plus large.<\/p>\n\n\n\n<p>Contactez notre coordinatrice internationale pour en savoir plus sur nos partenaires actuels et les opportunit\u00e9s de mobilit\u00e9 disponibles.<\/p>\n\n\n\n<p><\/p>\n<\/div><\/div>\n\n\n\n<div class=\"wp-block-group is-layout-grid wp-container-core-group-is-layout-baef362d wp-block-group-is-layout-grid\">\n<div class=\"wp-block-group has-white-100-color has-blue-200-background-color has-text-color has-background has-link-color wp-elements-5da6165ee6cfcb3281b4a5b34eea1cee is-layout-constrained wp-block-group-is-layout-constrained\">\n<h3 class=\"wp-block-heading\">Le mot de l&rsquo;\u00e9quipe internationale<\/h3>\n\n\n\n<p>Au groupe scolaire Javouhey, explorer le monde pour se construire est une conviction profonde. C&rsquo;est dans cet esprit que nous avons d\u00e9velopp\u00e9 des partenariats Erasmus+ avec des \u00e9tablissements europ\u00e9ens, offrant \u00e0 nos \u00e9tudiants la possibilit\u00e9 de vivre une exp\u00e9rience internationale enrichissante.<\/p>\n\n\n\n<p>Participer \u00e0 un \u00e9change Erasmus+, c&rsquo;est bien plus qu&rsquo;un s\u00e9jour \u00e0 l&rsquo;\u00e9tranger : c&rsquo;est une immersion culturelle, linguistique et humaine qui forge le caract\u00e8re, \u00e9largit les horizons et renforce l&#8217;employabilit\u00e9.<\/p>\n<\/div>\n\n\n\n<div class=\"wp-block-group has-white-100-color has-blue-100-background-color has-text-color has-background has-link-color wp-elements-8e6a933077f43a84181fff9ae0470191 is-layout-constrained wp-block-group-is-layout-constrained\">\n<h3 class=\"wp-block-heading\">Les bourses Erasmus+<\/h3>\n\n\n\n<p>Cette aide vise \u00e0 encourager et faciliter la mobilit\u00e9 internationale des jeunes en leur permettant de financer une partie de leur s\u00e9jour \u00e0 l&rsquo;\u00e9tranger. Les bourses Erasmus+ sont attribu\u00e9es selon les crit\u00e8res d\u00e9finis par l&rsquo;Agence Nationale Erasmus+ et peuvent couvrir une partie des frais de voyage et de s\u00e9jour.<\/p>\n\n\n\n<p>Les montants varient selon le pays de destination et la dur\u00e9e du s\u00e9jour. N&rsquo;h\u00e9sitez pas \u00e0 vous renseigner aupr\u00e8s de notre coordinatrice internationale pour conna\u00eetre les modalit\u00e9s d&rsquo;attribution et les montants applicables \u00e0 votre projet de mobilit\u00e9.<\/p>\n<\/div>\n\n\n\n<div class=\"wp-block-group has-white-100-color has-blue-100-background-color has-text-color has-background has-link-color wp-elements-cb0b2ad2e79f0aa753f37008036391a0 is-layout-constrained wp-block-group-is-layout-constrained\">\n<h3 class=\"wp-block-heading\">Nos partenariats europ\u00e9ens<\/h3>\n\n\n\n<p>Le Sup&rsquo; Javouhey entretient des liens avec plusieurs \u00e9tablissements partenaires en Europe. Ces partenariats permettent des \u00e9changes d&rsquo;\u00e9tudiants et d&rsquo;enseignants, des projets collaboratifs et des stages \u00e0 l&rsquo;international. d&rsquo;attribution et les montants applicables \u00e0 votre projet de mobilit\u00e9.<\/p>\n<\/div>\n\n\n\n<div class=\"wp-block-group has-white-100-color has-blue-200-background-color has-text-color has-background has-link-color wp-elements-e6559a55c41717629837fb1a87f52fcb is-layout-constrained wp-block-group-is-layout-constrained\">\n<h3 class=\"wp-block-heading\">Vous souhaitez partir en mobilit\u00e9 ?<\/h3>\n\n\n\n<p>Contactez notre \u00e9quipe internationale pour d\u00e9couvrir les destinations disponibles, les conditions de candidature et les aides auxquelles vous pouvez pr\u00e9tendre.<\/p>\n<\/div>\n<\/div>\n\n\n\n<div class=\"wp-block-columns has-white-200-background-color has-background is-layout-flex wp-container-core-columns-is-layout-9d6595d7 wp-block-columns-is-layout-flex\">\n<div class=\"wp-block-column is-layout-flow wp-block-column-is-layout-flow\">\n<figure class=\"wp-block-image size-full\"><img loading=\"lazy\" decoding=\"async\" width=\"300\" height=\"86\" src=\"https:\/\/www.javouhey-brest.fr\/sup-javouhey\/wp-content\/uploads\/sites\/7\/2026\/05\/EU-flag-Erasmus_vect_POS-300x86-1.webp\" alt=\"\" class=\"wp-image-26704\" title=\"EU-flag-Erasmus_vect_POS-300x86 - \"\/><\/figure>\n\n\n\n<p>Pour b\u00e9n\u00e9ficier d\u2019une bourse Erasmus+, il faut \u00eatre s\u00e9lectionn\u00e9 par l\u2019\u00e9tablissement pour effectuer un stage d\u2019une dur\u00e9e de 61 jours minimum dans un des pays membres du programme Erasmus +.<\/p>\n\n\n\n<p>Les stages peuvent \u00eatre r\u00e9alis\u00e9s dans un \u00e9tablissement d\u2019enseignement sup\u00e9rieur ou toute organisation publique ou priv\u00e9e active sur le march\u00e9 du travail ou dans les domaines de l\u2019\u00e9ducation, la formation et l\u2019animation socio-\u00e9ducative.<\/p>\n\n\n\n<p>Les institutions de l\u2019Union Europ\u00e9enne et les autres agences de l\u2019UE, y compris les agences sp\u00e9cialis\u00e9es, ou les organisations g\u00e9rant les programmes de l\u2019Union Europ\u00e9enne telles que les agences nationales (afin d\u2019\u00e9viter tout risque de conflit d\u2019int\u00e9r\u00eats et\/ou de double financement) ne sont pas \u00e9ligibles en tant qu\u2019\u00e9tablissements d\u2019accueil pour des stages \u00e9tudiants.<\/p>\n\n\n\n<p>Les \u00e9tudiants en situation de handicap qui souhaitent r\u00e9aliser des mobilit\u00e9s b\u00e9n\u00e9ficient de financement et d\u2019accompagnement renforc\u00e9s.<\/p>\n\n\n\n<p>L\u2019\u00e9tablissement encourage les \u00e9tudiants et le personnel \u00e0 utiliser des moyens de transport \u00e9coresponsables (voyages verts) pour le voyage et durant le s\u00e9jour. Cette sensibilisation est r\u00e9alis\u00e9e notamment lors des r\u00e9unions d\u2019information.<\/p>\n\n\n\n<div class=\"wp-block-buttons is-layout-flex wp-block-buttons-is-layout-flex\">\n<div class=\"wp-block-button\"><a class=\"wp-block-button__link wp-element-button\" href=\"https:\/\/www.javouhey-brest.fr\/sup-javouhey\/wp-content\/uploads\/sites\/7\/2026\/05\/Plaquette_stage_en_francais.pdf\" target=\"_blank\" rel=\"noreferrer noopener\">Plaquette de stage en fran\u00e7ais<\/a><\/div>\n\n\n\n<div class=\"wp-block-button\"><a class=\"wp-block-button__link wp-element-button\" href=\"https:\/\/www.javouhey-brest.fr\/sup-javouhey\/wp-content\/uploads\/sites\/7\/2026\/05\/Plaquette_stage_en_anglais.pdf\" target=\"_blank\" rel=\"noreferrer noopener\">Plaquette de stage en anglais<\/a><\/div>\n\n\n\n<div class=\"wp-block-button\"><a class=\"wp-block-button__link wp-element-button\" href=\"https:\/\/www.javouhey-brest.fr\/sup-javouhey\/wp-content\/uploads\/sites\/7\/2026\/05\/Plaquette_stage_en_espagnol.pdf\" target=\"_blank\" rel=\"noreferrer noopener\">Plaquette de stage en espagnol<\/a><\/div>\n\n\n\n<div class=\"wp-block-button\"><a class=\"wp-block-button__link wp-element-button\" href=\"https:\/\/www.javouhey-brest.fr\/sup-javouhey\/wp-content\/uploads\/sites\/7\/2026\/05\/Plaquette_stage_en_allemand.pdf\" target=\"_blank\" rel=\"noreferrer noopener\">Plaquette de stage en Allemand<\/a><\/div>\n\n\n\n<div class=\"wp-block-button\"><a class=\"wp-block-button__link wp-element-button\" href=\"https:\/\/www.javouhey-brest.fr\/sup-javouhey\/wp-content\/uploads\/sites\/7\/2026\/05\/charte-erasmus.pdf\" target=\"_blank\" rel=\"noreferrer noopener\">Charte Erasmus<\/a><\/div>\n\n\n\n<div class=\"wp-block-button\"><a class=\"wp-block-button__link wp-element-button\" href=\"https:\/\/www.javouhey-brest.fr\/sup-javouhey\/wp-content\/uploads\/sites\/7\/2026\/05\/kit_smt_2024_415-1.pdf\" target=\"_blank\" rel=\"noreferrer noopener\">Kit de mobilit\u00e9 de stage<\/a><\/div>\n<\/div>\n<\/div>\n\n\n\n<div class=\"wp-block-column is-vertically-aligned-top has-white-100-color has-blue-200-background-color has-text-color has-background has-link-color wp-elements-f5ada893e01d52efd11cb3b2584cfee7 is-layout-flow wp-block-column-is-layout-flow\">\n<h2 class=\"wp-block-heading\">\u200bLe montant de l\u2019allocation Erasmus+<\/h2>\n\n\n\n<p>L\u2019attribution est faite dans la limite du nombre de bourses annuel obtenu par le Sup\u2019Javouhey.<\/p>\n\n\n\n<p>Des bourses major\u00e9es sont pr\u00e9vues pour les \u00e9tudiants en situation de handicap.<\/p>\n\n\n\n<p>La bourse attribu\u00e9e aux \u00e9tudiants est d\u00e9termin\u00e9e en fonction du pays de destination afin de prendre en compte le co\u00fbt de la vie locale&nbsp;:<\/p>\n\n\n\n<figure class=\"wp-block-table\"><table class=\"has-white-100-color has-text-color has-link-color has-fixed-layout\"><tbody><tr><td class=\"has-text-align-center\" data-align=\"center\">Groupes<\/td><td class=\"has-text-align-center\" data-align=\"center\">Pays de destination<\/td><td class=\"has-text-align-center\" data-align=\"center\">Mobilit\u00e9 de stage<br>(montant mensuel)<\/td><\/tr><tr><td class=\"has-text-align-center\" data-align=\"center\">Groupe 1<\/td><td class=\"has-text-align-center\" data-align=\"center\">Danemark, Finlande, Islande, Liechtenstein, Luxembourg, Norv\u00e8ge, Su\u00e8de, Irlande<\/td><td class=\"has-text-align-center\" data-align=\"center\">600 \u20ac<\/td><\/tr><tr><td class=\"has-text-align-center\" data-align=\"center\">Groupe 2<\/td><td class=\"has-text-align-center\" data-align=\"center\">Allemagne, Autriche, Belgique, Chypre, Espagne, Gr\u00e8ce, Italie, Malte, Pays Bas, Portugal<\/td><td class=\"has-text-align-center\" data-align=\"center\">540 \u20ac<\/td><\/tr><tr><td class=\"has-text-align-center\" data-align=\"center\">Groupe 3<\/td><td class=\"has-text-align-center\" data-align=\"center\">Bulgarie, Croatie, Estonie, Hongrie, Lettonie, Lituanie, Mac\u00e9doine du Nord, Pologne, R\u00e9publique Tch\u00e8que, Roumanie, Serbie, Slov\u00e9nie, Slovaquie, Turquie<\/td><td class=\"has-text-align-center\" data-align=\"center\">480 \u20ac<\/td><\/tr><\/tbody><\/table><\/figure>\n<\/div>\n<\/div>\n\n\n\n<p><\/p>\n","protected":false},"excerpt":{"rendered":"<p>Erasmus + Le Sup&rsquo; Javouhey a d\u00e9velopp\u00e9 un r\u00e9seau de partenariats avec des \u00e9tablissements d&rsquo;enseignement sup\u00e9rieur en Europe et \u00e0 l&rsquo;international. Ces partenariats permettent des \u00e9changes d&rsquo;\u00e9tudiants et d&rsquo;enseignants, des projets collaboratifs et des opportunit\u00e9s de mobilit\u00e9. Dans le cadre du programme Erasmus+, nous travaillons activement au d\u00e9veloppement de nouveaux partenariats pour offrir \u00e0 nos [&hellip;]<\/p>\n","protected":false},"author":1,"featured_media":525,"parent":0,"menu_order":17,"comment_status":"closed","ping_status":"closed","template":"","meta":{"_acf_changed":false,"footnotes":""},"class_list":["post-248","page","type-page","status-publish","has-post-thumbnail","hentry"],"acf":[],"_links":{"self":[{"href":"https:\/\/www.javouhey-brest.fr\/sup-javouhey\/wp-json\/wp\/v2\/pages\/248","targetHints":{"allow":["GET"]}}],"collection":[{"href":"https:\/\/www.javouhey-brest.fr\/sup-javouhey\/wp-json\/wp\/v2\/pages"}],"about":[{"href":"https:\/\/www.javouhey-brest.fr\/sup-javouhey\/wp-json\/wp\/v2\/types\/page"}],"author":[{"embeddable":true,"href":"https:\/\/www.javouhey-brest.fr\/sup-javouhey\/wp-json\/wp\/v2\/users\/1"}],"replies":[{"embeddable":true,"href":"https:\/\/www.javouhey-brest.fr\/sup-javouhey\/wp-json\/wp\/v2\/comments?post=248"}],"version-history":[{"count":13,"href":"https:\/\/www.javouhey-brest.fr\/sup-javouhey\/wp-json\/wp\/v2\/pages\/248\/revisions"}],"predecessor-version":[{"id":26720,"href":"https:\/\/www.javouhey-brest.fr\/sup-javouhey\/wp-json\/wp\/v2\/pages\/248\/revisions\/26720"}],"wp:featuredmedia":[{"embeddable":true,"href":"https:\/\/www.javouhey-brest.fr\/sup-javouhey\/wp-json\/wp\/v2\/media\/525"}],"wp:attachment":[{"href":"https:\/\/www.javouhey-brest.fr\/sup-javouhey\/wp-json\/wp\/v2\/media?parent=248"}],"curies":[{"name":"wp","href":"https:\/\/api.w.org\/{rel}","templated":true}]}}