{"id":256,"date":"2025-10-31T15:21:26","date_gmt":"2025-10-31T14:21:26","guid":{"rendered":"https:\/\/www.javouhey-brest.fr\/sup-javouhey\/?page_id=256"},"modified":"2026-04-27T10:49:55","modified_gmt":"2026-04-27T08:49:55","slug":"vie-etudiante","status":"publish","type":"page","link":"https:\/\/www.javouhey-brest.fr\/sup-javouhey\/vie-etudiante\/","title":{"rendered":"Vie \u00e9tudiante"},"content":{"rendered":"\n<div class=\"wp-block-group is-layout-constrained wp-container-core-group-is-layout-53acd6ed wp-block-group-is-layout-constrained\">\n<p class=\"has-text-align-center\">La vie au Sup&rsquo; Javouhey ne se r\u00e9sume pas aux cours ! L&rsquo;\u00e9tablissement propose un cadre de vie riche et anim\u00e9, avec de nombreuses activit\u00e9s, associations et \u00e9v\u00e9nements tout au long de l&rsquo;ann\u00e9e.<\/p>\n<\/div>\n\n\n\n<div class=\"wp-block-group is-layout-constrained wp-block-group-is-layout-constrained\">\n<h2 class=\"wp-block-heading has-text-align-center\">Aides financi\u00e8res<\/h2>\n\n\n\n<p class=\"has-text-align-center\">De nombreuses aides sont accessibles aux \u00e9tudiants du Sup&rsquo;Javouhey pour financer leurs \u00e9tudes sup\u00e9rieures.<\/p>\n\n\n\n<div class=\"wp-block-group is-layout-grid wp-container-core-group-is-layout-baef362d wp-block-group-is-layout-grid\">\n<div class=\"wp-block-group has-white-100-color has-blue-100-background-color has-text-color has-background has-link-color wp-elements-015b362b0d616df6a2f790798912a0bf is-layout-constrained wp-block-group-is-layout-constrained\">\n<h3 class=\"wp-block-heading\">Bourses sur crit\u00e8res sociaux<\/h3>\n\n\n\n<p>Les \u00e9tudiants peuvent b\u00e9n\u00e9ficier de bourses du CROUS selon leurs ressources familiales. Les dossiers sont \u00e0 constituer via <a href=\"https:\/\/www.messervices.etudiant.gouv.fr\" target=\"_blank\" rel=\"noopener\">MesServices.etudiant.gouv.fr<\/a> avant le 15 mai pour l&rsquo;ann\u00e9e suivante.<\/p>\n<\/div>\n\n\n\n<div class=\"wp-block-group has-white-100-color has-blue-100-background-color has-text-color has-background has-link-color wp-elements-9a809ceaf4f94bf242d032f5cd6f6241 is-layout-constrained wp-block-group-is-layout-constrained\">\n<h3 class=\"wp-block-heading\">Aides r\u00e9gionales et locales<\/h3>\n\n\n\n<p>La R\u00e9gion Bretagne et la Ville de Brest proposent \u00e9galement diverses aides aux \u00e9tudiants. Renseignez-vous aupr\u00e8s de votre mairie ou du secr\u00e9tariat de l&rsquo;\u00e9tablissement.<\/p>\n<\/div>\n<\/div>\n<\/div>\n\n\n\n<div class=\"wp-block-group has-white-100-color has-blue-200-background-color has-text-color has-background has-link-color wp-elements-7ccf5a32764b82c2bee3682ee1aa513f is-layout-constrained wp-block-group-is-layout-constrained\">\n<h2 class=\"wp-block-heading\">Logement<\/h2>\n\n\n\n<p>Le CROUS de Bretagne g\u00e8re des r\u00e9sidences universitaires \u00e0 Brest. Pour candidater \u00e0 un logement CROUS, constituez votre dossier social \u00e9tudiant (DSE) sur <a href=\"https:\/\/www.messervices.etudiant.gouv.fr\" target=\"_blank\" rel=\"noopener\">MesServices.etudiant.gouv.fr<\/a>.<\/p>\n\n\n\n<p>Des r\u00e9sidences \u00e9tudiantes priv\u00e9es sont \u00e9galement disponibles \u00e0 proximit\u00e9 de l&rsquo;\u00e9tablissement. Le secr\u00e9tariat peut vous fournir une liste de contacts.<\/p>\n<\/div>\n\n\n\n<div class=\"wp-block-group has-blue-100-color has-white-200-background-color has-text-color has-background has-link-color wp-elements-f184bfc2194feb4982297f175d98679e is-layout-constrained wp-block-group-is-layout-constrained\">\n<h2 class=\"wp-block-heading\">Services aux \u00e9tudiants<\/h2>\n\n\n\n<ul class=\"wp-block-list\">\n<li><strong>Restauration<\/strong> : acc\u00e8s au restaurant scolaire de l&rsquo;\u00e9tablissement.<\/li>\n\n\n\n<li><strong>Infirmerie<\/strong> : permanence infirmi\u00e8re sur le site.<\/li>\n\n\n\n<li><strong>M\u00e9decine pr\u00e9ventive<\/strong> : via le Service de Sant\u00e9 Universitaire (SSU) du CROUS.<\/li>\n\n\n\n<li><strong>Carte \u00e9tudiante<\/strong> : d\u00e9livr\u00e9e \u00e0 l&rsquo;inscription, ouvre droit \u00e0 de nombreuses r\u00e9ductions.<\/li>\n<\/ul>\n<\/div>\n\n\n\n<div style=\"height:100px\" aria-hidden=\"true\" class=\"wp-block-spacer\"><\/div>\n\n\n\n<h2 class=\"wp-block-heading\">\u00c9v\u00e9nements<\/h2>\n\n\n\n<div class=\"wp-block-group is-layout-grid wp-container-core-group-is-layout-baef362d wp-block-group-is-layout-grid\">\n<div class=\"wp-block-group has-white-100-color has-blue-200-background-color has-text-color has-background has-link-color wp-elements-8c32885862db079f07f062651d71bb63 is-layout-constrained wp-block-group-is-layout-constrained\">\n<h3 class=\"wp-block-heading\">Journ\u00e9es Portes Ouvertes<\/h3>\n\n\n\n<p>Chaque ann\u00e9e, le Sup&rsquo;Javouhey ouvre ses portes aux futurs \u00e9tudiants et \u00e0 leurs familles. C&rsquo;est l&rsquo;occasion de rencontrer les \u00e9quipes p\u00e9dagogiques, de visiter les locaux et d&rsquo;en savoir plus sur nos formations.<\/p>\n<\/div>\n\n\n\n<div class=\"wp-block-group has-white-100-color has-blue-100-background-color has-text-color has-background has-link-color wp-elements-f955d22486b240a1049807ae3bbc9dff wp-container-content-5e2576f9 is-layout-constrained wp-block-group-is-layout-constrained\">\n<h3 class=\"wp-block-heading\">\u00c9v\u00e9nements p\u00e9dagogiques<\/h3>\n\n\n\n<p>Des interventions de professionnels, des visites d&rsquo;entreprises et des projets en partenariat avec des acteurs du tissu \u00e9conomique local sont organis\u00e9s r\u00e9guli\u00e8rement pour enrichir la formation.<\/p>\n<\/div>\n\n\n\n<div class=\"wp-block-group has-white-200-background-color has-background wp-container-content-91e0b0f7 is-layout-constrained wp-block-group-is-layout-constrained\">\n<h3 class=\"wp-block-heading\">Vie associative<\/h3>\n\n\n\n<p>Le BDE (Bureau Des \u00c9tudiants) organise des \u00e9v\u00e9nements festifs et culturels tout au long de l&rsquo;ann\u00e9e : soir\u00e9es, sorties, actions solidaires&#8230; Retrouvez le calendrier des \u00e9v\u00e9nements \u00e0 venir sur cette page.<\/p>\n\n\n\n<p>Pour \u00eatre inform\u00e9 des prochains \u00e9v\u00e9nements, suivez-nous sur nos r\u00e9seaux sociaux ou consultez r\u00e9guli\u00e8rement cette page.tissu \u00e9conomique local sont organis\u00e9s r\u00e9guli\u00e8rement pour enrichir la formation.<\/p>\n\n\n\n<div class=\"wp-block-media-text is-stacked-on-mobile\"><figure class=\"wp-block-media-text__media\"><img loading=\"lazy\" decoding=\"async\" width=\"819\" height=\"1024\" src=\"https:\/\/www.javouhey-brest.fr\/sup-javouhey\/wp-content\/uploads\/sites\/7\/2026\/03\/IMG_7398-819x1024.png\" alt=\"\" class=\"wp-image-433 size-full\" srcset=\"https:\/\/www.javouhey-brest.fr\/sup-javouhey\/wp-content\/uploads\/sites\/7\/2026\/03\/IMG_7398-819x1024.png 819w, https:\/\/www.javouhey-brest.fr\/sup-javouhey\/wp-content\/uploads\/sites\/7\/2026\/03\/IMG_7398-240x300.png 240w, https:\/\/www.javouhey-brest.fr\/sup-javouhey\/wp-content\/uploads\/sites\/7\/2026\/03\/IMG_7398-768x960.png 768w, https:\/\/www.javouhey-brest.fr\/sup-javouhey\/wp-content\/uploads\/sites\/7\/2026\/03\/IMG_7398.png 1080w\" sizes=\"auto, (max-width: 819px) 100vw, 819px\" \/><\/figure><div class=\"wp-block-media-text__content\">\n<h2 class=\"wp-block-heading\">Le BDE<\/h2>\n\n\n\n<p>Pr\u00e9sident: Enzo MARZIN DCG2<br>Tr\u00e9sori\u00e8re: Romane LE CORRE DCG2<br>Secr\u00e9taire: Emma ABASQ DCG2<br>Vice-Tr\u00e9sorier: Mathis ROUDAUT 1TS CG<br>V\u00e9rificateur aux comptes: Ewen GALERNE DCG2<\/p>\n\n\n\n<p><strong>P\u00f4le animation :<\/strong><\/p>\n\n\n\n<ul class=\"wp-block-list\">\n<li>Maewenn PEDEN 1TS GPME<\/li>\n\n\n\n<li>Nazmane MOHAMED 1TS COM<\/li>\n\n\n\n<li>Cha\u00efma BOUYAZRA DCG1<br><\/li>\n<\/ul>\n\n\n\n<p><strong>P\u00f4le communication :<\/strong><\/p>\n\n\n\n<ul class=\"wp-block-list\">\n<li>Emma PANN DCG2<\/li>\n\n\n\n<li>Camille CL\u00c9RIS DCG2<\/li>\n\n\n\n<li>Nawel CALVARIN DCG2<\/li>\n<\/ul>\n<\/div><\/div>\n<\/div>\n<\/div>\n\n\n\n<p><\/p>\n","protected":false},"excerpt":{"rendered":"<p>La vie au Sup&rsquo; Javouhey ne se r\u00e9sume pas aux cours ! L&rsquo;\u00e9tablissement propose un cadre de vie riche et anim\u00e9, avec de nombreuses activit\u00e9s, associations et \u00e9v\u00e9nements tout au long de l&rsquo;ann\u00e9e. Aides financi\u00e8res De nombreuses aides sont accessibles aux \u00e9tudiants du Sup&rsquo;Javouhey pour financer leurs \u00e9tudes sup\u00e9rieures. Bourses sur crit\u00e8res sociaux Les \u00e9tudiants [&hellip;]<\/p>\n","protected":false},"author":1,"featured_media":26648,"parent":0,"menu_order":18,"comment_status":"closed","ping_status":"closed","template":"","meta":{"_acf_changed":false,"footnotes":""},"class_list":["post-256","page","type-page","status-publish","has-post-thumbnail","hentry"],"acf":[],"_links":{"self":[{"href":"https:\/\/www.javouhey-brest.fr\/sup-javouhey\/wp-json\/wp\/v2\/pages\/256","targetHints":{"allow":["GET"]}}],"collection":[{"href":"https:\/\/www.javouhey-brest.fr\/sup-javouhey\/wp-json\/wp\/v2\/pages"}],"about":[{"href":"https:\/\/www.javouhey-brest.fr\/sup-javouhey\/wp-json\/wp\/v2\/types\/page"}],"author":[{"embeddable":true,"href":"https:\/\/www.javouhey-brest.fr\/sup-javouhey\/wp-json\/wp\/v2\/users\/1"}],"replies":[{"embeddable":true,"href":"https:\/\/www.javouhey-brest.fr\/sup-javouhey\/wp-json\/wp\/v2\/comments?post=256"}],"version-history":[{"count":7,"href":"https:\/\/www.javouhey-brest.fr\/sup-javouhey\/wp-json\/wp\/v2\/pages\/256\/revisions"}],"predecessor-version":[{"id":26647,"href":"https:\/\/www.javouhey-brest.fr\/sup-javouhey\/wp-json\/wp\/v2\/pages\/256\/revisions\/26647"}],"wp:featuredmedia":[{"embeddable":true,"href":"https:\/\/www.javouhey-brest.fr\/sup-javouhey\/wp-json\/wp\/v2\/media\/26648"}],"wp:attachment":[{"href":"https:\/\/www.javouhey-brest.fr\/sup-javouhey\/wp-json\/wp\/v2\/media?parent=256"}],"curies":[{"name":"wp","href":"https:\/\/api.w.org\/{rel}","templated":true}]}}