{"id":384,"date":"2025-11-04T14:52:52","date_gmt":"2025-11-04T13:52:52","guid":{"rendered":"https:\/\/www.javouhey-brest.fr\/sup-javouhey\/?page_id=384"},"modified":"2026-05-06T08:49:00","modified_gmt":"2026-05-06T06:49:00","slug":"taxe-dapprentissage","status":"publish","type":"page","link":"https:\/\/www.javouhey-brest.fr\/sup-javouhey\/taxe-dapprentissage\/","title":{"rendered":"Taxe d\u2019apprentissage"},"content":{"rendered":"\n<div class=\"wp-block-columns has-blue-100-color has-white-200-background-color has-text-color has-background has-link-color wp-elements-612fbd32b49ae1d8e25a535e525f23f8 is-layout-flex wp-container-core-columns-is-layout-9d6595d7 wp-block-columns-is-layout-flex\">\n<div class=\"wp-block-column is-layout-flow wp-block-column-is-layout-flow\">\n<h2 class=\"wp-block-heading\">Construire demain !<\/h2>\n\n\n\n<p>C\u2019est gr\u00e2ce au soutien de leurs entreprises partenaires que le lyc\u00e9e et le Sup\u2019Javouhey rel\u00e8vent les d\u00e9fis constants de la professionnalisation de leurs formations.<\/p>\n\n\n\n<p>\u00catre ensemble des acteurs du d\u00e9veloppement de notre<br>territoire par la recherche constante de l\u2019ad\u00e9quation emploi formation en investissant dans les outils les plus pertinents, tel est notre objectif commun en nous versant votre taxe d\u2019apprentissage.<\/p>\n<\/div>\n\n\n\n<div class=\"wp-block-column is-layout-flow wp-block-column-is-layout-flow\">\n<p>La taxe d\u2019apprentissage est vers\u00e9e par toute entreprise soumise \u00e0 l\u2019imp\u00f4t sur le revenu ou \u00e0 l\u2019imp\u00f4t sur les soci\u00e9t\u00e9s ayant son si\u00e8ge social en France et employant au moins 1 salari\u00e9.<\/p>\n\n\n\n<p>Elle est au service de la relation Ecole-Entreprise et repr\u00e9sente&nbsp;0,68% de la masse salariale.<\/p>\n\n\n\n<p>La taxe d\u2019apprentissage est repartie en deux parts :<\/p>\n\n\n\n<figure class=\"wp-block-table\"><table class=\"has-fixed-layout\"><tbody><tr><td>Financement de l\u2019apprentissage<\/td><td class=\"has-text-align-center\" data-align=\"center\">0.59%<\/td><\/tr><tr><td>Soutien et d\u00e9veloppement des formations technologiques et professionnelles initiales \u00e0 temps plein<\/td><td class=\"has-text-align-center\" data-align=\"center\">0.09%<\/td><\/tr><\/tbody><\/table><\/figure>\n<\/div>\n<\/div>\n\n\n\n<div class=\"wp-block-columns is-layout-flex wp-container-core-columns-is-layout-9d6595d7 wp-block-columns-is-layout-flex\">\n<div class=\"wp-block-column is-layout-flow wp-block-column-is-layout-flow\">\n<h2 class=\"wp-block-heading\">Comment nous verser la taxe d\u2019apprentissage<\/h2>\n\n\n\n<ul class=\"wp-block-list\">\n<li>Financement de mat\u00e9riels p\u00e9dagogiques et modernisation de l\u2019environnement num\u00e9rique de travail pour les \u00e9l\u00e8ves (renouvellement du parc informatique, mise \u00e0 jour des logiciels, acquisition de tablettes).<\/li>\n\n\n\n<li>Cr\u00e9ation d\u2019espaces professionnels de vente et d\u2019administration (salle de vente, espace de r\u00e9union, cr\u00e9ation de vitrines, espace de gestion de magasin tels que les stocks, les inventaires\u2026et espace informatis\u00e9).<\/li>\n\n\n\n<li>Cr\u00e9ation et am\u00e9nagement du p\u00f4le Sup\u2019Javouhey : mise en place d\u2019espaces et d\u2019outils partag\u00e9s \u00e9tudiants\/professeurs (espaces de travail collaboratifs innovants, calqu\u00e9s sur le monde de l\u2019entreprise tels que des \u00eelots de travail, bars \u00e0 P.C\u2026).<\/li>\n<\/ul>\n<\/div>\n\n\n\n<div class=\"wp-block-column is-layout-flow wp-block-column-is-layout-flow\">\n<h2 class=\"wp-block-heading\">A quoi sert la taxe d\u2019apprentissage&nbsp;?<\/h2>\n\n\n\n<p>Depuis 2023, vous pouvez nous soutenir via la plateforme&nbsp;<a href=\"https:\/\/www.soltea.education.gouv.fr\/espace-public\/\" target=\"_blank\" rel=\"noreferrer noopener\">SOLTEA<\/a>&nbsp;d\u00e9velopp\u00e9e par la Caisse des D\u00e9p\u00f4ts et Consignations.<\/p>\n\n\n\n<p>En vous y connectant vous pourrez affecter le solde de votre taxe d\u2019apprentissage \u00e0 notre \u00e9tablissement. Voici les codes UAI a indiquer pour nous retrouver :&nbsp;<\/p>\n\n\n\n<p><strong>Lyc\u00e9e \u2013 Javouhey (UAI\/RNE : 0292139 T ou 0290181P)<\/strong><br><strong>Siret : 777 509 217 00017<\/strong><\/p>\n<\/div>\n<\/div>\n\n\n\n<div class=\"wp-block-group is-layout-constrained wp-block-group-is-layout-constrained\">\n<h3 class=\"wp-block-heading\">Nos formations \u00e9ligibles <\/h3>\n\n\n\n<div class=\"wp-block-columns is-layout-flex wp-container-core-columns-is-layout-9d6595d7 wp-block-columns-is-layout-flex\">\n<div class=\"wp-block-column is-layout-flow wp-block-column-is-layout-flow\">\n<p><strong>Lyc\u00e9e Professionnel<\/strong><\/p>\n\n\n\n<ul class=\"wp-block-list\">\n<li>3\u00e8me Pr\u00e9pa-M\u00e9tiers<\/li>\n\n\n\n<li>BAC M\u00e9tiers de l\u2019Accueil<\/li>\n\n\n\n<li>BAC M\u00e9tiers du Commerce et de la Vente (option A et B)<\/li>\n\n\n\n<li>BAC Assistance \u00e0 la Gestion des Organisations et de leurs Activit\u00e9s<\/li>\n<\/ul>\n<\/div>\n\n\n\n<div class=\"wp-block-column is-layout-flow wp-block-column-is-layout-flow\">\n<p><strong>Enseignement Sup\u00e9rieur<\/strong><\/p>\n\n\n\n<ul class=\"wp-block-list\">\n<li><a href=\"https:\/\/www.javouhey-brest.fr\/sup-javouhey\/formations\/bts-gestion-de-la-pme\/\">BTS Gestion de la PME<\/a><\/li>\n\n\n\n<li><a href=\"https:\/\/www.javouhey-brest.fr\/sup-javouhey\/formations\/bts-support-a-laction-manageriale\/\" data-type=\"link\" data-id=\"https:\/\/www.javouhey-brest.fr\/sup-javouhey\/formations\/bts-support-a-laction-manageriale\/\">BTS Support \u00e0 l\u2019Action Manag\u00e9riale<\/a><\/li>\n\n\n\n<li><a href=\"https:\/\/www.javouhey-brest.fr\/sup-javouhey\/formations\/bts-communication\/\">BTS Communication<\/a><\/li>\n\n\n\n<li><a href=\"https:\/\/www.javouhey-brest.fr\/sup-javouhey\/formations\/bts-comptabilite-gestion\/\">BTS Comptabilit\u00e9 et Gestion<\/a><\/li>\n\n\n\n<li><a href=\"https:\/\/www.javouhey-brest.fr\/sup-javouhey\/formations\/dcg-diplome-de-comptabilite-et-gestion\/\">Dipl\u00f4me de Comptabilit\u00e9 et Gestion<\/a><\/li>\n<\/ul>\n<\/div>\n<\/div>\n<\/div>\n\n\n\n<div class=\"wp-block-buttons is-layout-flex wp-block-buttons-is-layout-flex\">\n<div class=\"wp-block-button\"><a class=\"wp-block-button__link wp-element-button\" href=\"https:\/\/www.javouhey-brest.fr\/sup-javouhey\/wp-content\/uploads\/sites\/7\/2026\/05\/Fiches.pdf\" target=\"_blank\" rel=\"noreferrer noopener\">T\u00e9l\u00e9charger la brochure<\/a><\/div>\n<\/div>\n\n\n\n<p><\/p>\n","protected":false},"excerpt":{"rendered":"<p>Construire demain ! C\u2019est gr\u00e2ce au soutien de leurs entreprises partenaires que le lyc\u00e9e et le Sup\u2019Javouhey rel\u00e8vent les d\u00e9fis constants de la professionnalisation de leurs formations. \u00catre ensemble des acteurs du d\u00e9veloppement de notreterritoire par la recherche constante de l\u2019ad\u00e9quation emploi formation en investissant dans les outils les plus pertinents, tel est notre objectif [&hellip;]<\/p>\n","protected":false},"author":1,"featured_media":389,"parent":0,"menu_order":2,"comment_status":"closed","ping_status":"closed","template":"","meta":{"_acf_changed":false,"footnotes":""},"class_list":["post-384","page","type-page","status-publish","has-post-thumbnail","hentry"],"acf":[],"_links":{"self":[{"href":"https:\/\/www.javouhey-brest.fr\/sup-javouhey\/wp-json\/wp\/v2\/pages\/384","targetHints":{"allow":["GET"]}}],"collection":[{"href":"https:\/\/www.javouhey-brest.fr\/sup-javouhey\/wp-json\/wp\/v2\/pages"}],"about":[{"href":"https:\/\/www.javouhey-brest.fr\/sup-javouhey\/wp-json\/wp\/v2\/types\/page"}],"author":[{"embeddable":true,"href":"https:\/\/www.javouhey-brest.fr\/sup-javouhey\/wp-json\/wp\/v2\/users\/1"}],"replies":[{"embeddable":true,"href":"https:\/\/www.javouhey-brest.fr\/sup-javouhey\/wp-json\/wp\/v2\/comments?post=384"}],"version-history":[{"count":22,"href":"https:\/\/www.javouhey-brest.fr\/sup-javouhey\/wp-json\/wp\/v2\/pages\/384\/revisions"}],"predecessor-version":[{"id":26777,"href":"https:\/\/www.javouhey-brest.fr\/sup-javouhey\/wp-json\/wp\/v2\/pages\/384\/revisions\/26777"}],"wp:featuredmedia":[{"embeddable":true,"href":"https:\/\/www.javouhey-brest.fr\/sup-javouhey\/wp-json\/wp\/v2\/media\/389"}],"wp:attachment":[{"href":"https:\/\/www.javouhey-brest.fr\/sup-javouhey\/wp-json\/wp\/v2\/media?parent=384"}],"curies":[{"name":"wp","href":"https:\/\/api.w.org\/{rel}","templated":true}]}}