{"id":541,"date":"2026-03-31T10:55:53","date_gmt":"2026-03-31T08:55:53","guid":{"rendered":"https:\/\/www.javouhey-brest.fr\/sup-javouhey\/?page_id=541"},"modified":"2026-05-11T06:54:49","modified_gmt":"2026-05-11T04:54:49","slug":"bts-comptabilite-gestion","status":"publish","type":"page","link":"https:\/\/www.javouhey-brest.fr\/sup-javouhey\/formations\/bts-comptabilite-gestion\/","title":{"rendered":"BTS Comptabilit\u00e9 &amp; Gestion"},"content":{"rendered":"\n<h2 class=\"wp-block-heading\">Pr\u00e9sentation de la formation<\/h2>\n\n\n\n<p>Formation g\u00e9n\u00e9raliste et exigeante, le <a href=\"https:\/\/www.javouhey-brest.fr\/sup-javouhey\/formations\/bts-communication\/\">BTS Communication<\/a> d\u00e9finit les bases de la communication et, parall\u00e8lement, forge une sensibilit\u00e9 artistique et digitale. C&rsquo;est un tremplin id\u00e9al pour poursuivre ses \u00e9tudes et se sp\u00e9cialiser dans des domaines tels que la communication, l&rsquo;\u00e9v\u00e8nementiel, le marketing, le webmarketing, le community management.<\/p>\n\n\n\n<p>Le titulaire du BTS Communication con\u00e7oit et met en \u0153uvre des op\u00e9rations de communication qui peuvent rev\u00eatir une forme publicitaire, \u00e9v\u00e8nementielle, relationnelle, dans le cadre de campagnes commerciales, institutionnelles, print et digitales. Il participe \u00e0 la cr\u00e9ation des formes et des contenus de communication externe et interne, dans le cadre de la strat\u00e9gie fix\u00e9e par la direction de l&rsquo;organisation. Son activit\u00e9 principale consiste \u00e0 produire et \u00e0 commercialiser des solutions de communication permettant de r\u00e9pondre aux attentes de publics vari\u00e9s.<\/p>\n\n\n\n<p>Les \u00e9tudiants travaillent en agences pour des annonceurs r\u00e9els. Ils b\u00e9n\u00e9ficient d&rsquo;un apprentissage intensif des logiciels de PAO, d&rsquo;une acculturation \u00e0 l&rsquo;\u00e9co-conception et au d\u00e9veloppement durable. La d\u00e9tention d&rsquo;un ordinateur portable (avec syst\u00e8me d&rsquo;exploitation Windows ou OS) est n\u00e9cessaire pour \u00eatre au plus proche des exigences professionnelles et pour une bonne conduite des projets de groupe.<\/p>\n\n\n\n<p><strong>BTS contr\u00f4l\u00e9 par l&rsquo;\u00c9tat.<\/strong><\/p>\n","protected":false},"excerpt":{"rendered":"<p>Pr\u00e9sentation de la formation Formation g\u00e9n\u00e9raliste et exigeante, le BTS Communication d\u00e9finit les bases de la communication et, parall\u00e8lement, forge une sensibilit\u00e9 artistique et digitale. C&rsquo;est un tremplin id\u00e9al pour poursuivre ses \u00e9tudes et se sp\u00e9cialiser dans des domaines tels que la communication, l&rsquo;\u00e9v\u00e8nementiel, le marketing, le webmarketing, le community management. Le titulaire du BTS [&hellip;]<\/p>\n","protected":false},"author":3,"featured_media":168,"parent":18,"menu_order":15,"comment_status":"closed","ping_status":"closed","template":"pages\/formation.php","meta":{"_acf_changed":false,"footnotes":""},"class_list":["post-541","page","type-page","status-publish","has-post-thumbnail","hentry"],"acf":[],"_links":{"self":[{"href":"https:\/\/www.javouhey-brest.fr\/sup-javouhey\/wp-json\/wp\/v2\/pages\/541","targetHints":{"allow":["GET"]}}],"collection":[{"href":"https:\/\/www.javouhey-brest.fr\/sup-javouhey\/wp-json\/wp\/v2\/pages"}],"about":[{"href":"https:\/\/www.javouhey-brest.fr\/sup-javouhey\/wp-json\/wp\/v2\/types\/page"}],"author":[{"embeddable":true,"href":"https:\/\/www.javouhey-brest.fr\/sup-javouhey\/wp-json\/wp\/v2\/users\/3"}],"replies":[{"embeddable":true,"href":"https:\/\/www.javouhey-brest.fr\/sup-javouhey\/wp-json\/wp\/v2\/comments?post=541"}],"version-history":[{"count":36,"href":"https:\/\/www.javouhey-brest.fr\/sup-javouhey\/wp-json\/wp\/v2\/pages\/541\/revisions"}],"predecessor-version":[{"id":26808,"href":"https:\/\/www.javouhey-brest.fr\/sup-javouhey\/wp-json\/wp\/v2\/pages\/541\/revisions\/26808"}],"up":[{"embeddable":true,"href":"https:\/\/www.javouhey-brest.fr\/sup-javouhey\/wp-json\/wp\/v2\/pages\/18"}],"wp:featuredmedia":[{"embeddable":true,"href":"https:\/\/www.javouhey-brest.fr\/sup-javouhey\/wp-json\/wp\/v2\/media\/168"}],"wp:attachment":[{"href":"https:\/\/www.javouhey-brest.fr\/sup-javouhey\/wp-json\/wp\/v2\/media?parent=541"}],"curies":[{"name":"wp","href":"https:\/\/api.w.org\/{rel}","templated":true}]}}