{"id":82,"date":"2025-10-27T10:07:11","date_gmt":"2025-10-27T09:07:11","guid":{"rendered":"https:\/\/www.javouhey-brest.fr\/sup-javouhey\/?page_id=82"},"modified":"2026-05-04T15:27:42","modified_gmt":"2026-05-04T13:27:42","slug":"informations-pratiques","status":"publish","type":"page","link":"https:\/\/www.javouhey-brest.fr\/sup-javouhey\/informations-pratiques\/","title":{"rendered":"Infos pratiques"},"content":{"rendered":"\n<div class=\"wp-block-media-text has-media-on-the-right is-stacked-on-mobile has-white-200-background-color has-background\"><div class=\"wp-block-media-text__content\">\n<p><sup>Accueil<\/sup><\/p>\n\n\n\n<h2 class=\"wp-block-heading\"><strong>Notre \u00e9quipe<\/strong><\/h2>\n\n\n\n<figure class=\"wp-block-table aligncenter\"><table class=\"has-fixed-layout\"><tbody><tr><td class=\"has-text-align-center\" data-align=\"center\"><strong>Direction<\/strong><\/td><td class=\"has-text-align-center\" data-align=\"center\">Mr Boulic<\/td><td class=\"has-text-align-center\" data-align=\"center\">Chef d\u2019\u00e9tablissement<\/td><td class=\"has-text-align-center\" data-align=\"center\">Sur rendez vous<\/td><\/tr><tr><td class=\"has-text-align-center\" data-align=\"center\"><strong>Direction<\/strong><\/td><td class=\"has-text-align-center\" data-align=\"center\">Marie Bellec<\/td><td class=\"has-text-align-center\" data-align=\"center\">Directrice Adjointe<\/td><td class=\"has-text-align-center\" data-align=\"center\">Sur rendez vous<\/td><\/tr><tr><td class=\"has-text-align-center\" data-align=\"center\"><strong>Vie Scolaire<\/strong><\/td><td class=\"has-text-align-center\" data-align=\"center\"><\/td><td class=\"has-text-align-center\" data-align=\"center\"><\/td><td class=\"has-text-align-center\" data-align=\"center\">7h30 &#8211; 12h00<br>13h30 &#8211; 17h00<\/td><\/tr><tr><td class=\"has-text-align-center\" data-align=\"center\">Secr\u00e9tariat<\/td><td class=\"has-text-align-center\" data-align=\"center\">Fran\u00e7oise Prigent<\/td><td class=\"has-text-align-center\" data-align=\"center\"><\/td><td class=\"has-text-align-center\" data-align=\"center\">8h00 &#8211; 12h00<br>13h15 &#8211; 17h15<br>Ferm\u00e9 le mercredi apr\u00e8s-midi.<br>Ferm\u00e9 \u00e0 16h30 le vendredi.<\/td><\/tr><\/tbody><\/table><\/figure>\n<\/div><figure class=\"wp-block-media-text__media\"><img decoding=\"async\" src=\"https:\/\/www.javouhey-brest.fr\/sup-javouhey\/wp-content\/uploads\/sites\/7\/2025\/10\/etudes-brest-1.jpeg\" alt=\"\" class=\"wp-image-85 size-full\"\/><\/figure><\/div>\n\n\n\n<div class=\"wp-block-group is-layout-constrained wp-block-group-is-layout-constrained\">\n<p class=\"has-text-align-center\"><sup>Horaires<\/sup><\/p>\n\n\n\n<h2 class=\"wp-block-heading has-text-align-center\"><strong>Horaires des cours<\/strong><\/h2>\n\n\n\n<p class=\"has-text-align-center\">Les semaines de cours vont du lundi au vendredi de 8h10 jusqu\u2019\u00e0 17h40<\/p>\n<\/div>\n\n\n\n<div class=\"wp-block-columns has-white-200-background-color has-background is-layout-flex wp-container-core-columns-is-layout-9d6595d7 wp-block-columns-is-layout-flex\">\n<div class=\"wp-block-column is-layout-flow wp-block-column-is-layout-flow\">\n<p class=\"has-text-align-left\"><sup>Tarifs<\/sup><\/p>\n\n\n\n<h2 class=\"wp-block-heading has-text-align-left\"><strong><strong>Co\u00fbt de la scolarit\u00e9<\/strong><\/strong><\/h2>\n\n\n\n<figure class=\"wp-block-table alignleft\"><table class=\"has-fixed-layout\"><tbody><tr><td class=\"has-text-align-center\" data-align=\"center\"><strong>Tarif boursier<\/strong><\/td><td class=\"has-text-align-center\" data-align=\"center\"><strong><strong>Tarif base<\/strong><\/strong><\/td><td class=\"has-text-align-center\" data-align=\"center\"><strong><strong>Tarif volontaire<\/strong><\/strong><\/td><\/tr><tr><td class=\"has-text-align-center\" data-align=\"center\">120 \u20ac<\/td><td class=\"has-text-align-center\" data-align=\"center\">124 \u20ac<\/td><td class=\"has-text-align-center\" data-align=\"center\">130,66 \u20ac<\/td><\/tr><\/tbody><\/table><\/figure>\n\n\n\n<p>Ce tarif couvre la contribution scolaire, les cotisations diverses et tous autres frais \u00e0 l\u2019exception de ceux occasionn\u00e9s par un \u00e9ventuel voyage scolaire.<\/p>\n\n\n\n<p><strong>Paiement<br><\/strong>Le paiement s\u2019effectue prioritairement par pr\u00e9l\u00e8vement mensuel. Il peut \u00e9galement s\u2019effectuer par ch\u00e8que (selon le calendrier indiqu\u00e9 sur la facture de d\u00e9but d\u2019ann\u00e9e).<\/p>\n\n\n\n<p>En cas d\u2019abandon au cours de l\u2019ann\u00e9e scolaire, tout trimestre commenc\u00e9 est d\u00fb.<\/p>\n\n\n\n<p><strong>Frais suppl\u00e9mentaire<br><\/strong>Un voyage d\u2019\u00e9tudes en BTS GPME, SAM, CG et <a href=\"https:\/\/www.javouhey-brest.fr\/sup-javouhey\/formations\/dcg-diplome-de-comptabilite-et-gestion\/\">DCG<\/a>, peut \u00eatre organis\u00e9 sur le temps de formation d\u2019un co\u00fbt qui peut varier de 30 \u00e0 40\u20ac\/mois (en fonction du projet et des actions men\u00e9es par les \u00e9tudiants).\u2028<\/p>\n\n\n\n<p>En 2\u00e8me ann\u00e9e de <a href=\"https:\/\/www.javouhey-brest.fr\/sup-javouhey\/formations\/bts-communication\/\">BTS Communication<\/a> un projet audiovisuel d\u2019un montant de 180\u20ac est factur\u00e9 en plus sur les pr\u00e9l\u00e8vements. Un voyage d\u2019\u00e9tudes en 2\u00e8me ann\u00e9e est \u00e9galement factur\u00e9, montant estim\u00e9 \u00e0 380\u20ac, susceptible d\u2019\u00eatre r\u00e9duit par des actions commerciales men\u00e9es par les \u00e9tudiants.<\/p>\n\n\n\n<h5 class=\"wp-block-heading\">Toeic<\/h5>\n\n\n\n<p>Par ailleurs, l\u2019\u00e9tablissement offre la possibilit\u00e9 de passer le TOEIC en 2\u00e8me ann\u00e9e BTS ou 3\u00e8me ann\u00e9e DCG. La pr\u00e9paration au passage du TOEIC est comprise dans la contribution scolaire mais le montant de l\u2019inscription est \u00e0 la charge du candidat pour le passage du certificat.<\/p>\n\n\n\n<div style=\"height:80px\" aria-hidden=\"true\" class=\"wp-block-spacer\"><\/div>\n<\/div>\n\n\n\n<div class=\"wp-block-column is-vertically-aligned-top has-white-100-color has-blue-100-background-color has-text-color has-background has-link-color wp-elements-241bcaf43ee3be2d9c3ae945eabf0207 is-layout-flow wp-block-column-is-layout-flow\">\n<h3 class=\"wp-block-heading\"><strong>Bourses<\/strong><\/h3>\n\n\n\n<p>Des bourses de stage peuvent \u00eatre obtenues en cours d\u2019ann\u00e9e pour les \u00e9tudiant.es qui accomplissent leur stage \u00e0 l\u2019\u00e9tranger.<\/p>\n\n\n\n<p>Tous renseignements concernant les bourses sont \u00e0 demander aupr\u00e8s de Madame Fran\u00e7oise PRIGENT, au bureau de la scolarit\u00e9.<\/p>\n\n\n\n<p>Une information sp\u00e9cifique concernant les bourses Erasmus+ vous sera d\u00e9livr\u00e9 courant septembre.<\/p>\n\n\n\n<p>Les formations sont \u00e9ligibles aux bourses de l\u2019enseignement sup\u00e9rieur, les dossiers sont \u00e0 retirer aupr\u00e8s du CROUS.<\/p>\n\n\n\n<div class=\"wp-block-buttons is-layout-flex wp-block-buttons-is-layout-flex\">\n<div class=\"wp-block-button\"><a class=\"wp-block-button__link wp-element-button\" href=\"https:\/\/www.etudiant.gouv.fr\/pid33629-cid111606\/constituez-votre-dossier-social-etudiant-dse.html\" target=\"_blank\" rel=\"noreferrer noopener\">Constituez votre DSE<\/a><\/div>\n<\/div>\n<\/div>\n<\/div>\n\n\n\n<div class=\"wp-block-media-text is-stacked-on-mobile is-image-fill-element has-white-100-color has-blue-200-background-color has-text-color has-background has-link-color wp-elements-1e50ab3ba30589d7000f92b32d49312e\"><figure class=\"wp-block-media-text__media\"><img loading=\"lazy\" decoding=\"async\" width=\"1024\" height=\"484\" src=\"https:\/\/www.javouhey-brest.fr\/sup-javouhey\/wp-content\/uploads\/sites\/7\/2026\/04\/IMG-Bachelor-CMC-PAO-1024x484.jpg\" alt=\"\" class=\"wp-image-26632 size-full\" style=\"object-position:50% 50%\" srcset=\"https:\/\/www.javouhey-brest.fr\/sup-javouhey\/wp-content\/uploads\/sites\/7\/2026\/04\/IMG-Bachelor-CMC-PAO-1024x484.jpg 1024w, https:\/\/www.javouhey-brest.fr\/sup-javouhey\/wp-content\/uploads\/sites\/7\/2026\/04\/IMG-Bachelor-CMC-PAO-300x142.jpg 300w, https:\/\/www.javouhey-brest.fr\/sup-javouhey\/wp-content\/uploads\/sites\/7\/2026\/04\/IMG-Bachelor-CMC-PAO-768x363.jpg 768w, https:\/\/www.javouhey-brest.fr\/sup-javouhey\/wp-content\/uploads\/sites\/7\/2026\/04\/IMG-Bachelor-CMC-PAO-1536x725.jpg 1536w, https:\/\/www.javouhey-brest.fr\/sup-javouhey\/wp-content\/uploads\/sites\/7\/2026\/04\/IMG-Bachelor-CMC-PAO-2048x967.jpg 2048w\" sizes=\"auto, (max-width: 1024px) 100vw, 1024px\" \/><\/figure><div class=\"wp-block-media-text__content\">\n<p><sup>\u00c9ducation<\/sup><\/p>\n\n\n\n<h2 class=\"wp-block-heading\"><strong><strong>Dates importantes<\/strong><\/strong><\/h2>\n\n\n\n<p><strong>Journ\u00e9es Sup\u2019 D\u00e9couverte \u2013 Sup\u2019 Javouhey<br><\/strong>3 ateliers obligatoires<br>Lundi 15 d\u00e9cembre 2025<br>Mercredi 04 f\u00e9vrier 2026<\/p>\n\n\n\n<p><strong>Foromap<\/strong> \u2013 Parc des Expositions, Brest Expo, Parc de Penfeld<br>Samedi 17 janvier 2026 de 9h30 \u00e0 17h<\/p>\n\n\n\n<p><strong>Azimut Brest <\/strong>\u2013 Parc des Expositions, Brest Expo, Parc de Penfeld<br>Vendredi 23 janvier 2026 de 9h \u00e0 20h<br>Samedi 24 janvier 2026 de 9h \u00e0 17h<\/p>\n\n\n\n<p><strong>Portes Ouvertes \u2013 Sup\u2019Javouhey<br><\/strong>Vendredi 06 f\u00e9vrier 2026 de 17h \u00e0 20h<br>Samedi 07 f\u00e9vrier 2026 de 09h \u00e0 12h30<\/p>\n\n\n\n<div class=\"wp-block-buttons is-layout-flex wp-block-buttons-is-layout-flex\"><\/div>\n<\/div><\/div>\n\n\n\n<div class=\"wp-block-group is-layout-constrained wp-block-group-is-layout-constrained\">\n<p class=\"has-text-align-center\"><sup>Ressources<\/sup><\/p>\n\n\n\n<h2 class=\"wp-block-heading has-text-align-center\"><strong><strong>Nos documents \u00e0 t\u00e9l\u00e9charger<\/strong><\/strong><\/h2>\n\n\n\n<div class=\"wp-block-buttons is-content-justification-center is-layout-flex wp-container-core-buttons-is-layout-16018d1d wp-block-buttons-is-layout-flex\">\n<div class=\"wp-block-button\"><a class=\"wp-block-button__link wp-element-button\" href=\"https:\/\/www.javouhey-brest.fr\/sup-javouhey\/wp-content\/uploads\/sites\/7\/2026\/04\/Assurance-maladie.pdf\" target=\"_blank\" rel=\"noreferrer noopener\">Assurance maladie<\/a><\/div>\n\n\n\n<div class=\"wp-block-button\"><a class=\"wp-block-button__link wp-element-button\" href=\"https:\/\/www.javouhey-brest.fr\/sup-javouhey\/wp-content\/uploads\/sites\/7\/2026\/04\/Reglement_financier_mandat-de-prelevement.pdf\" target=\"_blank\" rel=\"noreferrer noopener\">r\u00e8glement financier<\/a><\/div>\n\n\n\n<div class=\"wp-block-button\"><a class=\"wp-block-button__link wp-element-button\" href=\"https:\/\/www.javouhey-brest.fr\/sup-javouhey\/wp-content\/uploads\/sites\/7\/2026\/04\/Circulaire_de_rentree_sup_2025-2026.pdf\" target=\"_blank\" rel=\"noreferrer noopener\">Circulaire de rentr\u00e9e<\/a><\/div>\n\n\n\n<div class=\"wp-block-button\"><a class=\"wp-block-button__link wp-element-button\" href=\"https:\/\/www.javouhey-brest.fr\/sup-javouhey\/wp-content\/uploads\/sites\/7\/2026\/04\/guide-de-la-vie-tudiante-2025-pdf-36853.pdf\" target=\"_blank\" rel=\"noreferrer noopener\">Guide de la vie etudiante<\/a><\/div>\n\n\n\n<div class=\"wp-block-button\"><a class=\"wp-block-button__link wp-element-button\" href=\"https:\/\/www.javouhey-brest.fr\/sup-javouhey\/wp-content\/uploads\/sites\/7\/2026\/04\/2024_Lettre_parents_confort_globale-1.pdf\" target=\"_blank\" rel=\"noreferrer noopener\">Mutuelle saint-christophe<\/a><\/div>\n\n\n\n<div class=\"wp-block-button\"><a class=\"wp-block-button__link wp-element-button\" href=\"https:\/\/www.javouhey-brest.fr\/sup-javouhey\/wp-content\/uploads\/sites\/7\/2026\/04\/Contrat_d_apprentissage.pdf\" target=\"_blank\" rel=\"noreferrer noopener\">contrat d&rsquo;apprentissage<\/a><\/div>\n<\/div>\n<\/div>\n\n\n\n<div class=\"wp-block-group deco has-white-100-color has-blue-100-background-color has-text-color has-background has-link-color wp-elements-1392774c6d2eccac5e3f7864871e6930 is-layout-constrained wp-block-group-is-layout-constrained\">\n<p class=\"has-text-align-center deco\"><sup>Assurances<\/sup><\/p>\n\n\n\n<h2 class=\"wp-block-heading has-text-align-center\"><strong><strong><strong>Assurances Scolaires<\/strong><\/strong><\/strong><\/h2>\n\n\n\n<p class=\"has-text-align-center deco\">L\u2019\u00e9tablissement a souscrit une assurance collective aupr\u00e8s de la Mutuelle Saint Christophe. De ce fait, l\u2019\u00e9l\u00e8ve b\u00e9n\u00e9ficie automatiquement 24 h\/24 d\u2019une assurance \u00ab&nbsp;individuelle-accidents&nbsp;\u00bb s\u2019il est victime d\u2019un accident sans responsable identifi\u00e9, \u2028ainsi que d\u2019une assistance en cours de voyage scolaire.<\/p>\n\n\n\n<p class=\"has-text-align-center\">Cette assurance n\u2019est pas nominale. Elle ne remplace pas l\u2019assurance responsabilit\u00e9 civile obligatoire par la famille.<\/p>\n\n\n\n<p class=\"has-text-align-center\">Elle ne couvre pas les dommages caus\u00e9s \u00e0 autrui.<\/p>\n<\/div>\n","protected":false},"excerpt":{"rendered":"<p>Accueil Notre \u00e9quipe Direction Mr Boulic Chef d\u2019\u00e9tablissement Sur rendez vous Direction Marie Bellec Directrice Adjointe Sur rendez vous Vie Scolaire 7h30 &#8211; 12h0013h30 &#8211; 17h00 Secr\u00e9tariat Fran\u00e7oise Prigent 8h00 &#8211; 12h0013h15 &#8211; 17h15Ferm\u00e9 le mercredi apr\u00e8s-midi.Ferm\u00e9 \u00e0 16h30 le vendredi. Horaires Horaires des cours Les semaines de cours vont du lundi au vendredi de [&hellip;]<\/p>\n","protected":false},"author":1,"featured_media":83,"parent":0,"menu_order":19,"comment_status":"closed","ping_status":"closed","template":"","meta":{"_acf_changed":false,"footnotes":""},"class_list":["post-82","page","type-page","status-publish","has-post-thumbnail","hentry"],"acf":[],"_links":{"self":[{"href":"https:\/\/www.javouhey-brest.fr\/sup-javouhey\/wp-json\/wp\/v2\/pages\/82","targetHints":{"allow":["GET"]}}],"collection":[{"href":"https:\/\/www.javouhey-brest.fr\/sup-javouhey\/wp-json\/wp\/v2\/pages"}],"about":[{"href":"https:\/\/www.javouhey-brest.fr\/sup-javouhey\/wp-json\/wp\/v2\/types\/page"}],"author":[{"embeddable":true,"href":"https:\/\/www.javouhey-brest.fr\/sup-javouhey\/wp-json\/wp\/v2\/users\/1"}],"replies":[{"embeddable":true,"href":"https:\/\/www.javouhey-brest.fr\/sup-javouhey\/wp-json\/wp\/v2\/comments?post=82"}],"version-history":[{"count":26,"href":"https:\/\/www.javouhey-brest.fr\/sup-javouhey\/wp-json\/wp\/v2\/pages\/82\/revisions"}],"predecessor-version":[{"id":26758,"href":"https:\/\/www.javouhey-brest.fr\/sup-javouhey\/wp-json\/wp\/v2\/pages\/82\/revisions\/26758"}],"wp:featuredmedia":[{"embeddable":true,"href":"https:\/\/www.javouhey-brest.fr\/sup-javouhey\/wp-json\/wp\/v2\/media\/83"}],"wp:attachment":[{"href":"https:\/\/www.javouhey-brest.fr\/sup-javouhey\/wp-json\/wp\/v2\/media?parent=82"}],"curies":[{"name":"wp","href":"https:\/\/api.w.org\/{rel}","templated":true}]}}